{"id":2043,"date":"2017-08-06T10:17:16","date_gmt":"2017-08-06T09:17:16","guid":{"rendered":"https:\/\/www.corocalicantus.org\/\/modell-calicantus\/"},"modified":"2020-10-17T00:42:41","modified_gmt":"2020-10-16T23:42:41","slug":"modell-calicantus","status":"publish","type":"page","link":"https:\/\/www.corocalicantus.org\/de\/was-ist-calicantus\/modell-calicantus\/","title":{"rendered":"Modell Calicantus"},"content":{"rendered":"<p>[et_pb_section fb_built=&#8220;1&#8243; fullwidth=&#8220;on&#8220; module_class=&#8220;header_pagine&#8220; _builder_version=&#8220;3.29.3&#8243; background_image=&#8220;https:\/\/www.corocalicantus.org\/wp-content\/uploads\/2020\/08\/modello-min.jpg&#8220; parallax=&#8220;on&#8220; parallax_method=&#8220;off&#8220; custom_padding=&#8220;15%|||&#8220; hover_enabled=&#8220;0&#8243; bb_built=&#8220;1&#8243; _i=&#8220;0&#8243; _address=&#8220;0&#8243;][et_pb_fullwidth_post_title meta=&#8220;off&#8220; featured_image=&#8220;off&#8220; text_color=&#8220;light&#8220; text_background=&#8220;on&#8220; text_bg_color=&#8220;rgba(0,0,0,0.33)&#8220; _builder_version=&#8220;3.0.74&#8243; title_font_size=&#8220;62px&#8220; _i=&#8220;0&#8243; _address=&#8220;0.0&#8243;][\/et_pb_fullwidth_post_title][et_pb_fullwidth_menu menu_id=&#8220;10&#8243; submenu_direction=&#8220;upwards&#8220; fullwidth_menu=&#8220;off&#8220; active_link_color=&#8220;#edef81&#8243; dropdown_menu_line_color=&#8220;#ffffff&#8220; _builder_version=&#8220;3.0.66&#8243; menu_font=&#8220;|on||on|&#8220; background_color=&#8220;#f96c39&#8243; background_layout=&#8220;dark&#8220; saved_tabs=&#8220;all&#8220; _i=&#8220;1&#8243; _address=&#8220;0.1&#8243;][\/et_pb_fullwidth_menu][\/et_pb_section][et_pb_section fb_built=&#8220;1&#8243; specialty=&#8220;on&#8220; _builder_version=&#8220;3.22&#8243; bb_built=&#8220;1&#8243; _i=&#8220;1&#8243; _address=&#8220;1&#8243;][et_pb_column type=&#8220;1_2&#8243; _builder_version=&#8220;3.25&#8243; custom_padding=&#8220;|||&#8220; _i=&#8220;0&#8243; _address=&#8220;1.0&#8243; custom_padding__hover=&#8220;|||&#8220;][et_pb_text admin_label=&#8220;Un percorso unico&#8220; _builder_version=&#8220;3.27.4&#8243; module_alignment=&#8220;left&#8220; _i=&#8220;0&#8243; _address=&#8220;1.0.0&#8243;]<\/p>\n<h3>Ein einzigartiger Weg<\/h3>\n<p>Seit den 1990er Jahren ist der Chor Calicantus ein Leuchtturm, eine Stimme, die anders ist als alle anderen. Neben seiner anerkannten technischen Qualit\u00e4t und seinem wunderbaren Klang hat er in der Schweiz auch die Faszination f\u00fcr ein wenig oder schlecht bekanntes Repertoires geweckt, das von der Renaissance \u00fcber internationale Folklore bis zur ethnischen Musik und zu Jazz und Pop reicht.<\/p>\n<p>Der frische Wind, der langsam auch in unseren Breitengraden zu sp\u00fcren war, hat das Chorsingen mit Bewegung, mit Choreografien und einer erfrischenden und innovativen Inszenierung, mit bunten Kost\u00fcmen und schauspielerischen F\u00e4higkeiten bereichert.<\/p>\n<p>Seither haben viele Ch\u00f6re im Tessin und in den anderen Teilen der Schweiz versucht, Calicantus nachzueifern und sich von den Neuerungen, die Calicantus nach und nach in die schweizerische Chorszene einf\u00fchrte, inspirieren zu lassen.<br \/>\n[\/et_pb_text][et_pb_toggle title=&#8220;F\u00fcnfundzwanzig Jahre Calicantus&#8220; admin_label=&#8220;F\u00fcnfundzwanzig Jahre Calicantus&#8220; _builder_version=&#8220;3.0.105&#8243; title_text_color=&#8220;#f96c39&#8243; title_font=&#8220;|||on|&#8220; _i=&#8220;1&#8243; _address=&#8220;1.0.1&#8243;]Seit f\u00fcnfundzwanzig Jahren ist der Coro Calicantus k\u00fcnstlerisch und erzieherisch t\u00e4tig, sowohl in der Schweiz als auch im Ausland. Seine Zielsetzung ist es, junge Menschen zum Gesang hinzuf\u00fchren und kulturelle Austauschprogramme zwischen Ch\u00f6ren aus der ganzen Welt zu organisieren.\u00a0 Seit seinem Entstehen gibt Calicantus die Freude an Musik und die Energie, die von ihr ausgeht, an die unterschiedlichsten Menschen und Generationen weiter und ist so zu einem eigentlichen Beispiel des gemeinsamen Arbeitens geworden.<\/p>\n<p>Ein einzigartiges und aussergew\u00f6hnliches musikalisches und erzieherisches Laboratorium, entstanden aus einer Alchimie, die der weisen Vorstellungskraft seines Direktors und Gr\u00fcnders <a href=\"http:\/\/coca.2bee.ch\/de\/was-ist-calicantus\/der-maestro\/\"><strong>Mario Fontana<\/strong><\/a> zu verdanken ist.<br \/>\n[\/et_pb_toggle][et_pb_toggle title=&#8220;Der Erfolg&#8220; admin_label=&#8220;Der Erfolg&#8220; _builder_version=&#8220;3.0.105&#8243; title_text_color=&#8220;#f96c39&#8243; title_font=&#8220;|||on|&#8220; _i=&#8220;2&#8243; _address=&#8220;1.0.2&#8243;]W\u00e4hrend den vergangenen f\u00fcnfundzwanzig Jahren hat der Chor immer wieder Anerkennung erfahren und verschiedene erste Preise bei namhaften nationalen und internationalen Chorwettbewerben gewonnen.<\/p>\n<p>Der wichtigste Erfolg ist aber, dass es dem Chor gelungen ist, Jugendliche zu begeistern und sich f\u00fcr ein gemeinsames Ziel einzusetzen, bei dem Enthusiasmus, Leidenschaft und aktive Mitarbeit im Vordergrund stehen. Die Bem\u00fchungen in diesem Bereich werden laufend \u00fcberdacht und weiterentwickelt und gehen dahin, aus den Jugendlichen von heute die S\u00e4nger und S\u00e4ngerinnen sowie das Chorpublikum von Morgen zu machen. Die jugendlichen S\u00e4nger und S\u00e4ngerinnen bereisen Europa und die ganze Welt. Sie nehmen an zahlreichen bedeutenden Festivals teil und kommen so in Kontakt mit neuen kulturellen und k\u00fcnstlerischen Welten. Dank der nachhaltigen Arbeit des Maestros Fontana sind sie zu kulturellen Botschaftern der Schweiz geworden.<br \/>\n[\/et_pb_toggle][et_pb_toggle title=&#8220;Musik, Kultur, Gesellschaft&#8220; admin_label=&#8220;Musik, Kultur, Gesellschaft&#8220; _builder_version=&#8220;3.0.87&#8243; title_text_color=&#8220;#f96c39&#8243; title_font=&#8220;|||on|&#8220; border_style=&#8220;solid&#8220; _i=&#8220;3&#8243; _address=&#8220;1.0.3&#8243;]Musik erzieht zur Toleranz und zum Frieden. Der Sinn f\u00fcr das Gemeinsame ist ein wertvolles Element in der Erziehung der Weltb\u00fcrger von Morgen, und das Chorsingen dient daf\u00fcr als starkes Sinnbild.<\/p>\n<p>In einer Gesellschaft, die der Kultur einen wichtigen Stellenwert zuweist, sind Chor- und orchestrale Musik eine unumg\u00e4ngliche Notwendigkeit. Indem sie gef\u00f6rdert und unterst\u00fctzt wird, sind die Bedingungen gegeben, damit sich eine Gesellschaft gesund weiterentwickelt und mental \u00f6ffnet.<br \/>\n[\/et_pb_toggle][et_pb_toggle title=&#8220;Die erzieherische Bedeutung&#8220; admin_label=&#8220;Die erzieherische Bedeutung&#8220; _builder_version=&#8220;3.0.87&#8243; title_text_color=&#8220;#f96c39&#8243; title_font=&#8220;|||on|&#8220; border_style=&#8220;solid&#8220; _i=&#8220;4&#8243; _address=&#8220;1.0.4&#8243;]Der Einsatz f\u00fcr ein gemeinsames Ziel \u2013 sich einbringen, teilen k\u00f6nnen, die Andern respektieren \u2013 geht \u00fcber den gef\u00fchlsm\u00e4ssigen Wert der Musik hinaus und steht f\u00fcr Werte, an denen beharrlich und ausdauernd gearbeitet werden muss.<\/p>\n<p>Wer sich der Musik widmet, entdeckt alte Werte, die in der Seele eines jeden verborgen sind, und er kann sich an dem erfreuen, was er oder sie pers\u00f6nlich und mit anderen zusammen erreicht hat.<br \/>\n[\/et_pb_toggle][et_pb_toggle title=&#8220;Dienst an der Gemeinschaft&#8220; admin_label=&#8220;Dienst an der Gemeinschaft&#8220; _builder_version=&#8220;3.0.87&#8243; title_text_color=&#8220;#f96c39&#8243; title_font=&#8220;|||on|&#8220; border_style=&#8220;solid&#8220; _i=&#8220;5&#8243; _address=&#8220;1.0.5&#8243;]In diesem Sinne soll eine Chorschule wie Calicantus, die der Gemeinschaft seit Jahrzehnten einen bedeutenden Dienst leistet, anerkannt und unterst\u00fctzt werden.<\/p>\n<p>Gest\u00e4rkt durch seine internationale Erfahrung, durch die k\u00fcnstlerischen Resultate und der allseits anerkannten erzieherischen Bedeutung, f\u00fchrt Calicantus seine erzieherische und kulturelle Mission weiter, f\u00f6rdert den kulturellen Austausch, nimmt an Festivals aller Art teil und entwickelt einen ganzheitlichen Ansatz im Musikunterricht.<\/p>\n<p>F\u00fcr Calicantus stehen humanit\u00e4re Aktionen an erster Stelle und jedes Jahr gibt der Chor verschiedene Wohlt\u00e4tigkeitskonzerte.<\/p>\n<p>Das Privileg, Musik machen zu d\u00fcrfen, kann und muss auch dazu f\u00fchren, dass man dieses Gl\u00fcck zu sch\u00e4tzen weiss und versucht, \u00fcber das eigene Wohlergehen hinauszuschauen und herauszufinden, was anderswo passiert. So entsteht eine \u00d6kologie der Ziele, die der Musik einen m\u00fcndigeren Platz in unserem Alltag verschafft.<br \/>\n[\/et_pb_toggle][\/et_pb_column][et_pb_column type=&#8220;1_2&#8243; specialty_columns=&#8220;2&#8243; _builder_version=&#8220;3.25&#8243; custom_padding=&#8220;|||&#8220; _i=&#8220;1&#8243; _address=&#8220;1.1&#8243; custom_padding__hover=&#8220;|||&#8220;][et_pb_row_inner admin_label=&#8220;Riga&#8220; _builder_version=&#8220;3.25&#8243; _i=&#8220;0&#8243; _address=&#8220;1.1.0&#8243;][et_pb_column_inner saved_specialty_column_type=&#8220;1_2&#8243; _builder_version=&#8220;3.25&#8243; custom_padding=&#8220;|||&#8220; _i=&#8220;0&#8243; _address=&#8220;1.1.0.0&#8243; custom_padding__hover=&#8220;|||&#8220;][et_pb_video src=&#8220;https:\/\/www.youtube.com\/watch?v=8xRBZkEsNmQ&#8220; image_src=&#8220;\/\/i.ytimg.com\/vi\/8xRBZkEsNmQ\/hqdefault.jpg&#8220; _builder_version=&#8220;3.0.76&#8243; animation_style=&#8220;fade&#8220; _i=&#8220;0&#8243; _address=&#8220;1.1.0.0.0&#8243;][\/et_pb_video][\/et_pb_column_inner][\/et_pb_row_inner][et_pb_row_inner admin_label=&#8220;Riga&#8220; _builder_version=&#8220;3.25&#8243; _i=&#8220;1&#8243; _address=&#8220;1.1.1&#8243; column_structure=&#8220;1_2,1_2&#8243;][et_pb_column_inner type=&#8220;1_2&#8243; saved_specialty_column_type=&#8220;1_2&#8243; _builder_version=&#8220;3.25&#8243; custom_padding=&#8220;|||&#8220; _i=&#8220;0&#8243; _address=&#8220;1.1.1.0&#8243; custom_padding__hover=&#8220;|||&#8220;][et_pb_testimonial author=&#8220;Chormitglied&#8220; job_title=&#8220;Chor Calicantus&#8220; quote_icon_color=&#8220;#edb059&#8243; _builder_version=&#8220;3.2&#8243; text_orientation=&#8220;center&#8220; custom_css_main_element=&#8220;border-left:0px;||border-right:0px;||border-bottom:0px;&#8220; custom_css_testimonial_author=&#8220;color: #F96C39;&#8220; custom_css_testimonial_meta=&#8220;color: #F96C39;||font-style:italic;&#8220; border_width_all=&#8220;2px&#8220; border_color_all=&#8220;#edb059&#8243; border_style_all=&#8220;dotted&#8220; use_border_color=&#8220;on&#8220; border_color=&#8220;#edb059&#8243; border_width=&#8220;2px&#8220; border_style=&#8220;dotted&#8220; saved_tabs=&#8220;all&#8220; _i=&#8220;0&#8243; _address=&#8220;1.1.1.0.0&#8243;]Ich bin seit 10 Jahren im Chor und wurde vom Kind zur \u201cErwachsenen\u201d. Ich bin wirklich mit dem Chor gewachsen, k\u00f6rperlich und als Mensch.<\/p>\n<p>Ich habe viel gelernt und noch mehr erhalten und das Sch\u00f6nste dabei ist, <strong>dass ich auch gelernt habe zu geben und wirklich mit anderen zusammenzuhalten. <\/strong><br \/>\n[\/et_pb_testimonial][\/et_pb_column_inner][et_pb_column_inner type=&#8220;1_2&#8243; saved_specialty_column_type=&#8220;1_2&#8243; _builder_version=&#8220;3.25&#8243; custom_padding=&#8220;|||&#8220; _i=&#8220;1&#8243; _address=&#8220;1.1.1.1&#8243; custom_padding__hover=&#8220;|||&#8220;][et_pb_testimonial author=&#8220;Chormitglied&#8220; job_title=&#8220;Chor Calicantus&#8220; quote_icon_color=&#8220;#edb059&#8243; _builder_version=&#8220;3.2&#8243; text_orientation=&#8220;center&#8220; custom_css_main_element=&#8220;border-left:0px;||border-right:0px;||border-bottom:0px;&#8220; custom_css_testimonial_author=&#8220;color: #F96C39;&#8220; custom_css_testimonial_meta=&#8220;color: #F96C39;||font-style:italic;&#8220; border_width_all=&#8220;2px&#8220; border_color_all=&#8220;#edb059&#8243; border_style_all=&#8220;dotted&#8220; use_border_color=&#8220;on&#8220; border_color=&#8220;#edb059&#8243; border_width=&#8220;2px&#8220; border_style=&#8220;dotted&#8220; saved_tabs=&#8220;all&#8220; _i=&#8220;0&#8243; _address=&#8220;1.1.1.1.0&#8243;]Oft machen sich meine Freundinnen \u00fcber mich lustig, weil ich in einem Chor singe, aber sie k\u00f6nnen nicht begreifen, was es bedeutet, <strong>eine Passion zu haben, ihr nachzugehen, zu lernen und zudem mit so vielen wunderbaren Menschen zusammen zu sein<\/strong>!<br \/>\n[\/et_pb_testimonial][\/et_pb_column_inner][\/et_pb_row_inner][\/et_pb_column][\/et_pb_section][et_pb_section fb_built=&#8220;1&#8243; admin_label=&#8220;section&#8220; _builder_version=&#8220;3.22&#8243; background_color=&#8220;#f96c39&#8243; global_module=&#8220;208&#8243; bb_built=&#8220;1&#8243; _i=&#8220;0&#8243; _address=&#8220;2&#8243;][et_pb_row _builder_version=&#8220;3.25&#8243; background_size=&#8220;initial&#8220; background_position=&#8220;top_left&#8220; background_repeat=&#8220;repeat&#8220; custom_padding=&#8220;0%||0px|&#8220; _i=&#8220;0&#8243; _address=&#8220;2.0&#8243;][et_pb_column type=&#8220;4_4&#8243; _builder_version=&#8220;3.25&#8243; custom_padding=&#8220;|||&#8220; _i=&#8220;0&#8243; _address=&#8220;2.0.0&#8243; custom_padding__hover=&#8220;|||&#8220;][et_pb_text _builder_version=&#8220;3.27.4&#8243; text_font=&#8220;|||on|&#8220; text_letter_spacing=&#8220;1px&#8220; background_layout=&#8220;dark&#8220; custom_margin=&#8220;||1%|&#8220; custom_css_main_element=&#8220;border-bottom:2px dotted #fff;&#8220; _i=&#8220;0&#8243; _address=&#8220;2.0.0.0&#8243;]<\/p>\n<h1 style=\"text-align: center;\">\nEntdecke unsere Ch\u00f6re<br \/>\n<\/h1>\n<p>[\/et_pb_text][\/et_pb_column][\/et_pb_row][et_pb_row column_structure=&#8220;1_3,1_3,1_3&#8243; use_custom_gutter=&#8220;on&#8220; make_equal=&#8220;on&#8220; admin_label=&#8220;row&#8220; _builder_version=&#8220;3.25&#8243; background_size=&#8220;initial&#8220; background_position=&#8220;top_left&#8220; background_repeat=&#8220;repeat&#8220; custom_padding=&#8220;1%||1%|&#8220; _i=&#8220;1&#8243; _address=&#8220;2.1&#8243;][et_pb_column type=&#8220;1_3&#8243; _builder_version=&#8220;3.25&#8243; background_position=&#8220;top_left&#8220; custom_padding=&#8220;|||&#8220; _i=&#8220;0&#8243; _address=&#8220;2.1.0&#8243; custom_padding__hover=&#8220;|||&#8220;][et_pb_text _builder_version=&#8220;3.27.4&#8243; text_font=&#8220;|on|||&#8220; text_orientation=&#8220;center&#8220; background_layout=&#8220;dark&#8220; _i=&#8220;0&#8243; _address=&#8220;2.1.0.0&#8243;]<\/p>\n<p>\nvon 2 bis 6 Jahren\n<\/p>\n<p>[\/et_pb_text][et_pb_image src=&#8220;https:\/\/www.corocalicantus.org\/wp-content\/uploads\/per_i_piu_piccoli.jpg&#8220; align=&#8220;center&#8220; align_tablet=&#8220;center&#8220; align_last_edited=&#8220;on|desktop&#8220; _builder_version=&#8220;3.27.3&#8243; animation_style=&#8220;fade&#8220; border_style=&#8220;solid&#8220; _i=&#8220;1&#8243; _address=&#8220;2.1.0.1&#8243;][\/et_pb_image][et_pb_text _builder_version=&#8220;3.27.4&#8243; text_font=&#8220;|on|||&#8220; text_orientation=&#8220;center&#8220; background_layout=&#8220;dark&#8220; animation_style=&#8220;fade&#8220; _i=&#8220;2&#8243; _address=&#8220;2.1.0.2&#8243;]<\/p>\n<h2>F\u00fcr die Kleinsten<\/h2>\n<ul>\n<li><a style=\"color: #ffffff;\" href=\"https:\/\/www.corocalicantus.org\/de\/die-chore\/fur-die-kleinsten\/\">Begegnungen Eltern-Kind<\/a><\/li>\n<li><a style=\"color: #ffffff;\" href=\"https:\/\/www.corocalicantus.org\/de\/die-chore\/fur-die-kleinsten\/#iniziazione\">Stimmliche und rhythmische Einf\u00fchrung<\/a><\/li>\n<\/ul>\n<p>[\/et_pb_text][\/et_pb_column][et_pb_column type=&#8220;1_3&#8243; _builder_version=&#8220;3.25&#8243; background_position=&#8220;top_left&#8220; custom_padding=&#8220;|||&#8220; _i=&#8220;1&#8243; _address=&#8220;2.1.1&#8243; custom_padding__hover=&#8220;|||&#8220;][et_pb_text _builder_version=&#8220;3.27.4&#8243; text_font=&#8220;|on|||&#8220; text_orientation=&#8220;center&#8220; background_layout=&#8220;dark&#8220; _i=&#8220;0&#8243; _address=&#8220;2.1.1.0&#8243;]<\/p>\n<p>\nvon 7 bis 11 Jahren\n<\/p>\n<p>[\/et_pb_text][et_pb_image src=&#8220;https:\/\/www.corocalicantus.org\/wp-content\/uploads\/coro_preparatorio_1.jpg&#8220; align=&#8220;center&#8220; align_tablet=&#8220;center&#8220; align_last_edited=&#8220;on|desktop&#8220; _builder_version=&#8220;3.23&#8243; animation_style=&#8220;fade&#8220; border_style=&#8220;solid&#8220; _i=&#8220;1&#8243; _address=&#8220;2.1.1.1&#8243;][\/et_pb_image][et_pb_text _builder_version=&#8220;3.27.4&#8243; text_font=&#8220;|on|||&#8220; text_orientation=&#8220;center&#8220; background_layout=&#8220;dark&#8220; animation_style=&#8220;fade&#8220; _i=&#8220;2&#8243; _address=&#8220;2.1.1.2&#8243;]<\/p>\n<h2>Vorbereitungschor<\/h2>\n<ul>\n<li><a style=\"color: #ffffff;\" href=\"https:\/\/www.corocalicantus.org\/de\/die-chore\/vorbereitungschor-1\/\">Gemme del Calicantus<\/a><\/li>\n<li><a style=\"color: #ffffff;\" href=\"https:\/\/www.corocalicantus.org\/de\/die-chore\/vorbereitungschor-2\/\">Boccioli del Calicantus<\/a><\/li>\n<li>Fiori del Calicantus<\/li>\n<\/ul>\n<p>[\/et_pb_text][\/et_pb_column][et_pb_column type=&#8220;1_3&#8243; _builder_version=&#8220;3.25&#8243; background_position=&#8220;top_left&#8220; custom_padding=&#8220;|||&#8220; _i=&#8220;2&#8243; _address=&#8220;2.1.2&#8243; custom_padding__hover=&#8220;|||&#8220;][et_pb_text _builder_version=&#8220;3.27.4&#8243; text_font=&#8220;|on|||&#8220; text_orientation=&#8220;center&#8220; background_layout=&#8220;dark&#8220; _i=&#8220;0&#8243; _address=&#8220;2.1.2.0&#8243;]<\/p>\n<p>\nvon 10 bis 18 Jahren\n<\/p>\n<p>[\/et_pb_text][et_pb_image src=&#8220;https:\/\/www.corocalicantus.org\/wp-content\/uploads\/coro_principale.jpg&#8220; align=&#8220;center&#8220; align_tablet=&#8220;center&#8220; align_last_edited=&#8220;on|desktop&#8220; _builder_version=&#8220;3.23&#8243; animation_style=&#8220;fade&#8220; border_style=&#8220;solid&#8220; _i=&#8220;1&#8243; _address=&#8220;2.1.2.1&#8243;][\/et_pb_image][et_pb_text _builder_version=&#8220;3.27.4&#8243; text_font=&#8220;|on|||&#8220; text_orientation=&#8220;center&#8220; background_layout=&#8220;dark&#8220; animation_style=&#8220;fade&#8220; _i=&#8220;2&#8243; _address=&#8220;2.1.2.2&#8243;]<\/p>\n<h2>Hauptchor<\/h2>\n<ul>\n<li><a style=\"color: #ffffff;\" href=\"https:\/\/www.corocalicantus.org\/de\/die-chore\/hauptchor\/\">Entdecke den Chor<\/a><\/li>\n<\/ul>\n<p>[\/et_pb_text][\/et_pb_column][\/et_pb_row][\/et_pb_section]<\/p>\n","protected":false},"excerpt":{"rendered":"<p>Ein einzigartiger Weg Seit den 1990er Jahren ist der Chor Calicantus ein Leuchtturm, eine Stimme, die anders ist als alle anderen. Neben seiner anerkannten technischen Qualit\u00e4t und seinem wunderbaren Klang hat er in der Schweiz auch die Faszination f\u00fcr ein wenig oder schlecht bekanntes Repertoires geweckt, das von der Renaissance \u00fcber internationale Folklore bis zur [&hellip;]<\/p>\n","protected":false},"author":1,"featured_media":0,"parent":2328,"menu_order":0,"comment_status":"closed","ping_status":"closed","template":"","meta":{"_et_pb_use_builder":"on","_et_pb_old_content":"","_et_gb_content_width":"","footnotes":""},"class_list":["post-2043","page","type-page","status-publish","hentry"],"yoast_head":"<!-- This site is optimized with the Yoast SEO plugin v24.6 - https:\/\/yoast.com\/wordpress\/plugins\/seo\/ -->\n<title>Modell Calicantus | Coro Calicantus<\/title>\n<meta name=\"robots\" content=\"index, follow, max-snippet:-1, max-image-preview:large, max-video-preview:-1\" \/>\n<link rel=\"canonical\" href=\"https:\/\/www.corocalicantus.org\/de\/was-ist-calicantus\/modell-calicantus\/\" \/>\n<meta property=\"og:locale\" content=\"de_DE\" \/>\n<meta property=\"og:type\" content=\"article\" \/>\n<meta property=\"og:title\" content=\"Modell Calicantus | Coro Calicantus\" \/>\n<meta property=\"og:description\" content=\"Ein einzigartiger Weg Seit den 1990er Jahren ist der Chor Calicantus ein Leuchtturm, eine Stimme, die anders ist als alle anderen. Neben seiner anerkannten technischen Qualit\u00e4t und seinem wunderbaren Klang hat er in der Schweiz auch die Faszination f\u00fcr ein wenig oder schlecht bekanntes Repertoires geweckt, das von der Renaissance \u00fcber internationale Folklore bis zur [&hellip;]\" \/>\n<meta property=\"og:url\" content=\"https:\/\/www.corocalicantus.org\/de\/was-ist-calicantus\/modell-calicantus\/\" \/>\n<meta property=\"og:site_name\" content=\"Coro Calicantus\" \/>\n<meta property=\"article:publisher\" content=\"https:\/\/www.facebook.com\/corocalicantuslocarnoticino\/\" \/>\n<meta property=\"article:modified_time\" content=\"2020-10-16T23:42:41+00:00\" \/>\n<meta name=\"twitter:card\" content=\"summary_large_image\" \/>\n<meta name=\"twitter:label1\" content=\"Gesch\u00e4tzte Lesezeit\" \/>\n\t<meta name=\"twitter:data1\" content=\"9\u00a0Minuten\" \/>\n<script type=\"application\/ld+json\" class=\"yoast-schema-graph\">{\"@context\":\"https:\/\/schema.org\",\"@graph\":[{\"@type\":\"WebPage\",\"@id\":\"https:\/\/www.corocalicantus.org\/de\/was-ist-calicantus\/modell-calicantus\/\",\"url\":\"https:\/\/www.corocalicantus.org\/de\/was-ist-calicantus\/modell-calicantus\/\",\"name\":\"Modell Calicantus | Coro Calicantus\",\"isPartOf\":{\"@id\":\"https:\/\/www.corocalicantus.org\/#website\"},\"datePublished\":\"2017-08-06T09:17:16+00:00\",\"dateModified\":\"2020-10-16T23:42:41+00:00\",\"breadcrumb\":{\"@id\":\"https:\/\/www.corocalicantus.org\/de\/was-ist-calicantus\/modell-calicantus\/#breadcrumb\"},\"inLanguage\":\"de\",\"potentialAction\":[{\"@type\":\"ReadAction\",\"target\":[\"https:\/\/www.corocalicantus.org\/de\/was-ist-calicantus\/modell-calicantus\/\"]}]},{\"@type\":\"BreadcrumbList\",\"@id\":\"https:\/\/www.corocalicantus.org\/de\/was-ist-calicantus\/modell-calicantus\/#breadcrumb\",\"itemListElement\":[{\"@type\":\"ListItem\",\"position\":1,\"name\":\"Home\",\"item\":\"https:\/\/www.corocalicantus.org\/de\/\"},{\"@type\":\"ListItem\",\"position\":2,\"name\":\"Was ist Calicantus?\",\"item\":\"https:\/\/www.corocalicantus.org\/de\/was-ist-calicantus\/\"},{\"@type\":\"ListItem\",\"position\":3,\"name\":\"Modell Calicantus\"}]},{\"@type\":\"WebSite\",\"@id\":\"https:\/\/www.corocalicantus.org\/#website\",\"url\":\"https:\/\/www.corocalicantus.org\/\",\"name\":\"Coro Calicantus\",\"description\":\"Scopri la magia della musica\",\"potentialAction\":[{\"@type\":\"SearchAction\",\"target\":{\"@type\":\"EntryPoint\",\"urlTemplate\":\"https:\/\/www.corocalicantus.org\/?s={search_term_string}\"},\"query-input\":{\"@type\":\"PropertyValueSpecification\",\"valueRequired\":true,\"valueName\":\"search_term_string\"}}],\"inLanguage\":\"de\"}]}<\/script>\n<!-- \/ Yoast SEO plugin. -->","yoast_head_json":{"title":"Modell Calicantus | Coro Calicantus","robots":{"index":"index","follow":"follow","max-snippet":"max-snippet:-1","max-image-preview":"max-image-preview:large","max-video-preview":"max-video-preview:-1"},"canonical":"https:\/\/www.corocalicantus.org\/de\/was-ist-calicantus\/modell-calicantus\/","og_locale":"de_DE","og_type":"article","og_title":"Modell Calicantus | Coro Calicantus","og_description":"Ein einzigartiger Weg Seit den 1990er Jahren ist der Chor Calicantus ein Leuchtturm, eine Stimme, die anders ist als alle anderen. Neben seiner anerkannten technischen Qualit\u00e4t und seinem wunderbaren Klang hat er in der Schweiz auch die Faszination f\u00fcr ein wenig oder schlecht bekanntes Repertoires geweckt, das von der Renaissance \u00fcber internationale Folklore bis zur [&hellip;]","og_url":"https:\/\/www.corocalicantus.org\/de\/was-ist-calicantus\/modell-calicantus\/","og_site_name":"Coro Calicantus","article_publisher":"https:\/\/www.facebook.com\/corocalicantuslocarnoticino\/","article_modified_time":"2020-10-16T23:42:41+00:00","twitter_card":"summary_large_image","twitter_misc":{"Gesch\u00e4tzte Lesezeit":"9\u00a0Minuten"},"schema":{"@context":"https:\/\/schema.org","@graph":[{"@type":"WebPage","@id":"https:\/\/www.corocalicantus.org\/de\/was-ist-calicantus\/modell-calicantus\/","url":"https:\/\/www.corocalicantus.org\/de\/was-ist-calicantus\/modell-calicantus\/","name":"Modell Calicantus | Coro Calicantus","isPartOf":{"@id":"https:\/\/www.corocalicantus.org\/#website"},"datePublished":"2017-08-06T09:17:16+00:00","dateModified":"2020-10-16T23:42:41+00:00","breadcrumb":{"@id":"https:\/\/www.corocalicantus.org\/de\/was-ist-calicantus\/modell-calicantus\/#breadcrumb"},"inLanguage":"de","potentialAction":[{"@type":"ReadAction","target":["https:\/\/www.corocalicantus.org\/de\/was-ist-calicantus\/modell-calicantus\/"]}]},{"@type":"BreadcrumbList","@id":"https:\/\/www.corocalicantus.org\/de\/was-ist-calicantus\/modell-calicantus\/#breadcrumb","itemListElement":[{"@type":"ListItem","position":1,"name":"Home","item":"https:\/\/www.corocalicantus.org\/de\/"},{"@type":"ListItem","position":2,"name":"Was ist Calicantus?","item":"https:\/\/www.corocalicantus.org\/de\/was-ist-calicantus\/"},{"@type":"ListItem","position":3,"name":"Modell Calicantus"}]},{"@type":"WebSite","@id":"https:\/\/www.corocalicantus.org\/#website","url":"https:\/\/www.corocalicantus.org\/","name":"Coro Calicantus","description":"Scopri la magia della musica","potentialAction":[{"@type":"SearchAction","target":{"@type":"EntryPoint","urlTemplate":"https:\/\/www.corocalicantus.org\/?s={search_term_string}"},"query-input":{"@type":"PropertyValueSpecification","valueRequired":true,"valueName":"search_term_string"}}],"inLanguage":"de"}]}},"_links":{"self":[{"href":"https:\/\/www.corocalicantus.org\/de\/wp-json\/wp\/v2\/pages\/2043","targetHints":{"allow":["GET"]}}],"collection":[{"href":"https:\/\/www.corocalicantus.org\/de\/wp-json\/wp\/v2\/pages"}],"about":[{"href":"https:\/\/www.corocalicantus.org\/de\/wp-json\/wp\/v2\/types\/page"}],"author":[{"embeddable":true,"href":"https:\/\/www.corocalicantus.org\/de\/wp-json\/wp\/v2\/users\/1"}],"replies":[{"embeddable":true,"href":"https:\/\/www.corocalicantus.org\/de\/wp-json\/wp\/v2\/comments?post=2043"}],"version-history":[{"count":69,"href":"https:\/\/www.corocalicantus.org\/de\/wp-json\/wp\/v2\/pages\/2043\/revisions"}],"predecessor-version":[{"id":5186,"href":"https:\/\/www.corocalicantus.org\/de\/wp-json\/wp\/v2\/pages\/2043\/revisions\/5186"}],"up":[{"embeddable":true,"href":"https:\/\/www.corocalicantus.org\/de\/wp-json\/wp\/v2\/pages\/2328"}],"wp:attachment":[{"href":"https:\/\/www.corocalicantus.org\/de\/wp-json\/wp\/v2\/media?parent=2043"}],"curies":[{"name":"wp","href":"https:\/\/api.w.org\/{rel}","templated":true}]}}