{"id":2164,"date":"2017-09-24T14:24:42","date_gmt":"2017-09-24T13:24:42","guid":{"rendered":"https:\/\/www.corocalicantus.org\/\/zusammenarbeit\/"},"modified":"2022-03-07T04:38:21","modified_gmt":"2022-03-07T03:38:21","slug":"zusammenarbeit","status":"publish","type":"page","link":"https:\/\/www.corocalicantus.org\/de\/was-ist-calicantus\/zusammenarbeit\/","title":{"rendered":"Zusammenarbeit"},"content":{"rendered":"<p>[et_pb_section fb_built=&#8220;1&#8243; fullwidth=&#8220;on&#8220; module_class=&#8220;header_pagine&#8220; _builder_version=&#8220;3.22&#8243; background_image=&#8220;https:\/\/www.corocalicantus.org\/wp-content\/uploads\/scale-1.jpg&#8220; parallax=&#8220;on&#8220; parallax_method=&#8220;off&#8220; custom_padding=&#8220;15%|||&#8220; bb_built=&#8220;1&#8243; _i=&#8220;0&#8243; _address=&#8220;0&#8243;][et_pb_fullwidth_post_title meta=&#8220;off&#8220; featured_image=&#8220;off&#8220; text_color=&#8220;light&#8220; _builder_version=&#8220;3.0.74&#8243; title_font_size=&#8220;62px&#8220; _i=&#8220;0&#8243; _address=&#8220;0.0&#8243;][\/et_pb_fullwidth_post_title][et_pb_fullwidth_menu menu_id=&#8220;10&#8243; submenu_direction=&#8220;upwards&#8220; fullwidth_menu=&#8220;off&#8220; active_link_color=&#8220;#edef81&#8243; dropdown_menu_line_color=&#8220;#ffffff&#8220; _builder_version=&#8220;3.0.66&#8243; menu_font=&#8220;|on||on|&#8220; background_color=&#8220;#f96c39&#8243; background_layout=&#8220;dark&#8220; saved_tabs=&#8220;all&#8220; _i=&#8220;1&#8243; _address=&#8220;0.1&#8243;][\/et_pb_fullwidth_menu][\/et_pb_section][et_pb_section fb_built=&#8220;1&#8243; inner_shadow=&#8220;on&#8220; admin_label=&#8220;section&#8220; _builder_version=&#8220;3.22&#8243; background_color=&#8220;#f7f7f7&#8243; bb_built=&#8220;1&#8243; _i=&#8220;1&#8243; _address=&#8220;1&#8243;][et_pb_row _builder_version=&#8220;3.25&#8243; background_size=&#8220;initial&#8220; background_position=&#8220;top_left&#8220; background_repeat=&#8220;repeat&#8220; _i=&#8220;0&#8243; _address=&#8220;1.0&#8243;][et_pb_column type=&#8220;4_4&#8243; _builder_version=&#8220;3.25&#8243; custom_padding=&#8220;|||&#8220; _i=&#8220;0&#8243; _address=&#8220;1.0.0&#8243; custom_padding__hover=&#8220;|||&#8220;][et_pb_text admin_label=&#8220;Collaborazioni&#8220; _builder_version=&#8220;3.27.4&#8243; _i=&#8220;0&#8243; _address=&#8220;1.0.0.0&#8243;]<\/p>\n<h2>Einige Produktionen in Zusammenarbeit mit dem Chor Calicantus<\/h2>\n<p>[\/et_pb_text][\/et_pb_column][\/et_pb_row][et_pb_row admin_label=&#8220;row&#8220; _builder_version=&#8220;3.29.3&#8243; background_size=&#8220;initial&#8220; background_position=&#8220;top_left&#8220; background_repeat=&#8220;repeat&#8220; hover_enabled=&#8220;0&#8243; _i=&#8220;1&#8243; _address=&#8220;1.1&#8243; column_structure=&#8220;1_2,1_2&#8243;][et_pb_column type=&#8220;1_2&#8243; _builder_version=&#8220;3.25&#8243; custom_padding=&#8220;|||&#8220; _i=&#8220;0&#8243; _address=&#8220;1.1.0&#8243; custom_padding__hover=&#8220;|||&#8220;][et_pb_text admin_label=&#8220;Colonna 1&#8243; _builder_version=&#8220;3.29.3&#8243; hover_enabled=&#8220;0&#8243; _i=&#8220;0&#8243; _address=&#8220;1.1.0.0&#8243;]<\/p>\n<p><img loading=\"lazy\" decoding=\"async\" src=\"https:\/\/www.corocalicantus.org\/wp-content\/uploads\/2022\/03\/Foto-CD-Vent-Negru-Serenada-min-1024x927.jpg\" width=\"92\" height=\"84\" alt=\"\" class=\"wp-image-5374 alignnone size-large\" \/><\/p>\n<p><strong>Vent negru \u201cSerenada\u201d<\/strong><\/p>\n<p>Die Tessiner Band Vent Negru, die seit 30 Jahren das kulturelle und musikalische Erbe der Alpens\u00fcdseite aufarbeitet, hat diese neue Scheibe mit originellen musikalischen Perlen und Stilforschungen produziert.<\/p>\n<p>Calicantus leistete einen kleinen Beitrag in dem St\u00fcck &#8222;Che confusione, eppur siam qui&#8220;.<\/p>\n<hr \/>\n<p><img loading=\"lazy\" decoding=\"async\" class=\"picture\" src=\"\/wp-content\/uploads\/collaborazioni\/cddvd_bandacoro11_1_92.gif\" alt=\"\" width=\"92\" height=\"84\" border=\"0\" \/><\/p>\n<p><strong>Bande e Cuori 2016<\/strong><\/p>\n<p>Diese CD erinnert an den Silvesterabend im RSI, als der Chor Calicantus, begleitet von der Big Band RSI &#8222;Oh happy day\u201c pr\u00e4sentierte.<\/p>\n<hr \/>\n<p><img loading=\"lazy\" decoding=\"async\" class=\"wp-image-1697 alignnone size-full\" src=\"http:\/\/corocalicantus.2bee.ch\/wp-content\/uploads\/2017\/09\/Die-Apokalyptische.jpg\" alt=\"\" width=\"92\" height=\"92\" \/><\/p>\n<p>Das Orchestra di Fiati della Svizzera Italiana und der Chor Calicantus gaben zwei Konzerte, um aus Anlass des 25. Jahrestages der Unterzeichnung der Kinderrechtskommission durch die Vollversammlung der Vereinten Nationen (am 20.11.1989) auf die Rechte der Kinder aufmerksam zu machen.<\/p>\n<p>Die 3. Sinfonie von Trachsel wurde inspiriert von der Sorge um die zuk\u00fcnftigen Generationen und erinnert die Erwachsenen an ihre Verantwortung den Kindern gegen\u00fcber.<\/p>\n<p>Diese CD wurde am 16. November 2014 beim Konzert in der Kirche San Francesco in Locarno live aufgenommen.<\/p>\n<p>Interessenten wenden sich an: <a href=\"mailto:info@ofsi.ch\">info@ofsi.ch<\/a><\/p>\n<hr \/>\n<p><img loading=\"lazy\" decoding=\"async\" class=\"picture\" src=\"\/wp-content\/uploads\/collaborazioni\/colla-cddvd_sacres01_p_92.gif\" alt=\"\" width=\"90\" height=\"90\" border=\"0\" \/><\/p>\n<p><strong>Musiques SACR\u00c9ES<\/strong><\/p>\n<p>Sakralmusik aus der ganzen Welt. Die Box &#8222;Musiques sacr\u00e9es\u201d wurde vom franz\u00f6sischsprachigen Verlag Enbiro in Zusammenarbeit mit den Ateliers d\u2019ethnomusicologie Genf produziert.<\/p>\n<p>&nbsp;<\/p>\n<hr \/>\n<p><img loading=\"lazy\" decoding=\"async\" class=\"picture\" src=\"\/wp-content\/uploads\/collaborazioni\/colla-cddvd_basel12_p_92.gif\" alt=\"\" width=\"90\" height=\"90\" border=\"0\" \/><\/p>\n<p><strong>Jugendchor Festival Basel 2012<\/strong><\/p>\n<p>&#8222;Europ\u00e4isches Jugendchor Festival Basel 2012&#8220;<\/p>\n<p>Der Chor Calicantus nahm als Spezialgast am achten europ\u00e4ischen Festival &#8222;Europ\u00e4isches Jugendchor Festival Basel 2012&#8220; teil.<\/p>\n<hr \/>\n<p><img loading=\"lazy\" decoding=\"async\" class=\"picture\" src=\"\/wp-content\/uploads\/collaborazioni\/colla-cddvd_chorama08_p_92.gif\" alt=\"\" width=\"90\" height=\"90\" border=\"0\" \/><\/p>\n<p><strong>Chorama 2008<\/strong><\/p>\n<p>Eine von der Schweizerischen Chorvereinigung zum 30-j\u00e4hrigen Jubil\u00e4um produzierte CD. Calicantus wurde zur offiziellen Er\u00f6ffnungsfeier in Aarau eingeladen.<\/p>\n<hr \/>\n<p><img loading=\"lazy\" decoding=\"async\" class=\"picture\" src=\"\/wp-content\/uploads\/collaborazioni\/colla-cddvd_surrender06_p_92.gif\" alt=\"\" width=\"90\" height=\"90\" border=\"0\" \/><\/p>\n<p><strong>Surrender 2006<\/strong><\/p>\n<p>Gemeinsames Lied mit der Prog-Rock Gruppe Zenit.<\/p>\n<p>&nbsp;<\/p>\n<p>[\/et_pb_text][\/et_pb_column][et_pb_column type=&#8220;1_2&#8243; _builder_version=&#8220;3.25&#8243; custom_padding=&#8220;|||&#8220; _i=&#8220;1&#8243; _address=&#8220;1.1.1&#8243; custom_padding__hover=&#8220;|||&#8220;][et_pb_text admin_label=&#8220;Cos&#8217;\u00e8 Calicantus?&#8220; _builder_version=&#8220;3.29.3&#8243; hover_enabled=&#8220;0&#8243; _i=&#8220;0&#8243; _address=&#8220;1.1.1.0&#8243;]<\/p>\n<p><img loading=\"lazy\" decoding=\"async\" class=\"picture\" src=\"\/wp-content\/uploads\/collaborazioni\/colla-cddvd_schweizer05_p_92.gif\" alt=\"\" width=\"90\" height=\"90\" border=\"0\" \/><\/p>\n<p><strong>Schweizer Nationalhymne 2005<\/strong><\/p>\n<p>Eine Produktion von Radio DRS mit verschiedenen Versionen der Schweizer Nationalhymne. Calicantus wurde ausgew\u00e4hlt, um die italienische Version zu singen.<\/p>\n<hr \/>\n<p><img loading=\"lazy\" decoding=\"async\" class=\"picture\" src=\"\/wp-content\/uploads\/collaborazioni\/colla-cddvd_triomphe04_p_92.gif\" alt=\"\" width=\"90\" height=\"90\" border=\"0\" \/><\/p>\n<p><strong>Le Triomphe de la R\u00e9publique 2004<\/strong><br \/> Diese CD mit dem unver\u00f6ffentlichten Werk &#8222;Le Triomphe de la R\u00e9publique\u201c wird zum 175. Todestag des franz\u00f6sischen Komponisten Fran\u00e7ois-Joseph Gossec herausgegeben. Es sollte den Ideen einer neuen politischen Ordnung in Frankreich eine Form verleihen.<\/p>\n<hr \/>\n<p><img loading=\"lazy\" decoding=\"async\" class=\"picture\" src=\"\/wp-content\/uploads\/collaborazioni\/colla-cddvd_chorf02_p_92.gif\" alt=\"\" width=\"90\" height=\"90\" border=\"0\" \/><\/p>\n<p><strong>Chorfoederatio 2002<\/strong><\/p>\n<p>Am 21. und 22. Juni 2002 trafen an der Expo.02 in Yverdon zehn der besten Amateurch\u00f6re aus den vier Sprachregionen der Schweiz aufeinander, drei davon waren Jugendch\u00f6re.<\/p>\n<hr \/>\n<p><img loading=\"lazy\" decoding=\"async\" class=\"picture\" src=\"\/wp-content\/uploads\/collaborazioni\/colla-cddvd_children01_p_92.gif\" alt=\"\" width=\"90\" height=\"90\" border=\"0\" \/><\/p>\n<p><strong>The World of Children&#8217;s Choirs &#8211; 2001<\/strong><br \/> Diese Doppel-CD &#8222;Festival Highlights&#8220; bringt um zwanzig der besten Kinderch\u00f6re zusammen, die zum Festival &#8222;World of Children\u2019s Choirs &#8211; 2001&#8220; eingeladen wurden, das vom 18.-22. M\u00e4rz 2011 in Vancouver stattgefunden hat.<\/p>\n<hr \/>\n<p><img loading=\"lazy\" decoding=\"async\" class=\"picture\" src=\"\/wp-content\/uploads\/collaborazioni\/colla-cddvd_basel01_p_92.gif\" alt=\"\" width=\"90\" height=\"90\" border=\"0\" \/><\/p>\n<p><strong>Jugendchor Festival Basel 2001<\/strong><br \/> &#8222;Europ\u00e4isches Jugendchor Festival Basel 01&#8220; ist ein europ\u00e4isches Festival, das alle drei Jahre stattfindet und es ist auch der Titel der CD, die zur Er\u00f6ffnungsfeier des Festivals im Basler M\u00fcnster aufgenommen wurde.<\/p>\n<hr \/>\n<p><img loading=\"lazy\" decoding=\"async\" class=\"picture\" src=\"\/wp-content\/uploads\/collaborazioni\/colla-cddvd_savigny00_p_92.gif\" alt=\"\" width=\"90\" height=\"90\" border=\"0\" \/><\/p>\n<p><strong>Les Petits loups de Savigny 2000<\/strong><br \/> Auf dieser CD des Chores &#8222;Les petits loups de Savigny&#8220; sind auch zwei Lieder gesungen vom Vorbereitungschor 2, live aufgenommen w\u00e4hrend dem 1. Internationalen Treffen von Jugendch\u00f6ren.<\/p>\n<hr \/>\n<p><img loading=\"lazy\" decoding=\"async\" class=\"picture\" src=\"\/wp-content\/uploads\/collaborazioni\/colla-cddvd_pangea_p_92.gif\" alt=\"\" width=\"90\" height=\"90\" border=\"0\" \/><\/p>\n<p><strong>CD-Reihe der Gruppe Gioari<\/strong><br \/> Gioari ist eine Schweizer Musikgruppe, die ethnische und elektronische Musikinstrumente mit Klangwelten aus der Natur vereint, die im Tessin aufgenommen wurden.<\/p>\n<p>[\/et_pb_text][\/et_pb_column][\/et_pb_row][\/et_pb_section][et_pb_section fb_built=&#8220;1&#8243; admin_label=&#8220;section&#8220; _builder_version=&#8220;3.22&#8243; background_color=&#8220;#f96c39&#8243; global_module=&#8220;208&#8243; bb_built=&#8220;1&#8243; _i=&#8220;0&#8243; _address=&#8220;2&#8243;][et_pb_row _builder_version=&#8220;3.25&#8243; background_size=&#8220;initial&#8220; background_position=&#8220;top_left&#8220; background_repeat=&#8220;repeat&#8220; custom_padding=&#8220;0%||0px|&#8220; _i=&#8220;0&#8243; _address=&#8220;2.0&#8243;][et_pb_column type=&#8220;4_4&#8243; _builder_version=&#8220;3.25&#8243; custom_padding=&#8220;|||&#8220; _i=&#8220;0&#8243; _address=&#8220;2.0.0&#8243; custom_padding__hover=&#8220;|||&#8220;][et_pb_text _builder_version=&#8220;3.27.4&#8243; text_font=&#8220;|||on|&#8220; text_letter_spacing=&#8220;1px&#8220; background_layout=&#8220;dark&#8220; custom_margin=&#8220;||1%|&#8220; custom_css_main_element=&#8220;border-bottom:2px dotted #fff;&#8220; _i=&#8220;0&#8243; _address=&#8220;2.0.0.0&#8243;]<\/p>\n<h1 style=\"text-align: center;\">\nEntdecke unsere Ch\u00f6re<br \/>\n<\/h1>\n<p>[\/et_pb_text][\/et_pb_column][\/et_pb_row][et_pb_row column_structure=&#8220;1_3,1_3,1_3&#8243; use_custom_gutter=&#8220;on&#8220; make_equal=&#8220;on&#8220; admin_label=&#8220;row&#8220; _builder_version=&#8220;3.25&#8243; background_size=&#8220;initial&#8220; background_position=&#8220;top_left&#8220; background_repeat=&#8220;repeat&#8220; custom_padding=&#8220;1%||1%|&#8220; _i=&#8220;1&#8243; _address=&#8220;2.1&#8243;][et_pb_column type=&#8220;1_3&#8243; _builder_version=&#8220;3.25&#8243; background_position=&#8220;top_left&#8220; custom_padding=&#8220;|||&#8220; _i=&#8220;0&#8243; _address=&#8220;2.1.0&#8243; custom_padding__hover=&#8220;|||&#8220;][et_pb_text _builder_version=&#8220;3.27.4&#8243; text_font=&#8220;|on|||&#8220; text_orientation=&#8220;center&#8220; background_layout=&#8220;dark&#8220; _i=&#8220;0&#8243; _address=&#8220;2.1.0.0&#8243;]<\/p>\n<p>\nvon 2 bis 6 Jahren\n<\/p>\n<p>[\/et_pb_text][et_pb_image src=&#8220;https:\/\/www.corocalicantus.org\/wp-content\/uploads\/per_i_piu_piccoli.jpg&#8220; align=&#8220;center&#8220; align_tablet=&#8220;center&#8220; align_last_edited=&#8220;on|desktop&#8220; _builder_version=&#8220;3.27.3&#8243; animation_style=&#8220;fade&#8220; border_style=&#8220;solid&#8220; _i=&#8220;1&#8243; _address=&#8220;2.1.0.1&#8243;][\/et_pb_image][et_pb_text _builder_version=&#8220;3.27.4&#8243; text_font=&#8220;|on|||&#8220; text_orientation=&#8220;center&#8220; background_layout=&#8220;dark&#8220; animation_style=&#8220;fade&#8220; _i=&#8220;2&#8243; _address=&#8220;2.1.0.2&#8243;]<\/p>\n<h2>F\u00fcr die Kleinsten<\/h2>\n<ul>\n<li><a style=\"color: #ffffff;\" href=\"https:\/\/www.corocalicantus.org\/de\/die-chore\/fur-die-kleinsten\/\">Begegnungen Eltern-Kind<\/a><\/li>\n<li><a style=\"color: #ffffff;\" href=\"https:\/\/www.corocalicantus.org\/de\/die-chore\/fur-die-kleinsten\/#iniziazione\">Stimmliche und rhythmische Einf\u00fchrung<\/a><\/li>\n<\/ul>\n<p>[\/et_pb_text][\/et_pb_column][et_pb_column type=&#8220;1_3&#8243; _builder_version=&#8220;3.25&#8243; background_position=&#8220;top_left&#8220; custom_padding=&#8220;|||&#8220; _i=&#8220;1&#8243; _address=&#8220;2.1.1&#8243; custom_padding__hover=&#8220;|||&#8220;][et_pb_text _builder_version=&#8220;3.27.4&#8243; text_font=&#8220;|on|||&#8220; text_orientation=&#8220;center&#8220; background_layout=&#8220;dark&#8220; _i=&#8220;0&#8243; _address=&#8220;2.1.1.0&#8243;]<\/p>\n<p>\nvon 7 bis 11 Jahren\n<\/p>\n<p>[\/et_pb_text][et_pb_image src=&#8220;https:\/\/www.corocalicantus.org\/wp-content\/uploads\/coro_preparatorio_1.jpg&#8220; align=&#8220;center&#8220; align_tablet=&#8220;center&#8220; align_last_edited=&#8220;on|desktop&#8220; _builder_version=&#8220;3.23&#8243; animation_style=&#8220;fade&#8220; border_style=&#8220;solid&#8220; _i=&#8220;1&#8243; _address=&#8220;2.1.1.1&#8243;][\/et_pb_image][et_pb_text _builder_version=&#8220;3.27.4&#8243; text_font=&#8220;|on|||&#8220; text_orientation=&#8220;center&#8220; background_layout=&#8220;dark&#8220; animation_style=&#8220;fade&#8220; _i=&#8220;2&#8243; _address=&#8220;2.1.1.2&#8243;]<\/p>\n<h2>Vorbereitungschor<\/h2>\n<ul>\n<li><a style=\"color: #ffffff;\" href=\"https:\/\/www.corocalicantus.org\/de\/die-chore\/vorbereitungschor-1\/\">Gemme del Calicantus<\/a><\/li>\n<li><a style=\"color: #ffffff;\" href=\"https:\/\/www.corocalicantus.org\/de\/die-chore\/vorbereitungschor-2\/\">Boccioli del Calicantus<\/a><\/li>\n<li>Fiori del Calicantus<\/li>\n<\/ul>\n<p>[\/et_pb_text][\/et_pb_column][et_pb_column type=&#8220;1_3&#8243; _builder_version=&#8220;3.25&#8243; background_position=&#8220;top_left&#8220; custom_padding=&#8220;|||&#8220; _i=&#8220;2&#8243; _address=&#8220;2.1.2&#8243; custom_padding__hover=&#8220;|||&#8220;][et_pb_text _builder_version=&#8220;3.27.4&#8243; text_font=&#8220;|on|||&#8220; text_orientation=&#8220;center&#8220; background_layout=&#8220;dark&#8220; _i=&#8220;0&#8243; _address=&#8220;2.1.2.0&#8243;]<\/p>\n<p>\nvon 10 bis 18 Jahren\n<\/p>\n<p>[\/et_pb_text][et_pb_image src=&#8220;https:\/\/www.corocalicantus.org\/wp-content\/uploads\/coro_principale.jpg&#8220; align=&#8220;center&#8220; align_tablet=&#8220;center&#8220; align_last_edited=&#8220;on|desktop&#8220; _builder_version=&#8220;3.23&#8243; animation_style=&#8220;fade&#8220; border_style=&#8220;solid&#8220; _i=&#8220;1&#8243; _address=&#8220;2.1.2.1&#8243;][\/et_pb_image][et_pb_text _builder_version=&#8220;3.27.4&#8243; text_font=&#8220;|on|||&#8220; text_orientation=&#8220;center&#8220; background_layout=&#8220;dark&#8220; animation_style=&#8220;fade&#8220; _i=&#8220;2&#8243; _address=&#8220;2.1.2.2&#8243;]<\/p>\n<h2>Hauptchor<\/h2>\n<ul>\n<li><a style=\"color: #ffffff;\" href=\"https:\/\/www.corocalicantus.org\/de\/die-chore\/hauptchor\/\">Entdecke den Chor<\/a><\/li>\n<\/ul>\n<p>[\/et_pb_text][\/et_pb_column][\/et_pb_row][\/et_pb_section]<\/p>\n","protected":false},"excerpt":{"rendered":"<p>Einige Produktionen in Zusammenarbeit mit dem Chor Calicantus Vent negru \u201cSerenada\u201d Die Tessiner Band Vent Negru, die seit 30 Jahren das kulturelle und musikalische Erbe der Alpens\u00fcdseite aufarbeitet, hat diese neue Scheibe mit originellen musikalischen Perlen und Stilforschungen produziert. Calicantus leistete einen kleinen Beitrag in dem St\u00fcck &#8222;Che confusione, eppur siam qui&#8220;. Bande e Cuori [&hellip;]<\/p>\n","protected":false},"author":1,"featured_media":0,"parent":2328,"menu_order":0,"comment_status":"closed","ping_status":"closed","template":"","meta":{"_et_pb_use_builder":"on","_et_pb_old_content":"","_et_gb_content_width":"","footnotes":""},"class_list":["post-2164","page","type-page","status-publish","hentry"],"yoast_head":"<!-- This site is optimized with the Yoast SEO plugin v24.6 - https:\/\/yoast.com\/wordpress\/plugins\/seo\/ -->\n<title>Zusammenarbeit | Coro Calicantus<\/title>\n<meta name=\"robots\" content=\"index, follow, max-snippet:-1, max-image-preview:large, max-video-preview:-1\" \/>\n<link rel=\"canonical\" href=\"https:\/\/www.corocalicantus.org\/chi-siamo\/collaborazioni\/\" \/>\n<meta property=\"og:locale\" content=\"de_DE\" \/>\n<meta property=\"og:type\" content=\"article\" \/>\n<meta property=\"og:title\" content=\"Zusammenarbeit | Coro Calicantus\" \/>\n<meta property=\"og:description\" content=\"Einige Produktionen in Zusammenarbeit mit dem Chor Calicantus Vent negru \u201cSerenada\u201d Die Tessiner Band Vent Negru, die seit 30 Jahren das kulturelle und musikalische Erbe der Alpens\u00fcdseite aufarbeitet, hat diese neue Scheibe mit originellen musikalischen Perlen und Stilforschungen produziert. Calicantus leistete einen kleinen Beitrag in dem St\u00fcck &quot;Che confusione, eppur siam qui&quot;. Bande e Cuori [&hellip;]\" \/>\n<meta property=\"og:url\" content=\"https:\/\/www.corocalicantus.org\/chi-siamo\/collaborazioni\/\" \/>\n<meta property=\"og:site_name\" content=\"Coro Calicantus\" \/>\n<meta property=\"article:publisher\" content=\"https:\/\/www.facebook.com\/corocalicantuslocarnoticino\/\" \/>\n<meta property=\"article:modified_time\" content=\"2022-03-07T03:38:21+00:00\" \/>\n<meta property=\"og:image\" content=\"https:\/\/www.corocalicantus.org\/wp-content\/uploads\/2022\/03\/Foto-CD-Vent-Negru-Serenada-min-1024x927.jpg\" \/>\n<meta name=\"twitter:card\" content=\"summary_large_image\" \/>\n<meta name=\"twitter:label1\" content=\"Gesch\u00e4tzte Lesezeit\" \/>\n\t<meta name=\"twitter:data1\" content=\"6\u00a0Minuten\" \/>\n<script type=\"application\/ld+json\" class=\"yoast-schema-graph\">{\"@context\":\"https:\/\/schema.org\",\"@graph\":[{\"@type\":\"WebPage\",\"@id\":\"https:\/\/www.corocalicantus.org\/chi-siamo\/collaborazioni\/\",\"url\":\"https:\/\/www.corocalicantus.org\/chi-siamo\/collaborazioni\/\",\"name\":\"Zusammenarbeit | Coro Calicantus\",\"isPartOf\":{\"@id\":\"https:\/\/www.corocalicantus.org\/#website\"},\"primaryImageOfPage\":{\"@id\":\"https:\/\/www.corocalicantus.org\/chi-siamo\/collaborazioni\/#primaryimage\"},\"image\":{\"@id\":\"https:\/\/www.corocalicantus.org\/chi-siamo\/collaborazioni\/#primaryimage\"},\"thumbnailUrl\":\"https:\/\/www.corocalicantus.org\/wp-content\/uploads\/2022\/03\/Foto-CD-Vent-Negru-Serenada-min-1024x927.jpg\",\"datePublished\":\"2017-09-24T13:24:42+00:00\",\"dateModified\":\"2022-03-07T03:38:21+00:00\",\"breadcrumb\":{\"@id\":\"https:\/\/www.corocalicantus.org\/chi-siamo\/collaborazioni\/#breadcrumb\"},\"inLanguage\":\"de\",\"potentialAction\":[{\"@type\":\"ReadAction\",\"target\":[\"https:\/\/www.corocalicantus.org\/chi-siamo\/collaborazioni\/\"]}]},{\"@type\":\"ImageObject\",\"inLanguage\":\"de\",\"@id\":\"https:\/\/www.corocalicantus.org\/chi-siamo\/collaborazioni\/#primaryimage\",\"url\":\"https:\/\/www.corocalicantus.org\/wp-content\/uploads\/2022\/03\/Foto-CD-Vent-Negru-Serenada-min-1024x927.jpg\",\"contentUrl\":\"https:\/\/www.corocalicantus.org\/wp-content\/uploads\/2022\/03\/Foto-CD-Vent-Negru-Serenada-min-1024x927.jpg\"},{\"@type\":\"BreadcrumbList\",\"@id\":\"https:\/\/www.corocalicantus.org\/chi-siamo\/collaborazioni\/#breadcrumb\",\"itemListElement\":[{\"@type\":\"ListItem\",\"position\":1,\"name\":\"Home\",\"item\":\"https:\/\/www.corocalicantus.org\/de\/\"},{\"@type\":\"ListItem\",\"position\":2,\"name\":\"Was ist Calicantus?\",\"item\":\"https:\/\/www.corocalicantus.org\/de\/was-ist-calicantus\/\"},{\"@type\":\"ListItem\",\"position\":3,\"name\":\"Zusammenarbeit\"}]},{\"@type\":\"WebSite\",\"@id\":\"https:\/\/www.corocalicantus.org\/#website\",\"url\":\"https:\/\/www.corocalicantus.org\/\",\"name\":\"Coro Calicantus\",\"description\":\"Scopri la magia della musica\",\"potentialAction\":[{\"@type\":\"SearchAction\",\"target\":{\"@type\":\"EntryPoint\",\"urlTemplate\":\"https:\/\/www.corocalicantus.org\/?s={search_term_string}\"},\"query-input\":{\"@type\":\"PropertyValueSpecification\",\"valueRequired\":true,\"valueName\":\"search_term_string\"}}],\"inLanguage\":\"de\"}]}<\/script>\n<!-- \/ Yoast SEO plugin. -->","yoast_head_json":{"title":"Zusammenarbeit | Coro Calicantus","robots":{"index":"index","follow":"follow","max-snippet":"max-snippet:-1","max-image-preview":"max-image-preview:large","max-video-preview":"max-video-preview:-1"},"canonical":"https:\/\/www.corocalicantus.org\/chi-siamo\/collaborazioni\/","og_locale":"de_DE","og_type":"article","og_title":"Zusammenarbeit | Coro Calicantus","og_description":"Einige Produktionen in Zusammenarbeit mit dem Chor Calicantus Vent negru \u201cSerenada\u201d Die Tessiner Band Vent Negru, die seit 30 Jahren das kulturelle und musikalische Erbe der Alpens\u00fcdseite aufarbeitet, hat diese neue Scheibe mit originellen musikalischen Perlen und Stilforschungen produziert. Calicantus leistete einen kleinen Beitrag in dem St\u00fcck \"Che confusione, eppur siam qui\". Bande e Cuori [&hellip;]","og_url":"https:\/\/www.corocalicantus.org\/chi-siamo\/collaborazioni\/","og_site_name":"Coro Calicantus","article_publisher":"https:\/\/www.facebook.com\/corocalicantuslocarnoticino\/","article_modified_time":"2022-03-07T03:38:21+00:00","og_image":[{"url":"https:\/\/www.corocalicantus.org\/wp-content\/uploads\/2022\/03\/Foto-CD-Vent-Negru-Serenada-min-1024x927.jpg","type":"","width":"","height":""}],"twitter_card":"summary_large_image","twitter_misc":{"Gesch\u00e4tzte Lesezeit":"6\u00a0Minuten"},"schema":{"@context":"https:\/\/schema.org","@graph":[{"@type":"WebPage","@id":"https:\/\/www.corocalicantus.org\/chi-siamo\/collaborazioni\/","url":"https:\/\/www.corocalicantus.org\/chi-siamo\/collaborazioni\/","name":"Zusammenarbeit | Coro Calicantus","isPartOf":{"@id":"https:\/\/www.corocalicantus.org\/#website"},"primaryImageOfPage":{"@id":"https:\/\/www.corocalicantus.org\/chi-siamo\/collaborazioni\/#primaryimage"},"image":{"@id":"https:\/\/www.corocalicantus.org\/chi-siamo\/collaborazioni\/#primaryimage"},"thumbnailUrl":"https:\/\/www.corocalicantus.org\/wp-content\/uploads\/2022\/03\/Foto-CD-Vent-Negru-Serenada-min-1024x927.jpg","datePublished":"2017-09-24T13:24:42+00:00","dateModified":"2022-03-07T03:38:21+00:00","breadcrumb":{"@id":"https:\/\/www.corocalicantus.org\/chi-siamo\/collaborazioni\/#breadcrumb"},"inLanguage":"de","potentialAction":[{"@type":"ReadAction","target":["https:\/\/www.corocalicantus.org\/chi-siamo\/collaborazioni\/"]}]},{"@type":"ImageObject","inLanguage":"de","@id":"https:\/\/www.corocalicantus.org\/chi-siamo\/collaborazioni\/#primaryimage","url":"https:\/\/www.corocalicantus.org\/wp-content\/uploads\/2022\/03\/Foto-CD-Vent-Negru-Serenada-min-1024x927.jpg","contentUrl":"https:\/\/www.corocalicantus.org\/wp-content\/uploads\/2022\/03\/Foto-CD-Vent-Negru-Serenada-min-1024x927.jpg"},{"@type":"BreadcrumbList","@id":"https:\/\/www.corocalicantus.org\/chi-siamo\/collaborazioni\/#breadcrumb","itemListElement":[{"@type":"ListItem","position":1,"name":"Home","item":"https:\/\/www.corocalicantus.org\/de\/"},{"@type":"ListItem","position":2,"name":"Was ist Calicantus?","item":"https:\/\/www.corocalicantus.org\/de\/was-ist-calicantus\/"},{"@type":"ListItem","position":3,"name":"Zusammenarbeit"}]},{"@type":"WebSite","@id":"https:\/\/www.corocalicantus.org\/#website","url":"https:\/\/www.corocalicantus.org\/","name":"Coro Calicantus","description":"Scopri la magia della musica","potentialAction":[{"@type":"SearchAction","target":{"@type":"EntryPoint","urlTemplate":"https:\/\/www.corocalicantus.org\/?s={search_term_string}"},"query-input":{"@type":"PropertyValueSpecification","valueRequired":true,"valueName":"search_term_string"}}],"inLanguage":"de"}]}},"_links":{"self":[{"href":"https:\/\/www.corocalicantus.org\/de\/wp-json\/wp\/v2\/pages\/2164","targetHints":{"allow":["GET"]}}],"collection":[{"href":"https:\/\/www.corocalicantus.org\/de\/wp-json\/wp\/v2\/pages"}],"about":[{"href":"https:\/\/www.corocalicantus.org\/de\/wp-json\/wp\/v2\/types\/page"}],"author":[{"embeddable":true,"href":"https:\/\/www.corocalicantus.org\/de\/wp-json\/wp\/v2\/users\/1"}],"replies":[{"embeddable":true,"href":"https:\/\/www.corocalicantus.org\/de\/wp-json\/wp\/v2\/comments?post=2164"}],"version-history":[{"count":56,"href":"https:\/\/www.corocalicantus.org\/de\/wp-json\/wp\/v2\/pages\/2164\/revisions"}],"predecessor-version":[{"id":5380,"href":"https:\/\/www.corocalicantus.org\/de\/wp-json\/wp\/v2\/pages\/2164\/revisions\/5380"}],"up":[{"embeddable":true,"href":"https:\/\/www.corocalicantus.org\/de\/wp-json\/wp\/v2\/pages\/2328"}],"wp:attachment":[{"href":"https:\/\/www.corocalicantus.org\/de\/wp-json\/wp\/v2\/media?parent=2164"}],"curies":[{"name":"wp","href":"https:\/\/api.w.org\/{rel}","templated":true}]}}