{"id":2222,"date":"2017-09-22T09:50:10","date_gmt":"2017-09-22T08:50:10","guid":{"rendered":"https:\/\/www.corocalicantus.org\/\/vorbereitungschor-2\/"},"modified":"2019-08-27T00:32:34","modified_gmt":"2019-08-26T23:32:34","slug":"vorbereitungschor-2","status":"publish","type":"page","link":"https:\/\/www.corocalicantus.org\/de\/die-chore\/vorbereitungschor-2\/","title":{"rendered":"Fiori del Calicantus"},"content":{"rendered":"<p>[et_pb_section fb_built=&#8220;1&#8243; fullwidth=&#8220;on&#8220; module_class=&#8220;header_pagine&#8220; _builder_version=&#8220;3.0.76&#8243; background_image=&#8220;https:\/\/www.corocalicantus.org\/\/wp-content\/uploads\/Coro_2.jpg&#8220; parallax=&#8220;on&#8220; parallax_method=&#8220;off&#8220;][et_pb_fullwidth_post_title meta=&#8220;off&#8220; featured_image=&#8220;off&#8220; text_color=&#8220;light&#8220; _builder_version=&#8220;3.0.74&#8243; title_font_size=&#8220;62px&#8220;][\/et_pb_fullwidth_post_title][et_pb_fullwidth_menu menu_id=&#8220;12&#8243; submenu_direction=&#8220;downwards&#8220; fullwidth_menu=&#8220;off&#8220; active_link_color=&#8220;#edef81&#8243; _builder_version=&#8220;3.0.61&#8243; menu_font=&#8220;|on||on|&#8220; background_color=&#8220;#f96c39&#8243; background_layout=&#8220;dark&#8220;][\/et_pb_fullwidth_menu][\/et_pb_section][et_pb_section fb_built=&#8220;1&#8243; inner_shadow=&#8220;on&#8220; admin_label=&#8220;section&#8220; module_class=&#8220;bordo_superiore&#8220; _builder_version=&#8220;3.0.74&#8243; background_color=&#8220;#f7f7f7&#8243;][et_pb_row admin_label=&#8220;row&#8220; _builder_version=&#8220;3.0.47&#8243; background_size=&#8220;initial&#8220; background_position=&#8220;top_left&#8220; background_repeat=&#8220;repeat&#8220;][et_pb_column type=&#8220;1_2&#8243; _builder_version=&#8220;3.0.47&#8243; parallax=&#8220;off&#8220; parallax_method=&#8220;on&#8220;][et_pb_text admin_label=&#8220;Presentazione&#8220; _builder_version=&#8220;3.0.93&#8243;]<\/p>\n<h2>Fiori del Calicantus<\/h2>\n<p>Die <em>Fiori del Calicantus <\/em>sind das Herzst\u00fcck der Singschule.<\/p>\n<h2><span style=\"font-size: 16px; color: #333333; font-family: Raleway, Helvetica, Arial, Lucida, sans-serif;\">\u00dcber den spielerischen Aspekt hinaus lernen die Kinder, <\/span><strong style=\"font-size: 16px; color: #333333; font-family: Raleway, Helvetica, Arial, Lucida, sans-serif;\">sich \u00fcber all das zu freuen, was sie pers\u00f6nlich und als Gruppe erreichen k\u00f6nnen.<\/strong><\/h2>\n<p>Hier machen die Kinder ihre ersten Schritte im zweistimmigen Gesang (Sopran und Alt), entwickeln dabei ihr eigenes musikalisches Geh\u00f6r und verfeinern ihre stimmlichen F\u00e4higkeiten. Es entstehen die ersten Choreografien und es bedeutet auch der Beginn des eigentlichen Lebens als Gruppe.<\/p>\n<p><strong>Die Freude am Singen wird immer gr\u00f6sser!<\/strong><\/p>\n<p>[\/et_pb_text][\/et_pb_column][et_pb_column type=&#8220;1_4&#8243; _builder_version=&#8220;3.0.47&#8243; parallax=&#8220;off&#8220; parallax_method=&#8220;on&#8220;][et_pb_text admin_label=&#8220;Info pratiche&#8220; module_class=&#8220;ombra&#8220; _builder_version=&#8220;3.0.105&#8243; header_font=&#8220;|||on|&#8220;]<\/p>\n<h3 style=\"text-align: center;\"><span style=\"text-align: left;\">Wer, wann wo und mit wem<\/span><\/h3>\n<ul>\n<li>Kinder von 8-11 Jahren<\/li>\n<li>Donnerstags von 17.00 bis 18.30 Uhr<\/li>\n<li>AmSitz des <span><a href=\"https:\/\/www.corocalicantus.org\/de\/was-ist-calicantus\/wo-sie-uns-finden\/\">Chores Calicantus<\/a><\/span><\/li>\n<li>Mario Fontana<\/li>\n<\/ul>\n<p>[\/et_pb_text][et_pb_cta title=&#8220;Sing mit uns&#8220; button_url=&#8220;\/de\/sing-mit-uns\/&#8220; button_text=&#8220;Kostenlose Probelektionen&#8220; admin_label=&#8220;Unisciti al Coro&#8220; module_class=&#8220;ombra&#8220; _builder_version=&#8220;3.0.69&#8243; header_font=&#8220;|||on|&#8220; header_font_size=&#8220;22px&#8220; background_size=&#8220;initial&#8220; background_position=&#8220;top_left&#8220; background_repeat=&#8220;repeat&#8220; custom_button=&#8220;on&#8220; button_text_size=&#8220;14px&#8220; button_border_width=&#8220;2px&#8220; button_border_color=&#8220;rgba(255,255,255,0.5)&#8220; button_use_icon=&#8220;default&#8220; global_module=&#8220;293&#8243; saved_tabs=&#8220;all&#8220; button_text_size__hover_enabled=&#8220;off&#8220; button_one_text_size__hover_enabled=&#8220;off&#8220; button_two_text_size__hover_enabled=&#8220;off&#8220; button_text_color__hover_enabled=&#8220;off&#8220; button_one_text_color__hover_enabled=&#8220;off&#8220; button_two_text_color__hover_enabled=&#8220;off&#8220; button_border_width__hover_enabled=&#8220;off&#8220; button_one_border_width__hover_enabled=&#8220;off&#8220; button_two_border_width__hover_enabled=&#8220;off&#8220; button_border_color__hover_enabled=&#8220;off&#8220; button_one_border_color__hover_enabled=&#8220;off&#8220; button_two_border_color__hover_enabled=&#8220;off&#8220; button_border_radius__hover_enabled=&#8220;off&#8220; button_one_border_radius__hover_enabled=&#8220;off&#8220; button_two_border_radius__hover_enabled=&#8220;off&#8220; button_letter_spacing__hover_enabled=&#8220;off&#8220; button_one_letter_spacing__hover_enabled=&#8220;off&#8220; button_two_letter_spacing__hover_enabled=&#8220;off&#8220; button_bg_color__hover_enabled=&#8220;off&#8220; button_one_bg_color__hover_enabled=&#8220;off&#8220; button_two_bg_color__hover_enabled=&#8220;off&#8220;][\/et_pb_cta][\/et_pb_column][et_pb_column type=&#8220;1_4&#8243; _builder_version=&#8220;3.0.47&#8243; parallax=&#8220;off&#8220; parallax_method=&#8220;on&#8220;][et_pb_image src=&#8220;https:\/\/www.corocalicantus.org\/wp-content\/uploads\/Marco-Agorri-678.jpg&#8220; _builder_version=&#8220;3.0.87&#8243; animation_style=&#8220;slide&#8220; animation_direction=&#8220;left&#8220; animation_duration=&#8220;500ms&#8220; animation_intensity_slide=&#8220;10%&#8220; border_style=&#8220;solid&#8220;][\/et_pb_image][\/et_pb_column][\/et_pb_row][\/et_pb_section][et_pb_section fb_built=&#8220;1&#8243; _builder_version=&#8220;3.0.74&#8243; background_color=&#8220;#f96c39&#8243; parallax=&#8220;on&#8220;][et_pb_row make_fullwidth=&#8220;on&#8220; use_custom_gutter=&#8220;on&#8220; gutter_width=&#8220;1&#8243; custom_padding=&#8220;0px||0px|&#8220; custom_margin=&#8220;0px||0px|&#8220; padding_top_1=&#8220;0px&#8220; padding_bottom_1=&#8220;0px&#8220; _builder_version=&#8220;3.0.61&#8243; background_size=&#8220;initial&#8220; background_position=&#8220;top_left&#8220; background_repeat=&#8220;repeat&#8220;][et_pb_column type=&#8220;4_4&#8243; _builder_version=&#8220;3.0.47&#8243; padding_bottom=&#8220;0px&#8220; padding_top=&#8220;0px&#8220; parallax=&#8220;off&#8220; parallax_method=&#8220;on&#8220;][et_pb_gallery gallery_ids=&#8220;1544,1547,1550,1553,1556,1559&#8243; posts_number=&#8220;6&#8243; show_title_and_caption=&#8220;off&#8220; show_pagination=&#8220;off&#8220; zoom_icon_color=&#8220;#f96c39&#8243; hover_icon=&#8220;%%12%%&#8220; _builder_version=&#8220;3.0.87&#8243; pagination_font_size_tablet=&#8220;51&#8243; pagination_line_height_tablet=&#8220;2&#8243; custom_css_gallery_item=&#8220;margin: 0 !important;||clear: none !important;||width: 16.66% !important;||&#8220; border_style=&#8220;solid&#8220;][\/et_pb_gallery][\/et_pb_column][\/et_pb_row][\/et_pb_section]<\/p>\n","protected":false},"excerpt":{"rendered":"<p>Fiori del Calicantus Die Fiori del Calicantus sind das Herzst\u00fcck der Singschule. \u00dcber den spielerischen Aspekt hinaus lernen die Kinder, sich \u00fcber all das zu freuen, was sie pers\u00f6nlich und als Gruppe erreichen k\u00f6nnen. Hier machen die Kinder ihre ersten Schritte im zweistimmigen Gesang (Sopran und Alt), entwickeln dabei ihr eigenes musikalisches Geh\u00f6r und verfeinern [&hellip;]<\/p>\n","protected":false},"author":1,"featured_media":0,"parent":2353,"menu_order":0,"comment_status":"closed","ping_status":"closed","template":"","meta":{"_et_pb_use_builder":"on","_et_pb_old_content":"","_et_gb_content_width":"","footnotes":""},"class_list":["post-2222","page","type-page","status-publish","hentry"],"yoast_head":"<!-- This site is optimized with the Yoast SEO plugin v24.6 - https:\/\/yoast.com\/wordpress\/plugins\/seo\/ -->\n<title>Fiori del Calicantus | Coro Calicantus<\/title>\n<meta name=\"robots\" content=\"index, follow, max-snippet:-1, max-image-preview:large, max-video-preview:-1\" \/>\n<link rel=\"canonical\" href=\"https:\/\/www.corocalicantus.org\/de\/die-chore\/vorbereitungschor-2\/\" \/>\n<meta property=\"og:locale\" content=\"de_DE\" \/>\n<meta property=\"og:type\" content=\"article\" \/>\n<meta property=\"og:title\" content=\"Fiori del Calicantus | Coro Calicantus\" \/>\n<meta property=\"og:description\" content=\"Fiori del Calicantus Die Fiori del Calicantus sind das Herzst\u00fcck der Singschule. \u00dcber den spielerischen Aspekt hinaus lernen die Kinder, sich \u00fcber all das zu freuen, was sie pers\u00f6nlich und als Gruppe erreichen k\u00f6nnen. Hier machen die Kinder ihre ersten Schritte im zweistimmigen Gesang (Sopran und Alt), entwickeln dabei ihr eigenes musikalisches Geh\u00f6r und verfeinern [&hellip;]\" \/>\n<meta property=\"og:url\" content=\"https:\/\/www.corocalicantus.org\/de\/die-chore\/vorbereitungschor-2\/\" \/>\n<meta property=\"og:site_name\" content=\"Coro Calicantus\" \/>\n<meta property=\"article:publisher\" content=\"https:\/\/www.facebook.com\/corocalicantuslocarnoticino\/\" \/>\n<meta property=\"article:modified_time\" content=\"2019-08-26T23:32:34+00:00\" \/>\n<meta name=\"twitter:card\" content=\"summary_large_image\" \/>\n<meta name=\"twitter:label1\" content=\"Gesch\u00e4tzte Lesezeit\" \/>\n\t<meta name=\"twitter:data1\" content=\"3\u00a0Minuten\" \/>\n<script type=\"application\/ld+json\" class=\"yoast-schema-graph\">{\"@context\":\"https:\/\/schema.org\",\"@graph\":[{\"@type\":\"WebPage\",\"@id\":\"https:\/\/www.corocalicantus.org\/de\/die-chore\/vorbereitungschor-2\/\",\"url\":\"https:\/\/www.corocalicantus.org\/de\/die-chore\/vorbereitungschor-2\/\",\"name\":\"Fiori del Calicantus | Coro Calicantus\",\"isPartOf\":{\"@id\":\"https:\/\/www.corocalicantus.org\/#website\"},\"datePublished\":\"2017-09-22T08:50:10+00:00\",\"dateModified\":\"2019-08-26T23:32:34+00:00\",\"breadcrumb\":{\"@id\":\"https:\/\/www.corocalicantus.org\/de\/die-chore\/vorbereitungschor-2\/#breadcrumb\"},\"inLanguage\":\"de\",\"potentialAction\":[{\"@type\":\"ReadAction\",\"target\":[\"https:\/\/www.corocalicantus.org\/de\/die-chore\/vorbereitungschor-2\/\"]}]},{\"@type\":\"BreadcrumbList\",\"@id\":\"https:\/\/www.corocalicantus.org\/de\/die-chore\/vorbereitungschor-2\/#breadcrumb\",\"itemListElement\":[{\"@type\":\"ListItem\",\"position\":1,\"name\":\"Home\",\"item\":\"https:\/\/www.corocalicantus.org\/de\/\"},{\"@type\":\"ListItem\",\"position\":2,\"name\":\"Die Ch\u00f6re\",\"item\":\"https:\/\/www.corocalicantus.org\/de\/die-chore\/\"},{\"@type\":\"ListItem\",\"position\":3,\"name\":\"Fiori del Calicantus\"}]},{\"@type\":\"WebSite\",\"@id\":\"https:\/\/www.corocalicantus.org\/#website\",\"url\":\"https:\/\/www.corocalicantus.org\/\",\"name\":\"Coro Calicantus\",\"description\":\"Scopri la magia della musica\",\"potentialAction\":[{\"@type\":\"SearchAction\",\"target\":{\"@type\":\"EntryPoint\",\"urlTemplate\":\"https:\/\/www.corocalicantus.org\/?s={search_term_string}\"},\"query-input\":{\"@type\":\"PropertyValueSpecification\",\"valueRequired\":true,\"valueName\":\"search_term_string\"}}],\"inLanguage\":\"de\"}]}<\/script>\n<!-- \/ Yoast SEO plugin. -->","yoast_head_json":{"title":"Fiori del Calicantus | Coro Calicantus","robots":{"index":"index","follow":"follow","max-snippet":"max-snippet:-1","max-image-preview":"max-image-preview:large","max-video-preview":"max-video-preview:-1"},"canonical":"https:\/\/www.corocalicantus.org\/de\/die-chore\/vorbereitungschor-2\/","og_locale":"de_DE","og_type":"article","og_title":"Fiori del Calicantus | Coro Calicantus","og_description":"Fiori del Calicantus Die Fiori del Calicantus sind das Herzst\u00fcck der Singschule. \u00dcber den spielerischen Aspekt hinaus lernen die Kinder, sich \u00fcber all das zu freuen, was sie pers\u00f6nlich und als Gruppe erreichen k\u00f6nnen. Hier machen die Kinder ihre ersten Schritte im zweistimmigen Gesang (Sopran und Alt), entwickeln dabei ihr eigenes musikalisches Geh\u00f6r und verfeinern [&hellip;]","og_url":"https:\/\/www.corocalicantus.org\/de\/die-chore\/vorbereitungschor-2\/","og_site_name":"Coro Calicantus","article_publisher":"https:\/\/www.facebook.com\/corocalicantuslocarnoticino\/","article_modified_time":"2019-08-26T23:32:34+00:00","twitter_card":"summary_large_image","twitter_misc":{"Gesch\u00e4tzte Lesezeit":"3\u00a0Minuten"},"schema":{"@context":"https:\/\/schema.org","@graph":[{"@type":"WebPage","@id":"https:\/\/www.corocalicantus.org\/de\/die-chore\/vorbereitungschor-2\/","url":"https:\/\/www.corocalicantus.org\/de\/die-chore\/vorbereitungschor-2\/","name":"Fiori del Calicantus | Coro Calicantus","isPartOf":{"@id":"https:\/\/www.corocalicantus.org\/#website"},"datePublished":"2017-09-22T08:50:10+00:00","dateModified":"2019-08-26T23:32:34+00:00","breadcrumb":{"@id":"https:\/\/www.corocalicantus.org\/de\/die-chore\/vorbereitungschor-2\/#breadcrumb"},"inLanguage":"de","potentialAction":[{"@type":"ReadAction","target":["https:\/\/www.corocalicantus.org\/de\/die-chore\/vorbereitungschor-2\/"]}]},{"@type":"BreadcrumbList","@id":"https:\/\/www.corocalicantus.org\/de\/die-chore\/vorbereitungschor-2\/#breadcrumb","itemListElement":[{"@type":"ListItem","position":1,"name":"Home","item":"https:\/\/www.corocalicantus.org\/de\/"},{"@type":"ListItem","position":2,"name":"Die Ch\u00f6re","item":"https:\/\/www.corocalicantus.org\/de\/die-chore\/"},{"@type":"ListItem","position":3,"name":"Fiori del Calicantus"}]},{"@type":"WebSite","@id":"https:\/\/www.corocalicantus.org\/#website","url":"https:\/\/www.corocalicantus.org\/","name":"Coro Calicantus","description":"Scopri la magia della musica","potentialAction":[{"@type":"SearchAction","target":{"@type":"EntryPoint","urlTemplate":"https:\/\/www.corocalicantus.org\/?s={search_term_string}"},"query-input":{"@type":"PropertyValueSpecification","valueRequired":true,"valueName":"search_term_string"}}],"inLanguage":"de"}]}},"_links":{"self":[{"href":"https:\/\/www.corocalicantus.org\/de\/wp-json\/wp\/v2\/pages\/2222","targetHints":{"allow":["GET"]}}],"collection":[{"href":"https:\/\/www.corocalicantus.org\/de\/wp-json\/wp\/v2\/pages"}],"about":[{"href":"https:\/\/www.corocalicantus.org\/de\/wp-json\/wp\/v2\/types\/page"}],"author":[{"embeddable":true,"href":"https:\/\/www.corocalicantus.org\/de\/wp-json\/wp\/v2\/users\/1"}],"replies":[{"embeddable":true,"href":"https:\/\/www.corocalicantus.org\/de\/wp-json\/wp\/v2\/comments?post=2222"}],"version-history":[{"count":24,"href":"https:\/\/www.corocalicantus.org\/de\/wp-json\/wp\/v2\/pages\/2222\/revisions"}],"predecessor-version":[{"id":4932,"href":"https:\/\/www.corocalicantus.org\/de\/wp-json\/wp\/v2\/pages\/2222\/revisions\/4932"}],"up":[{"embeddable":true,"href":"https:\/\/www.corocalicantus.org\/de\/wp-json\/wp\/v2\/pages\/2353"}],"wp:attachment":[{"href":"https:\/\/www.corocalicantus.org\/de\/wp-json\/wp\/v2\/media?parent=2222"}],"curies":[{"name":"wp","href":"https:\/\/api.w.org\/{rel}","templated":true}]}}