{"id":2275,"date":"2017-07-09T09:34:38","date_gmt":"2017-07-09T08:34:38","guid":{"rendered":"https:\/\/www.corocalicantus.org\/\/vorbereitungschor-1\/"},"modified":"2024-07-04T00:35:54","modified_gmt":"2024-07-03T23:35:54","slug":"vorbereitungschor-1","status":"publish","type":"page","link":"https:\/\/www.corocalicantus.org\/de\/die-chore\/vorbereitungschor-1\/","title":{"rendered":"Boccioli del Calicantus"},"content":{"rendered":"<p>[et_pb_section fb_built=&#8220;1&#8243; fullwidth=&#8220;on&#8220; module_class=&#8220;header_pagine&#8220; _builder_version=&#8220;4.16&#8243; background_image=&#8220;https:\/\/www.corocalicantus.org\/wp-content\/uploads\/2017\/07\/coro_1.jpg&#8220; parallax=&#8220;on&#8220; parallax_method=&#8220;off&#8220; global_colors_info=&#8220;{}&#8220;][et_pb_fullwidth_post_title meta=&#8220;off&#8220; featured_image=&#8220;off&#8220; text_color=&#8220;light&#8220; _builder_version=&#8220;4.16&#8243; title_font_size=&#8220;62px&#8220; global_colors_info=&#8220;{}&#8220;][\/et_pb_fullwidth_post_title][et_pb_fullwidth_menu menu_id=&#8220;12&#8243; submenu_direction=&#8220;downwards&#8220; fullwidth_menu=&#8220;off&#8220; active_link_color=&#8220;#edef81&#8243; _builder_version=&#8220;4.16&#8243; menu_font=&#8220;|on||on|&#8220; background_color=&#8220;#f96c39&#8243; background_layout=&#8220;dark&#8220; global_colors_info=&#8220;{}&#8220;][\/et_pb_fullwidth_menu][\/et_pb_section][et_pb_section fb_built=&#8220;1&#8243; inner_shadow=&#8220;on&#8220; admin_label=&#8220;section&#8220; _builder_version=&#8220;4.16&#8243; background_color=&#8220;#f7f7f7&#8243; global_colors_info=&#8220;{}&#8220;][et_pb_row admin_label=&#8220;row&#8220; _builder_version=&#8220;4.16&#8243; background_size=&#8220;initial&#8220; background_position=&#8220;top_left&#8220; background_repeat=&#8220;repeat&#8220; global_colors_info=&#8220;{}&#8220; column_structure=&#8220;1_2,1_4,1_4&#8243;][et_pb_column type=&#8220;1_2&#8243; _builder_version=&#8220;4.16&#8243; custom_padding=&#8220;|||&#8220; global_colors_info=&#8220;{}&#8220; custom_padding__hover=&#8220;|||&#8220;][et_pb_text admin_label=&#8220;Presentazione&#8220; _builder_version=&#8220;4.16&#8243; global_colors_info=&#8220;{}&#8220;]<\/p>\n<h2>Boccioli del Calicantus<\/h2>\n<h2><span style=\"font-size: 16px; color: #333333; font-family: Raleway, Helvetica, Arial, Lucida, sans-serif;\">In diesem Chor lernen die Kinder mit viel Freude <\/span><strong style=\"font-size: 16px; color: #333333; font-family: Raleway, Helvetica, Arial, Lucida, sans-serif;\">unterschiedliche Lieder, von Walt Disney bis zum Zecchino d\u2019oro (internationales Kinder-Songfestival), von Jazz zu Blues \u00fcber Liedgut aus der ganzen Welt, und Kanons, die ihrem Alter entsprechen<\/strong><span style=\"font-size: 16px; color: #333333; font-family: Raleway, Helvetica, Arial, Lucida, sans-serif;\">.<\/span><\/h2>\n<p>Zwei Konzerte pro Jahr bilden den Rahmen f\u00fcr die p\u00e4dagogische Arbeit, die die Entwicklung der Kinder auch im affektiven und mentalen Bereich f\u00f6rdert, indem sie Ged\u00e4chtnis und Geh\u00f6r schult.<\/p>\n<p><strong>Es wird keine musikalische oder stimmliche Begabung vorausgesetzt und es gibt kein Auswahlverfahren. \u00a0<\/strong><\/p>\n<p>[\/et_pb_text][\/et_pb_column][et_pb_column type=&#8220;1_4&#8243; _builder_version=&#8220;4.16&#8243; custom_padding=&#8220;|||&#8220; global_colors_info=&#8220;{}&#8220; custom_padding__hover=&#8220;|||&#8220;][et_pb_text admin_label=&#8220;Info pratiche&#8220; module_class=&#8220;ombra&#8220; _builder_version=&#8220;4.16&#8243; header_font=&#8220;|||on|&#8220; global_colors_info=&#8220;{}&#8220;]<\/p>\n<h3 style=\"text-align: center;\">Wer, wann, wo und mit wem<\/h3>\n<ul>\n<li><strong>Kinder von 7-8 Jahren <\/strong><\/li>\n<li>Montags von 17.30 bis 18.30 Uhr<\/li>\n<li>Am Sitz des <span><a href=\"https:\/\/www.corocalicantus.org\/de\/was-ist-calicantus\/wo-sie-uns-finden\/\">Chores Calicantus<\/a><\/span><\/li>\n<li>Simona Crociani<\/li>\n<\/ul>\n<p>[\/et_pb_text][et_pb_cta title=&#8220;Sing mit uns&#8220; button_url=&#8220;\/de\/sing-mit-uns\/&#8220; button_text=&#8220;Kostenlose Probelektionen&#8220; admin_label=&#8220;Unisciti al Coro&#8220; module_class=&#8220;ombra&#8220; _builder_version=&#8220;3.0.69&#8243; header_font=&#8220;|||on|&#8220; header_font_size=&#8220;22px&#8220; background_size=&#8220;initial&#8220; background_position=&#8220;top_left&#8220; background_repeat=&#8220;repeat&#8220; custom_button=&#8220;on&#8220; button_text_size=&#8220;14px&#8220; button_border_width=&#8220;2px&#8220; button_border_color=&#8220;rgba(255,255,255,0.5)&#8220; global_module=&#8220;293&#8243; saved_tabs=&#8220;all&#8220; global_colors_info=&#8220;{}&#8220; button_text_size__hover_enabled=&#8220;off&#8220; button_one_text_size__hover_enabled=&#8220;off&#8220; button_two_text_size__hover_enabled=&#8220;off&#8220; button_text_color__hover_enabled=&#8220;off&#8220; button_one_text_color__hover_enabled=&#8220;off&#8220; button_two_text_color__hover_enabled=&#8220;off&#8220; button_border_width__hover_enabled=&#8220;off&#8220; button_one_border_width__hover_enabled=&#8220;off&#8220; button_two_border_width__hover_enabled=&#8220;off&#8220; button_border_color__hover_enabled=&#8220;off&#8220; button_one_border_color__hover_enabled=&#8220;off&#8220; button_two_border_color__hover_enabled=&#8220;off&#8220; button_border_radius__hover_enabled=&#8220;off&#8220; button_one_border_radius__hover_enabled=&#8220;off&#8220; button_two_border_radius__hover_enabled=&#8220;off&#8220; button_letter_spacing__hover_enabled=&#8220;off&#8220; button_one_letter_spacing__hover_enabled=&#8220;off&#8220; button_two_letter_spacing__hover_enabled=&#8220;off&#8220; button_bg_color__hover_enabled=&#8220;off&#8220; button_one_bg_color__hover_enabled=&#8220;off&#8220; button_two_bg_color__hover_enabled=&#8220;off&#8220;][\/et_pb_cta][\/et_pb_column][et_pb_column type=&#8220;1_4&#8243; _builder_version=&#8220;4.16&#8243; custom_padding=&#8220;|||&#8220; global_colors_info=&#8220;{}&#8220; custom_padding__hover=&#8220;|||&#8220;][et_pb_image src=&#8220;https:\/\/www.corocalicantus.org\/wp-content\/uploads\/preparatorio1.jpg&#8220; align_tablet=&#8220;center&#8220; align_last_edited=&#8220;on|desktop&#8220; _builder_version=&#8220;4.16&#8243; animation_style=&#8220;slide&#8220; animation_direction=&#8220;left&#8220; animation_duration=&#8220;500ms&#8220; animation_intensity_slide=&#8220;10%&#8220; global_colors_info=&#8220;{}&#8220; align_phone=&#8220;center&#8220;][\/et_pb_image][\/et_pb_column][\/et_pb_row][\/et_pb_section][et_pb_section fb_built=&#8220;1&#8243; _builder_version=&#8220;4.16&#8243; background_color=&#8220;#f96c39&#8243; parallax=&#8220;on&#8220; global_colors_info=&#8220;{}&#8220;][et_pb_row use_custom_gutter=&#8220;on&#8220; gutter_width=&#8220;1&#8243; module_class=&#8220; et_pb_row_fullwidth&#8220; _builder_version=&#8220;4.16&#8243; background_size=&#8220;initial&#8220; background_position=&#8220;top_left&#8220; background_repeat=&#8220;repeat&#8220; width=&#8220;100%&#8220; width_tablet=&#8220;100%&#8220; width_last_edited=&#8220;on|desktop&#8220; max_width=&#8220;100%&#8220; max_width_tablet=&#8220;100%&#8220; max_width_last_edited=&#8220;on|desktop&#8220; custom_margin=&#8220;0px||0px|&#8220; custom_padding=&#8220;0px||0px|&#8220; make_fullwidth=&#8220;on&#8220; global_colors_info=&#8220;{}&#8220; width_phone=&#8220;100%&#8220; max_width_phone=&#8220;100%&#8220;][et_pb_column type=&#8220;4_4&#8243; _builder_version=&#8220;4.16&#8243; custom_padding=&#8220;0px||0px|&#8220; global_colors_info=&#8220;{}&#8220; custom_padding__hover=&#8220;|||&#8220;][et_pb_gallery gallery_ids=&#8220;1042,1054,1045,1048,1051,1057&#8243; posts_number=&#8220;6&#8243; show_title_and_caption=&#8220;off&#8220; show_pagination=&#8220;off&#8220; zoom_icon_color=&#8220;#f96c39&#8243; hover_icon=&#8220;&#x2d;||divi||400&#8243; _builder_version=&#8220;4.16&#8243; pagination_font_size_tablet=&#8220;51&#8243; pagination_line_height_tablet=&#8220;2&#8243; custom_css_gallery_item=&#8220;margin: 0 !important;||clear: none !important;||width: 16.66% !important;||&#8220; border_style=&#8220;solid&#8220; global_colors_info=&#8220;{}&#8220;][\/et_pb_gallery][\/et_pb_column][\/et_pb_row][\/et_pb_section]<\/p>\n","protected":false},"excerpt":{"rendered":"<p>Boccioli del Calicantus In diesem Chor lernen die Kinder mit viel Freude unterschiedliche Lieder, von Walt Disney bis zum Zecchino d\u2019oro (internationales Kinder-Songfestival), von Jazz zu Blues \u00fcber Liedgut aus der ganzen Welt, und Kanons, die ihrem Alter entsprechen. Zwei Konzerte pro Jahr bilden den Rahmen f\u00fcr die p\u00e4dagogische Arbeit, die die Entwicklung der Kinder [&hellip;]<\/p>\n","protected":false},"author":1,"featured_media":0,"parent":2353,"menu_order":0,"comment_status":"closed","ping_status":"closed","template":"","meta":{"_et_pb_use_builder":"on","_et_pb_old_content":"","_et_gb_content_width":"","footnotes":""},"class_list":["post-2275","page","type-page","status-publish","hentry"],"yoast_head":"<!-- This site is optimized with the Yoast SEO plugin v24.6 - https:\/\/yoast.com\/wordpress\/plugins\/seo\/ -->\n<title>Boccioli del Calicantus | Coro Calicantus<\/title>\n<meta name=\"robots\" content=\"index, follow, max-snippet:-1, max-image-preview:large, max-video-preview:-1\" \/>\n<link rel=\"canonical\" href=\"https:\/\/www.corocalicantus.org\/de\/die-chore\/vorbereitungschor-1\/\" \/>\n<meta property=\"og:locale\" content=\"de_DE\" \/>\n<meta property=\"og:type\" content=\"article\" \/>\n<meta property=\"og:title\" content=\"Boccioli del Calicantus | Coro Calicantus\" \/>\n<meta property=\"og:description\" content=\"Boccioli del Calicantus In diesem Chor lernen die Kinder mit viel Freude unterschiedliche Lieder, von Walt Disney bis zum Zecchino d\u2019oro (internationales Kinder-Songfestival), von Jazz zu Blues \u00fcber Liedgut aus der ganzen Welt, und Kanons, die ihrem Alter entsprechen. Zwei Konzerte pro Jahr bilden den Rahmen f\u00fcr die p\u00e4dagogische Arbeit, die die Entwicklung der Kinder [&hellip;]\" \/>\n<meta property=\"og:url\" content=\"https:\/\/www.corocalicantus.org\/de\/die-chore\/vorbereitungschor-1\/\" \/>\n<meta property=\"og:site_name\" content=\"Coro Calicantus\" \/>\n<meta property=\"article:publisher\" content=\"https:\/\/www.facebook.com\/corocalicantuslocarnoticino\/\" \/>\n<meta property=\"article:modified_time\" content=\"2024-07-03T23:35:54+00:00\" \/>\n<meta name=\"twitter:card\" content=\"summary_large_image\" \/>\n<meta name=\"twitter:label1\" content=\"Gesch\u00e4tzte Lesezeit\" \/>\n\t<meta name=\"twitter:data1\" content=\"4\u00a0Minuten\" \/>\n<script type=\"application\/ld+json\" class=\"yoast-schema-graph\">{\"@context\":\"https:\/\/schema.org\",\"@graph\":[{\"@type\":\"WebPage\",\"@id\":\"https:\/\/www.corocalicantus.org\/de\/die-chore\/vorbereitungschor-1\/\",\"url\":\"https:\/\/www.corocalicantus.org\/de\/die-chore\/vorbereitungschor-1\/\",\"name\":\"Boccioli del Calicantus | Coro Calicantus\",\"isPartOf\":{\"@id\":\"https:\/\/www.corocalicantus.org\/#website\"},\"datePublished\":\"2017-07-09T08:34:38+00:00\",\"dateModified\":\"2024-07-03T23:35:54+00:00\",\"breadcrumb\":{\"@id\":\"https:\/\/www.corocalicantus.org\/de\/die-chore\/vorbereitungschor-1\/#breadcrumb\"},\"inLanguage\":\"de\",\"potentialAction\":[{\"@type\":\"ReadAction\",\"target\":[\"https:\/\/www.corocalicantus.org\/de\/die-chore\/vorbereitungschor-1\/\"]}]},{\"@type\":\"BreadcrumbList\",\"@id\":\"https:\/\/www.corocalicantus.org\/de\/die-chore\/vorbereitungschor-1\/#breadcrumb\",\"itemListElement\":[{\"@type\":\"ListItem\",\"position\":1,\"name\":\"Home\",\"item\":\"https:\/\/www.corocalicantus.org\/de\/\"},{\"@type\":\"ListItem\",\"position\":2,\"name\":\"Die Ch\u00f6re\",\"item\":\"https:\/\/www.corocalicantus.org\/de\/die-chore\/\"},{\"@type\":\"ListItem\",\"position\":3,\"name\":\"Boccioli del Calicantus\"}]},{\"@type\":\"WebSite\",\"@id\":\"https:\/\/www.corocalicantus.org\/#website\",\"url\":\"https:\/\/www.corocalicantus.org\/\",\"name\":\"Coro Calicantus\",\"description\":\"Scopri la magia della musica\",\"potentialAction\":[{\"@type\":\"SearchAction\",\"target\":{\"@type\":\"EntryPoint\",\"urlTemplate\":\"https:\/\/www.corocalicantus.org\/?s={search_term_string}\"},\"query-input\":{\"@type\":\"PropertyValueSpecification\",\"valueRequired\":true,\"valueName\":\"search_term_string\"}}],\"inLanguage\":\"de\"}]}<\/script>\n<!-- \/ Yoast SEO plugin. -->","yoast_head_json":{"title":"Boccioli del Calicantus | Coro Calicantus","robots":{"index":"index","follow":"follow","max-snippet":"max-snippet:-1","max-image-preview":"max-image-preview:large","max-video-preview":"max-video-preview:-1"},"canonical":"https:\/\/www.corocalicantus.org\/de\/die-chore\/vorbereitungschor-1\/","og_locale":"de_DE","og_type":"article","og_title":"Boccioli del Calicantus | Coro Calicantus","og_description":"Boccioli del Calicantus In diesem Chor lernen die Kinder mit viel Freude unterschiedliche Lieder, von Walt Disney bis zum Zecchino d\u2019oro (internationales Kinder-Songfestival), von Jazz zu Blues \u00fcber Liedgut aus der ganzen Welt, und Kanons, die ihrem Alter entsprechen. Zwei Konzerte pro Jahr bilden den Rahmen f\u00fcr die p\u00e4dagogische Arbeit, die die Entwicklung der Kinder [&hellip;]","og_url":"https:\/\/www.corocalicantus.org\/de\/die-chore\/vorbereitungschor-1\/","og_site_name":"Coro Calicantus","article_publisher":"https:\/\/www.facebook.com\/corocalicantuslocarnoticino\/","article_modified_time":"2024-07-03T23:35:54+00:00","twitter_card":"summary_large_image","twitter_misc":{"Gesch\u00e4tzte Lesezeit":"4\u00a0Minuten"},"schema":{"@context":"https:\/\/schema.org","@graph":[{"@type":"WebPage","@id":"https:\/\/www.corocalicantus.org\/de\/die-chore\/vorbereitungschor-1\/","url":"https:\/\/www.corocalicantus.org\/de\/die-chore\/vorbereitungschor-1\/","name":"Boccioli del Calicantus | Coro Calicantus","isPartOf":{"@id":"https:\/\/www.corocalicantus.org\/#website"},"datePublished":"2017-07-09T08:34:38+00:00","dateModified":"2024-07-03T23:35:54+00:00","breadcrumb":{"@id":"https:\/\/www.corocalicantus.org\/de\/die-chore\/vorbereitungschor-1\/#breadcrumb"},"inLanguage":"de","potentialAction":[{"@type":"ReadAction","target":["https:\/\/www.corocalicantus.org\/de\/die-chore\/vorbereitungschor-1\/"]}]},{"@type":"BreadcrumbList","@id":"https:\/\/www.corocalicantus.org\/de\/die-chore\/vorbereitungschor-1\/#breadcrumb","itemListElement":[{"@type":"ListItem","position":1,"name":"Home","item":"https:\/\/www.corocalicantus.org\/de\/"},{"@type":"ListItem","position":2,"name":"Die Ch\u00f6re","item":"https:\/\/www.corocalicantus.org\/de\/die-chore\/"},{"@type":"ListItem","position":3,"name":"Boccioli del Calicantus"}]},{"@type":"WebSite","@id":"https:\/\/www.corocalicantus.org\/#website","url":"https:\/\/www.corocalicantus.org\/","name":"Coro Calicantus","description":"Scopri la magia della musica","potentialAction":[{"@type":"SearchAction","target":{"@type":"EntryPoint","urlTemplate":"https:\/\/www.corocalicantus.org\/?s={search_term_string}"},"query-input":{"@type":"PropertyValueSpecification","valueRequired":true,"valueName":"search_term_string"}}],"inLanguage":"de"}]}},"_links":{"self":[{"href":"https:\/\/www.corocalicantus.org\/de\/wp-json\/wp\/v2\/pages\/2275","targetHints":{"allow":["GET"]}}],"collection":[{"href":"https:\/\/www.corocalicantus.org\/de\/wp-json\/wp\/v2\/pages"}],"about":[{"href":"https:\/\/www.corocalicantus.org\/de\/wp-json\/wp\/v2\/types\/page"}],"author":[{"embeddable":true,"href":"https:\/\/www.corocalicantus.org\/de\/wp-json\/wp\/v2\/users\/1"}],"replies":[{"embeddable":true,"href":"https:\/\/www.corocalicantus.org\/de\/wp-json\/wp\/v2\/comments?post=2275"}],"version-history":[{"count":33,"href":"https:\/\/www.corocalicantus.org\/de\/wp-json\/wp\/v2\/pages\/2275\/revisions"}],"predecessor-version":[{"id":5861,"href":"https:\/\/www.corocalicantus.org\/de\/wp-json\/wp\/v2\/pages\/2275\/revisions\/5861"}],"up":[{"embeddable":true,"href":"https:\/\/www.corocalicantus.org\/de\/wp-json\/wp\/v2\/pages\/2353"}],"wp:attachment":[{"href":"https:\/\/www.corocalicantus.org\/de\/wp-json\/wp\/v2\/media?parent=2275"}],"curies":[{"name":"wp","href":"https:\/\/api.w.org\/{rel}","templated":true}]}}