{"id":2286,"date":"2017-07-06T16:45:58","date_gmt":"2017-07-06T15:45:58","guid":{"rendered":"https:\/\/www.corocalicantus.org\/\/news-veranstaltungen\/"},"modified":"2018-10-08T10:23:54","modified_gmt":"2018-10-08T09:23:54","slug":"news-veranstaltungen","status":"publish","type":"page","link":"https:\/\/www.corocalicantus.org\/de\/news-veranstaltungen\/","title":{"rendered":"News &#038; Veranstaltungen"},"content":{"rendered":"<p>[et_pb_section bb_built=&#8220;1&#8243; fullwidth=&#8220;on&#8220; _builder_version=&#8220;3.0.105&#8243; background_image=&#8220;https:\/\/www.corocalicantus.org\/wp-content\/uploads\/news_eventi.jpg&#8220; parallax=&#8220;on&#8220; parallax_method=&#8220;off&#8220; module_class=&#8220;header_pagine&#8220; next_background_color=&#8220;#f7f7f7&#8243;][et_pb_fullwidth_post_title meta=&#8220;off&#8220; featured_image=&#8220;off&#8220; text_color=&#8220;light&#8220; _builder_version=&#8220;3.0.69&#8243; title_font_size=&#8220;62px&#8220; text_background=&#8220;on&#8220; text_bg_color=&#8220;rgba(0,0,0,0.25)&#8220; parallax_method=&#8220;off&#8220; \/][\/et_pb_section][et_pb_section bb_built=&#8220;1&#8243; admin_label=&#8220;section&#8220; background_color=&#8220;#f7f7f7&#8243; inner_shadow=&#8220;on&#8220; _builder_version=&#8220;3.0.47&#8243; prev_background_color=&#8220;#ffffff&#8220;][et_pb_row admin_label=&#8220;row&#8220; _builder_version=&#8220;3.0.47&#8243; background_size=&#8220;initial&#8220; background_position=&#8220;top_left&#8220; background_repeat=&#8220;repeat&#8220;][et_pb_column type=&#8220;1_2&#8243;][et_pb_text _builder_version=&#8220;3.0.76&#8243;]<\/p>\n<h2>N\u00e4chste Konzerte des Chores<\/h2>\n<p>[\/et_pb_text][et_pb_code _builder_version=&#8220;3.0.105&#8243;]<div class=\"em em-view-container\" id=\"em-view-132069153\" data-view=\"list\">\r\n\t<div class=\"em-list em-events-list\" id=\"em-events-list-132069153\" data-view-id=\"132069153\">\r\n\t<div class=\"programma\"><a href=\"https:\/\/www.corocalicantus.org\/de\/eventi\/concerti-alla-notte-bianca-locarno\/\">\r\n<div class=\"programma_lista-eventi\" eid=\"evento_595\">\r\n<div class=\"ora\"> <h3>13.06.2026<\/h3><h4>0.00<\/h4><\/div>\r\n<div class=\"dettagli\">\r\n<h4><a href=\"https:\/\/www.corocalicantus.org\/de\/eventi\/concerti-alla-notte-bianca-locarno\/\">Konzerte bei der Notte Bianca in Locarno<\/a><\/h4>\r\n<p><b><\/b><br> , <\/p>\r\n<\/div>\r\n<div class=\"immagini\"><a href=\"https:\/\/www.corocalicantus.org\/de\/eventi\/concerti-alla-notte-bianca-locarno\/\" target=\"_blank\">\r\n<\/a>\r\n<div class=\"clear\"><\/div>\r\n<\/div>\r\n<\/div>\r\n<\/a>\r\n\r\n<div class=\"clear\" style=\"margin-bottom:5.5%;\"><\/div>\r\n<a href=\"https:\/\/www.corocalicantus.org\/de\/eventi\/konzert-in-gruyeres\/\">\r\n<div class=\"programma_lista-eventi\" eid=\"evento_600\">\r\n<div class=\"ora\"> <h3>16.08.2026<\/h3><h4>17.00 - 18.30<\/h4><\/div>\r\n<div class=\"dettagli\">\r\n<h4><a href=\"https:\/\/www.corocalicantus.org\/de\/eventi\/konzert-in-gruyeres\/\">Konzert in Gruy\u00e8res<\/a><\/h4>\r\n<p><b>\u00c9glise Saint-Th\u00e9odule de Gruy\u00e8res<\/b><br> Rue de l'Eglise 20, Gruy\u00e8res<\/p>\r\n<\/div>\r\n<div class=\"immagini\"><a href=\"https:\/\/www.corocalicantus.org\/de\/eventi\/konzert-in-gruyeres\/\" target=\"_blank\">\r\n<\/a>\r\n<div class=\"clear\"><\/div>\r\n<\/div>\r\n<\/div>\r\n<\/a>\r\n\r\n<div class=\"clear\" style=\"margin-bottom:5.5%;\"><\/div>\r\n<\/div>\t<\/div>\r\n<\/div>[\/et_pb_code][\/et_pb_column][et_pb_column type=&#8220;1_2&#8243;][et_pb_text _builder_version=&#8220;3.0.76&#8243;]<\/p>\n<h2>News<\/h2>\n<p>[\/et_pb_text][et_pb_blog admin_label=&#8220;News&#8220; fullwidth=&#8220;off&#8220; meta_date=&#8220;j M Y&#8220; show_more=&#8220;on&#8220; show_author=&#8220;off&#8220; show_categories=&#8220;off&#8220; _builder_version=&#8220;3.3.1&#8243; show_date=&#8220;off&#8220; show_pagination=&#8220;off&#8220; pagination_font_size_tablet=&#8220;51&#8243; pagination_line_height_tablet=&#8220;2&#8243; module_id=&#8220;NEWS&#8220; box_shadow_vertical=&#8220;1px&#8220; box_shadow_blur=&#8220;5px&#8220; box_shadow_color=&#8220;rgba(0,0,0,.1)&#8220; \/][et_pb_button admin_label=&#8220;archivio&#8220; _builder_version=&#8220;3.3.1&#8243; button_text=&#8220;Archivio news&#8220; button_url=&#8220;https:\/\/www.corocalicantus.org\/de\/archivio-news\/&#8220; \/][\/et_pb_column][\/et_pb_row][\/et_pb_section]<\/p>\n","protected":false},"excerpt":{"rendered":"<p>N\u00e4chste Konzerte des Chores <div class=\"em em-view-container\" id=\"em-view-1968075508\" data-view=\"list\">\r\n\t<div class=\"em-list em-events-list\" id=\"em-events-list-1968075508\" data-view-id=\"1968075508\">\r\n\t<div class=\"programma\"><a href=\"https:\/\/www.corocalicantus.org\/de\/eventi\/concerti-alla-notte-bianca-locarno\/\">\r\n<div class=\"programma_lista-eventi\" eid=\"evento_595\">\r\n<div class=\"ora\"> <h3>13.06.2026<\/h3><h4>0.00<\/h4><\/div>\r\n<div class=\"dettagli\">\r\n<h4><a href=\"https:\/\/www.corocalicantus.org\/de\/eventi\/concerti-alla-notte-bianca-locarno\/\">Konzerte bei der Notte Bianca in Locarno<\/a><\/h4>\r\n<p><b><\/b><br> , <\/p>\r\n<\/div>\r\n<div class=\"immagini\"><a href=\"https:\/\/www.corocalicantus.org\/de\/eventi\/concerti-alla-notte-bianca-locarno\/\" target=\"_blank\">\r\n<\/a>\r\n<div class=\"clear\"><\/div>\r\n<\/div>\r\n<\/div>\r\n<\/a>\r\n\r\n<div class=\"clear\" style=\"margin-bottom:5.5%;\"><\/div>\r\n<a href=\"https:\/\/www.corocalicantus.org\/de\/eventi\/konzert-in-gruyeres\/\">\r\n<div class=\"programma_lista-eventi\" eid=\"evento_600\">\r\n<div class=\"ora\"> <h3>16.08.2026<\/h3><h4>17.00 - 18.30<\/h4><\/div>\r\n<div class=\"dettagli\">\r\n<h4><a href=\"https:\/\/www.corocalicantus.org\/de\/eventi\/konzert-in-gruyeres\/\">Konzert in Gruy\u00e8res<\/a><\/h4>\r\n<p><b>\u00c9glise Saint-Th\u00e9odule de Gruy\u00e8res<\/b><br> Rue de l'Eglise 20, Gruy\u00e8res<\/p>\r\n<\/div>\r\n<div class=\"immagini\"><a href=\"https:\/\/www.corocalicantus.org\/de\/eventi\/konzert-in-gruyeres\/\" target=\"_blank\">\r\n<\/a>\r\n<div class=\"clear\"><\/div>\r\n<\/div>\r\n<\/div>\r\n<\/a>\r\n\r\n<div class=\"clear\" style=\"margin-bottom:5.5%;\"><\/div>\r\n<\/div>\t<\/div>\r\n<\/div> News<\/p>\n","protected":false},"author":1,"featured_media":0,"parent":0,"menu_order":0,"comment_status":"closed","ping_status":"closed","template":"","meta":{"_et_pb_use_builder":"on","_et_pb_old_content":"","_et_gb_content_width":"","footnotes":""},"class_list":["post-2286","page","type-page","status-publish","hentry"],"yoast_head":"<!-- This site is optimized with the Yoast SEO plugin v24.6 - https:\/\/yoast.com\/wordpress\/plugins\/seo\/ -->\n<title>News &amp; Veranstaltungen | Coro Calicantus<\/title>\n<meta name=\"robots\" content=\"index, follow, max-snippet:-1, max-image-preview:large, max-video-preview:-1\" \/>\n<link rel=\"canonical\" href=\"https:\/\/www.corocalicantus.org\/de\/news-veranstaltungen\/\" \/>\n<meta property=\"og:locale\" content=\"de_DE\" \/>\n<meta property=\"og:type\" content=\"article\" \/>\n<meta property=\"og:title\" content=\"News &amp; Veranstaltungen | Coro Calicantus\" \/>\n<meta property=\"og:description\" content=\"N\u00e4chste Konzerte des Chores News\" \/>\n<meta property=\"og:url\" content=\"https:\/\/www.corocalicantus.org\/de\/news-veranstaltungen\/\" \/>\n<meta property=\"og:site_name\" content=\"Coro Calicantus\" \/>\n<meta property=\"article:publisher\" content=\"https:\/\/www.facebook.com\/corocalicantuslocarnoticino\/\" \/>\n<meta property=\"article:modified_time\" content=\"2018-10-08T09:23:54+00:00\" \/>\n<meta name=\"twitter:card\" content=\"summary_large_image\" \/>\n<meta name=\"twitter:label1\" content=\"Gesch\u00e4tzte Lesezeit\" \/>\n\t<meta name=\"twitter:data1\" content=\"1\u00a0Minute\" \/>\n<script type=\"application\/ld+json\" class=\"yoast-schema-graph\">{\"@context\":\"https:\/\/schema.org\",\"@graph\":[{\"@type\":\"WebPage\",\"@id\":\"https:\/\/www.corocalicantus.org\/de\/news-veranstaltungen\/\",\"url\":\"https:\/\/www.corocalicantus.org\/de\/news-veranstaltungen\/\",\"name\":\"News & Veranstaltungen | Coro Calicantus\",\"isPartOf\":{\"@id\":\"https:\/\/www.corocalicantus.org\/#website\"},\"datePublished\":\"2017-07-06T15:45:58+00:00\",\"dateModified\":\"2018-10-08T09:23:54+00:00\",\"breadcrumb\":{\"@id\":\"https:\/\/www.corocalicantus.org\/de\/news-veranstaltungen\/#breadcrumb\"},\"inLanguage\":\"de\",\"potentialAction\":[{\"@type\":\"ReadAction\",\"target\":[\"https:\/\/www.corocalicantus.org\/de\/news-veranstaltungen\/\"]}]},{\"@type\":\"BreadcrumbList\",\"@id\":\"https:\/\/www.corocalicantus.org\/de\/news-veranstaltungen\/#breadcrumb\",\"itemListElement\":[{\"@type\":\"ListItem\",\"position\":1,\"name\":\"Home\",\"item\":\"https:\/\/www.corocalicantus.org\/de\/\"},{\"@type\":\"ListItem\",\"position\":2,\"name\":\"News &#038; Veranstaltungen\"}]},{\"@type\":\"WebSite\",\"@id\":\"https:\/\/www.corocalicantus.org\/#website\",\"url\":\"https:\/\/www.corocalicantus.org\/\",\"name\":\"Coro Calicantus\",\"description\":\"Scopri la magia della musica\",\"potentialAction\":[{\"@type\":\"SearchAction\",\"target\":{\"@type\":\"EntryPoint\",\"urlTemplate\":\"https:\/\/www.corocalicantus.org\/?s={search_term_string}\"},\"query-input\":{\"@type\":\"PropertyValueSpecification\",\"valueRequired\":true,\"valueName\":\"search_term_string\"}}],\"inLanguage\":\"de\"}]}<\/script>\n<!-- \/ Yoast SEO plugin. -->","yoast_head_json":{"title":"News & Veranstaltungen | Coro Calicantus","robots":{"index":"index","follow":"follow","max-snippet":"max-snippet:-1","max-image-preview":"max-image-preview:large","max-video-preview":"max-video-preview:-1"},"canonical":"https:\/\/www.corocalicantus.org\/de\/news-veranstaltungen\/","og_locale":"de_DE","og_type":"article","og_title":"News & Veranstaltungen | Coro Calicantus","og_description":"N\u00e4chste Konzerte des Chores News","og_url":"https:\/\/www.corocalicantus.org\/de\/news-veranstaltungen\/","og_site_name":"Coro Calicantus","article_publisher":"https:\/\/www.facebook.com\/corocalicantuslocarnoticino\/","article_modified_time":"2018-10-08T09:23:54+00:00","twitter_card":"summary_large_image","twitter_misc":{"Gesch\u00e4tzte Lesezeit":"1\u00a0Minute"},"schema":{"@context":"https:\/\/schema.org","@graph":[{"@type":"WebPage","@id":"https:\/\/www.corocalicantus.org\/de\/news-veranstaltungen\/","url":"https:\/\/www.corocalicantus.org\/de\/news-veranstaltungen\/","name":"News & Veranstaltungen | Coro Calicantus","isPartOf":{"@id":"https:\/\/www.corocalicantus.org\/#website"},"datePublished":"2017-07-06T15:45:58+00:00","dateModified":"2018-10-08T09:23:54+00:00","breadcrumb":{"@id":"https:\/\/www.corocalicantus.org\/de\/news-veranstaltungen\/#breadcrumb"},"inLanguage":"de","potentialAction":[{"@type":"ReadAction","target":["https:\/\/www.corocalicantus.org\/de\/news-veranstaltungen\/"]}]},{"@type":"BreadcrumbList","@id":"https:\/\/www.corocalicantus.org\/de\/news-veranstaltungen\/#breadcrumb","itemListElement":[{"@type":"ListItem","position":1,"name":"Home","item":"https:\/\/www.corocalicantus.org\/de\/"},{"@type":"ListItem","position":2,"name":"News &#038; Veranstaltungen"}]},{"@type":"WebSite","@id":"https:\/\/www.corocalicantus.org\/#website","url":"https:\/\/www.corocalicantus.org\/","name":"Coro Calicantus","description":"Scopri la magia della musica","potentialAction":[{"@type":"SearchAction","target":{"@type":"EntryPoint","urlTemplate":"https:\/\/www.corocalicantus.org\/?s={search_term_string}"},"query-input":{"@type":"PropertyValueSpecification","valueRequired":true,"valueName":"search_term_string"}}],"inLanguage":"de"}]}},"_links":{"self":[{"href":"https:\/\/www.corocalicantus.org\/de\/wp-json\/wp\/v2\/pages\/2286","targetHints":{"allow":["GET"]}}],"collection":[{"href":"https:\/\/www.corocalicantus.org\/de\/wp-json\/wp\/v2\/pages"}],"about":[{"href":"https:\/\/www.corocalicantus.org\/de\/wp-json\/wp\/v2\/types\/page"}],"author":[{"embeddable":true,"href":"https:\/\/www.corocalicantus.org\/de\/wp-json\/wp\/v2\/users\/1"}],"replies":[{"embeddable":true,"href":"https:\/\/www.corocalicantus.org\/de\/wp-json\/wp\/v2\/comments?post=2286"}],"version-history":[{"count":10,"href":"https:\/\/www.corocalicantus.org\/de\/wp-json\/wp\/v2\/pages\/2286\/revisions"}],"predecessor-version":[{"id":4599,"href":"https:\/\/www.corocalicantus.org\/de\/wp-json\/wp\/v2\/pages\/2286\/revisions\/4599"}],"wp:attachment":[{"href":"https:\/\/www.corocalicantus.org\/de\/wp-json\/wp\/v2\/media?parent=2286"}],"curies":[{"name":"wp","href":"https:\/\/api.w.org\/{rel}","templated":true}]}}