{"id":2289,"date":"2017-06-29T15:01:05","date_gmt":"2017-06-29T14:01:05","guid":{"rendered":"https:\/\/www.corocalicantus.org\/\/unterstutze-den-chor\/"},"modified":"2025-04-10T01:05:17","modified_gmt":"2025-04-10T00:05:17","slug":"unterstutze-den-chor","status":"publish","type":"page","link":"https:\/\/www.corocalicantus.org\/de\/was-ist-calicantus\/unterstutze-den-chor\/","title":{"rendered":"Unterst\u00fctze den Chor"},"content":{"rendered":"<p>[et_pb_section fb_built=&#8220;1&#8243; fullwidth=&#8220;on&#8220; module_class=&#8220;header_pagine&#8220; _builder_version=&#8220;4.16&#8243; background_image=&#8220;https:\/\/www.corocalicantus.org\/wp-content\/uploads\/sostienici.jpg&#8220; parallax=&#8220;on&#8220; parallax_method=&#8220;off&#8220; global_colors_info=&#8220;{}&#8220;][et_pb_fullwidth_post_title meta=&#8220;off&#8220; featured_image=&#8220;off&#8220; text_color=&#8220;light&#8220; _builder_version=&#8220;4.16&#8243; title_font_size=&#8220;62px&#8220; global_colors_info=&#8220;{}&#8220;][\/et_pb_fullwidth_post_title][\/et_pb_section][et_pb_section fb_built=&#8220;1&#8243; inner_shadow=&#8220;on&#8220; admin_label=&#8220;section&#8220; module_id=&#8220;diventa-socio&#8220; module_class=&#8220;bordo_superiore&#8220; _builder_version=&#8220;4.16&#8243; background_color=&#8220;#f7f7f7&#8243; global_colors_info=&#8220;{}&#8220;][et_pb_row column_structure=&#8220;2_3,1_3&#8243; admin_label=&#8220;row&#8220; _builder_version=&#8220;4.16&#8243; background_size=&#8220;initial&#8220; background_position=&#8220;top_left&#8220; background_repeat=&#8220;repeat&#8220; global_colors_info=&#8220;{}&#8220;][et_pb_column type=&#8220;2_3&#8243; _builder_version=&#8220;4.16&#8243; custom_padding=&#8220;|||&#8220; global_colors_info=&#8220;{}&#8220; custom_padding__hover=&#8220;|||&#8220;][et_pb_text admin_label=&#8220;amici&#8220; _builder_version=&#8220;4.23.1&#8243; module_alignment=&#8220;left&#8220; hover_enabled=&#8220;0&#8243; global_colors_info=&#8220;{}&#8220; sticky_enabled=&#8220;0&#8243;]<\/p>\n<h2>Associazione Amici del coro Calicantus<\/h2>\n<p>Der Verein Freundinnen\/Freund des Chores Calicantus hat zum Zweck, der Chorsingschule Unterst\u00fctzung und finanzielle Hilfe zu bieten.<\/p>\n<p>Er widmet sich insbesondere der Suche nach neuen Finanzierungsquellen und der Pflege der bereits bestehenden, indem er nach Geldgebern und Sponsoren sucht und die \u00f6ffentlichen und privaten Tr\u00e4gerschaften f\u00fcr die Arbeit der Singschule sensibilisiert.<\/p>\n<p><strong>Der Verein appelliert an die Grossz\u00fcgigkeit und Sensibilit\u00e4t all jener, die an Kultur interessiert sind<\/strong>. Man kann dem Chor auf verschiedene Weise nahe stehen.<\/p>\n<p>Viele Eltern schenken ihre Zeit, andere Freundinnen und Freunde unterst\u00fctzen ihn finanziell.<br \/>Jeder noch so kleine Beitrag ist wertvoll, auch das Meer setzt sich aus vielen Tropfen zusammen!<\/p>\n<p>Sie k\u00f6nnen folgende M\u00f6glichkeiten w\u00e4hlen:<\/p>\n<table width=\"600\" style=\"width: 594px;\">\n<tbody>\n<tr>\n<td style=\"width: 200.462px;\"><strong>Sympathisant<br \/>Sympathisantin<\/strong><\/td>\n<td style=\"width: 379.938px;\">Freier Beitrag<\/td>\n<\/tr>\n<tr>\n<td style=\"width: 200.462px;\"><strong>Aktivmitglied<\/strong><\/td>\n<td style=\"width: 379.938px;\">ab CHF 200.- nat\u00fcrliche Personen \/<br \/>ab CHF 500.- juristische Personen<\/td>\n<\/tr>\n<tr>\n<td style=\"width: 200.462px;\"><strong>Ehrenmitglied<\/strong><\/td>\n<td style=\"width: 379.938px;\">CHF 1\u2019000.-<\/td>\n<\/tr>\n<tr>\n<td style=\"width: 200.462px;\"><strong>Patin\/Pate<\/strong><\/td>\n<td style=\"width: 379.938px;\">mehr \u2026<\/td>\n<\/tr>\n<\/tbody>\n<\/table>\n<p>Damit Sie sich ein Bild machen k\u00f6nnen:<\/p>\n<ul>\n<li>mit CHF 50.- geben wir dem Chor eine gesunde Zwischenverpflegung w\u00e4hrend einer Konzerttournee<\/li>\n<li>mit CHF 200.- bieten wir dem Chor einen kulturellen Besuch w\u00e4hrend einer Konzerttournee<\/li>\n<li>mit CHF 1&#8217;000.- decken wir die Kosten f\u00fcr die Miete eines Klaviers f\u00fcr ein Konzert<\/li>\n<li>mit CHF 12&#8217;000.-\/ 14&#8217;000.- decken wir die Kosten f\u00fcr eine Busfahrt ins Ausland<\/li>\n<\/ul>\n<p>F\u00fcr weitere Informationen: <a href=\"mailto:associazione@corocalicantus.org\">associazione@corocalicantus.org<\/a><\/p>\n<p>[\/et_pb_text][\/et_pb_column][et_pb_column type=&#8220;1_3&#8243; _builder_version=&#8220;4.16&#8243; custom_padding=&#8220;|||&#8220; global_colors_info=&#8220;{}&#8220; custom_padding__hover=&#8220;|||&#8220;][et_pb_image src=&#8220;https:\/\/www.corocalicantus.org\/wp-content\/uploads\/amici_coro_calicantus.png&#8220; align_tablet=&#8220;center&#8220; align_phone=&#8220;&#8220; align_last_edited=&#8220;on|desktop&#8220; _builder_version=&#8220;4.16&#8243; animation_style=&#8220;slide&#8220; animation_direction=&#8220;left&#8220; animation_duration=&#8220;500ms&#8220; animation_intensity_slide=&#8220;10%&#8220; global_colors_info=&#8220;{}&#8220;][\/et_pb_image][et_pb_text admin_label=&#8220;amici&#8220; _builder_version=&#8220;4.16&#8243; border_style=&#8220;solid&#8220; global_colors_info=&#8220;{}&#8220;]<\/p>\n<h3>Spenden an den Verein:<\/h3>\n<p>Bankverbindung:<br \/>Banca Raiffeisen Locarno<br \/>Piazza Muraccio 6, CH-6600 Locarno<br \/><strong>IBAN: CH08 8080 8001 9217 5484 2<\/strong><\/p>\n<p>Clearing: 80379<br \/>SWIFT-BIC: RAIFCH22<\/p>\n<p>Zu Gunsten von:<br \/><strong>Associazione Amici del Coro Calicantus<br \/><\/strong><strong><\/strong>Via Bramantino 27<br \/>Casella Postale 206<br \/>CH-6601 Locarno<br \/>Tel. +41 91 743 21 81<\/p>\n<p>[\/et_pb_text][et_pb_image src=&#8220;https:\/\/www.corocalicantus.org\/wp-content\/uploads\/2024\/06\/QR_Amici_dal_06_2024.png&#8220; title_text=&#8220;QR_Amici_dal_06_2024&#8243; _builder_version=&#8220;4.23.1&#8243; _module_preset=&#8220;default&#8220; custom_padding=&#8220;|181px|0px|||&#8220; global_colors_info=&#8220;{}&#8220;][\/et_pb_image][\/et_pb_column][\/et_pb_row][et_pb_row column_structure=&#8220;2_3,1_3&#8243; admin_label=&#8220;row&#8220; _builder_version=&#8220;4.16&#8243; background_size=&#8220;initial&#8220; background_position=&#8220;top_left&#8220; background_repeat=&#8220;repeat&#8220; global_colors_info=&#8220;{}&#8220;][et_pb_column type=&#8220;2_3&#8243; _builder_version=&#8220;4.16&#8243; custom_padding=&#8220;|||&#8220; global_colors_info=&#8220;{}&#8220; custom_padding__hover=&#8220;|||&#8220;][et_pb_contact_form captcha=&#8220;off&#8220; email=&#8220;info@corocalicantus.org&#8220; title=&#8220;Werde zur Freundin\/zum Freund des Chores&#8220; module_id=&#8220;et_pb_contact_form_0&#8243; module_class=&#8220;ombra&#8220; _builder_version=&#8220;4.16&#8243; _unique_id=&#8220;3794e840-c0e4-4807-8d5a-a2e4438a62b0&#8243; global_colors_info=&#8220;{}&#8220;][et_pb_contact_field field_id=&#8220;tipo&#8220; field_title=&#8220;Meine Wahl:&#8220; field_type=&#8220;radio&#8220; radio_options=&#8220;%91{%22value%22:%22Simpatizzante%22,%22checked%22:0},{%22value%22:%22Socio attivo%22,%22checked%22:0},{%22value%22:%22Socio onorario%22,%22checked%22:0},{%22value%22:%22Madrina\/Padrino%22,%22checked%22:0}%93&#8243; required_mark=&#8220;off&#8220; fullwidth_field=&#8220;on&#8220; _builder_version=&#8220;4.16&#8243; form_field_font=&#8220;||||&#8220; use_border_color=&#8220;off&#8220; border_style=&#8220;solid&#8220; global_colors_info=&#8220;{}&#8220; button_text_size__hover_enabled=&#8220;off&#8220; button_one_text_size__hover_enabled=&#8220;off&#8220; button_two_text_size__hover_enabled=&#8220;off&#8220; button_text_color__hover_enabled=&#8220;off&#8220; button_one_text_color__hover_enabled=&#8220;off&#8220; button_two_text_color__hover_enabled=&#8220;off&#8220; button_border_width__hover_enabled=&#8220;off&#8220; button_one_border_width__hover_enabled=&#8220;off&#8220; button_two_border_width__hover_enabled=&#8220;off&#8220; button_border_color__hover_enabled=&#8220;off&#8220; button_one_border_color__hover_enabled=&#8220;off&#8220; button_two_border_color__hover_enabled=&#8220;off&#8220; button_border_radius__hover_enabled=&#8220;off&#8220; button_one_border_radius__hover_enabled=&#8220;off&#8220; button_two_border_radius__hover_enabled=&#8220;off&#8220; button_letter_spacing__hover_enabled=&#8220;off&#8220; button_one_letter_spacing__hover_enabled=&#8220;off&#8220; button_two_letter_spacing__hover_enabled=&#8220;off&#8220; button_bg_color__hover_enabled=&#8220;off&#8220; button_one_bg_color__hover_enabled=&#8220;off&#8220; button_two_bg_color__hover_enabled=&#8220;off&#8220;][\/et_pb_contact_field][et_pb_contact_field field_id=&#8220;Name&#8220; field_title=&#8220;Name&#8220; fullwidth_field=&#8220;on&#8220; _builder_version=&#8220;4.16&#8243; form_field_font=&#8220;||||&#8220; use_border_color=&#8220;off&#8220; global_colors_info=&#8220;{}&#8220; button_text_size__hover_enabled=&#8220;off&#8220; button_one_text_size__hover_enabled=&#8220;off&#8220; button_two_text_size__hover_enabled=&#8220;off&#8220; button_text_color__hover_enabled=&#8220;off&#8220; button_one_text_color__hover_enabled=&#8220;off&#8220; button_two_text_color__hover_enabled=&#8220;off&#8220; button_border_width__hover_enabled=&#8220;off&#8220; button_one_border_width__hover_enabled=&#8220;off&#8220; button_two_border_width__hover_enabled=&#8220;off&#8220; button_border_color__hover_enabled=&#8220;off&#8220; button_one_border_color__hover_enabled=&#8220;off&#8220; button_two_border_color__hover_enabled=&#8220;off&#8220; button_border_radius__hover_enabled=&#8220;off&#8220; button_one_border_radius__hover_enabled=&#8220;off&#8220; button_two_border_radius__hover_enabled=&#8220;off&#8220; button_letter_spacing__hover_enabled=&#8220;off&#8220; button_one_letter_spacing__hover_enabled=&#8220;off&#8220; button_two_letter_spacing__hover_enabled=&#8220;off&#8220; button_bg_color__hover_enabled=&#8220;off&#8220; button_one_bg_color__hover_enabled=&#8220;off&#8220; button_two_bg_color__hover_enabled=&#8220;off&#8220;][\/et_pb_contact_field][et_pb_contact_field field_id=&#8220;Email&#8220; field_title=&#8220;Email-Adresse&#8220; field_type=&#8220;email&#8220; fullwidth_field=&#8220;on&#8220; _builder_version=&#8220;4.16&#8243; form_field_font=&#8220;||||&#8220; use_border_color=&#8220;off&#8220; global_colors_info=&#8220;{}&#8220; button_text_size__hover_enabled=&#8220;off&#8220; button_one_text_size__hover_enabled=&#8220;off&#8220; button_two_text_size__hover_enabled=&#8220;off&#8220; button_text_color__hover_enabled=&#8220;off&#8220; button_one_text_color__hover_enabled=&#8220;off&#8220; button_two_text_color__hover_enabled=&#8220;off&#8220; button_border_width__hover_enabled=&#8220;off&#8220; button_one_border_width__hover_enabled=&#8220;off&#8220; button_two_border_width__hover_enabled=&#8220;off&#8220; button_border_color__hover_enabled=&#8220;off&#8220; button_one_border_color__hover_enabled=&#8220;off&#8220; button_two_border_color__hover_enabled=&#8220;off&#8220; button_border_radius__hover_enabled=&#8220;off&#8220; button_one_border_radius__hover_enabled=&#8220;off&#8220; button_two_border_radius__hover_enabled=&#8220;off&#8220; button_letter_spacing__hover_enabled=&#8220;off&#8220; button_one_letter_spacing__hover_enabled=&#8220;off&#8220; button_two_letter_spacing__hover_enabled=&#8220;off&#8220; button_bg_color__hover_enabled=&#8220;off&#8220; button_one_bg_color__hover_enabled=&#8220;off&#8220; button_two_bg_color__hover_enabled=&#8220;off&#8220;][\/et_pb_contact_field][\/et_pb_contact_form][\/et_pb_column][et_pb_column type=&#8220;1_3&#8243; _builder_version=&#8220;4.16&#8243; custom_padding=&#8220;|||&#8220; global_colors_info=&#8220;{}&#8220; custom_padding__hover=&#8220;|||&#8220;][\/et_pb_column][\/et_pb_row][\/et_pb_section]<\/p>\n","protected":false},"excerpt":{"rendered":"<p>Associazione Amici del coro Calicantus Der Verein Freundinnen\/Freund des Chores Calicantus hat zum Zweck, der Chorsingschule Unterst\u00fctzung und finanzielle Hilfe zu bieten. Er widmet sich insbesondere der Suche nach neuen Finanzierungsquellen und der Pflege der bereits bestehenden, indem er nach Geldgebern und Sponsoren sucht und die \u00f6ffentlichen und privaten Tr\u00e4gerschaften f\u00fcr die Arbeit der Singschule [&hellip;]<\/p>\n","protected":false},"author":1,"featured_media":0,"parent":2328,"menu_order":0,"comment_status":"closed","ping_status":"closed","template":"","meta":{"_et_pb_use_builder":"on","_et_pb_old_content":"","_et_gb_content_width":"","footnotes":""},"class_list":["post-2289","page","type-page","status-publish","hentry"],"yoast_head":"<!-- This site is optimized with the Yoast SEO plugin v24.6 - https:\/\/yoast.com\/wordpress\/plugins\/seo\/ -->\n<title>Unterst\u00fctze den Chor | Coro Calicantus<\/title>\n<meta name=\"robots\" content=\"index, follow, max-snippet:-1, max-image-preview:large, max-video-preview:-1\" \/>\n<link rel=\"canonical\" href=\"https:\/\/www.corocalicantus.org\/de\/was-ist-calicantus\/unterstutze-den-chor\/\" \/>\n<meta property=\"og:locale\" content=\"de_DE\" \/>\n<meta property=\"og:type\" content=\"article\" \/>\n<meta property=\"og:title\" content=\"Unterst\u00fctze den Chor | Coro Calicantus\" \/>\n<meta property=\"og:description\" content=\"Associazione Amici del coro Calicantus Der Verein Freundinnen\/Freund des Chores Calicantus hat zum Zweck, der Chorsingschule Unterst\u00fctzung und finanzielle Hilfe zu bieten. Er widmet sich insbesondere der Suche nach neuen Finanzierungsquellen und der Pflege der bereits bestehenden, indem er nach Geldgebern und Sponsoren sucht und die \u00f6ffentlichen und privaten Tr\u00e4gerschaften f\u00fcr die Arbeit der Singschule [&hellip;]\" \/>\n<meta property=\"og:url\" content=\"https:\/\/www.corocalicantus.org\/de\/was-ist-calicantus\/unterstutze-den-chor\/\" \/>\n<meta property=\"og:site_name\" content=\"Coro Calicantus\" \/>\n<meta property=\"article:publisher\" content=\"https:\/\/www.facebook.com\/corocalicantuslocarnoticino\/\" \/>\n<meta property=\"article:modified_time\" content=\"2025-04-10T00:05:17+00:00\" \/>\n<meta name=\"twitter:card\" content=\"summary_large_image\" \/>\n<meta name=\"twitter:label1\" content=\"Gesch\u00e4tzte Lesezeit\" \/>\n\t<meta name=\"twitter:data1\" content=\"6\u00a0Minuten\" \/>\n<script type=\"application\/ld+json\" class=\"yoast-schema-graph\">{\"@context\":\"https:\/\/schema.org\",\"@graph\":[{\"@type\":\"WebPage\",\"@id\":\"https:\/\/www.corocalicantus.org\/de\/was-ist-calicantus\/unterstutze-den-chor\/\",\"url\":\"https:\/\/www.corocalicantus.org\/de\/was-ist-calicantus\/unterstutze-den-chor\/\",\"name\":\"Unterst\u00fctze den Chor | Coro Calicantus\",\"isPartOf\":{\"@id\":\"https:\/\/www.corocalicantus.org\/#website\"},\"datePublished\":\"2017-06-29T14:01:05+00:00\",\"dateModified\":\"2025-04-10T00:05:17+00:00\",\"breadcrumb\":{\"@id\":\"https:\/\/www.corocalicantus.org\/de\/was-ist-calicantus\/unterstutze-den-chor\/#breadcrumb\"},\"inLanguage\":\"de\",\"potentialAction\":[{\"@type\":\"ReadAction\",\"target\":[\"https:\/\/www.corocalicantus.org\/de\/was-ist-calicantus\/unterstutze-den-chor\/\"]}]},{\"@type\":\"BreadcrumbList\",\"@id\":\"https:\/\/www.corocalicantus.org\/de\/was-ist-calicantus\/unterstutze-den-chor\/#breadcrumb\",\"itemListElement\":[{\"@type\":\"ListItem\",\"position\":1,\"name\":\"Home\",\"item\":\"https:\/\/www.corocalicantus.org\/de\/\"},{\"@type\":\"ListItem\",\"position\":2,\"name\":\"Was ist Calicantus?\",\"item\":\"https:\/\/www.corocalicantus.org\/de\/was-ist-calicantus\/\"},{\"@type\":\"ListItem\",\"position\":3,\"name\":\"Unterst\u00fctze den Chor\"}]},{\"@type\":\"WebSite\",\"@id\":\"https:\/\/www.corocalicantus.org\/#website\",\"url\":\"https:\/\/www.corocalicantus.org\/\",\"name\":\"Coro Calicantus\",\"description\":\"Scopri la magia della musica\",\"potentialAction\":[{\"@type\":\"SearchAction\",\"target\":{\"@type\":\"EntryPoint\",\"urlTemplate\":\"https:\/\/www.corocalicantus.org\/?s={search_term_string}\"},\"query-input\":{\"@type\":\"PropertyValueSpecification\",\"valueRequired\":true,\"valueName\":\"search_term_string\"}}],\"inLanguage\":\"de\"}]}<\/script>\n<!-- \/ Yoast SEO plugin. -->","yoast_head_json":{"title":"Unterst\u00fctze den Chor | Coro Calicantus","robots":{"index":"index","follow":"follow","max-snippet":"max-snippet:-1","max-image-preview":"max-image-preview:large","max-video-preview":"max-video-preview:-1"},"canonical":"https:\/\/www.corocalicantus.org\/de\/was-ist-calicantus\/unterstutze-den-chor\/","og_locale":"de_DE","og_type":"article","og_title":"Unterst\u00fctze den Chor | Coro Calicantus","og_description":"Associazione Amici del coro Calicantus Der Verein Freundinnen\/Freund des Chores Calicantus hat zum Zweck, der Chorsingschule Unterst\u00fctzung und finanzielle Hilfe zu bieten. Er widmet sich insbesondere der Suche nach neuen Finanzierungsquellen und der Pflege der bereits bestehenden, indem er nach Geldgebern und Sponsoren sucht und die \u00f6ffentlichen und privaten Tr\u00e4gerschaften f\u00fcr die Arbeit der Singschule [&hellip;]","og_url":"https:\/\/www.corocalicantus.org\/de\/was-ist-calicantus\/unterstutze-den-chor\/","og_site_name":"Coro Calicantus","article_publisher":"https:\/\/www.facebook.com\/corocalicantuslocarnoticino\/","article_modified_time":"2025-04-10T00:05:17+00:00","twitter_card":"summary_large_image","twitter_misc":{"Gesch\u00e4tzte Lesezeit":"6\u00a0Minuten"},"schema":{"@context":"https:\/\/schema.org","@graph":[{"@type":"WebPage","@id":"https:\/\/www.corocalicantus.org\/de\/was-ist-calicantus\/unterstutze-den-chor\/","url":"https:\/\/www.corocalicantus.org\/de\/was-ist-calicantus\/unterstutze-den-chor\/","name":"Unterst\u00fctze den Chor | Coro Calicantus","isPartOf":{"@id":"https:\/\/www.corocalicantus.org\/#website"},"datePublished":"2017-06-29T14:01:05+00:00","dateModified":"2025-04-10T00:05:17+00:00","breadcrumb":{"@id":"https:\/\/www.corocalicantus.org\/de\/was-ist-calicantus\/unterstutze-den-chor\/#breadcrumb"},"inLanguage":"de","potentialAction":[{"@type":"ReadAction","target":["https:\/\/www.corocalicantus.org\/de\/was-ist-calicantus\/unterstutze-den-chor\/"]}]},{"@type":"BreadcrumbList","@id":"https:\/\/www.corocalicantus.org\/de\/was-ist-calicantus\/unterstutze-den-chor\/#breadcrumb","itemListElement":[{"@type":"ListItem","position":1,"name":"Home","item":"https:\/\/www.corocalicantus.org\/de\/"},{"@type":"ListItem","position":2,"name":"Was ist Calicantus?","item":"https:\/\/www.corocalicantus.org\/de\/was-ist-calicantus\/"},{"@type":"ListItem","position":3,"name":"Unterst\u00fctze den Chor"}]},{"@type":"WebSite","@id":"https:\/\/www.corocalicantus.org\/#website","url":"https:\/\/www.corocalicantus.org\/","name":"Coro Calicantus","description":"Scopri la magia della musica","potentialAction":[{"@type":"SearchAction","target":{"@type":"EntryPoint","urlTemplate":"https:\/\/www.corocalicantus.org\/?s={search_term_string}"},"query-input":{"@type":"PropertyValueSpecification","valueRequired":true,"valueName":"search_term_string"}}],"inLanguage":"de"}]}},"_links":{"self":[{"href":"https:\/\/www.corocalicantus.org\/de\/wp-json\/wp\/v2\/pages\/2289","targetHints":{"allow":["GET"]}}],"collection":[{"href":"https:\/\/www.corocalicantus.org\/de\/wp-json\/wp\/v2\/pages"}],"about":[{"href":"https:\/\/www.corocalicantus.org\/de\/wp-json\/wp\/v2\/types\/page"}],"author":[{"embeddable":true,"href":"https:\/\/www.corocalicantus.org\/de\/wp-json\/wp\/v2\/users\/1"}],"replies":[{"embeddable":true,"href":"https:\/\/www.corocalicantus.org\/de\/wp-json\/wp\/v2\/comments?post=2289"}],"version-history":[{"count":24,"href":"https:\/\/www.corocalicantus.org\/de\/wp-json\/wp\/v2\/pages\/2289\/revisions"}],"predecessor-version":[{"id":5947,"href":"https:\/\/www.corocalicantus.org\/de\/wp-json\/wp\/v2\/pages\/2289\/revisions\/5947"}],"up":[{"embeddable":true,"href":"https:\/\/www.corocalicantus.org\/de\/wp-json\/wp\/v2\/pages\/2328"}],"wp:attachment":[{"href":"https:\/\/www.corocalicantus.org\/de\/wp-json\/wp\/v2\/media?parent=2289"}],"curies":[{"name":"wp","href":"https:\/\/api.w.org\/{rel}","templated":true}]}}