{"id":2311,"date":"2017-06-18T12:32:14","date_gmt":"2017-06-18T11:32:14","guid":{"rendered":"https:\/\/www.corocalicantus.org\/\/fur-die-kleinsten\/"},"modified":"2022-06-07T10:50:32","modified_gmt":"2022-06-07T09:50:32","slug":"fur-die-kleinsten","status":"publish","type":"page","link":"https:\/\/www.corocalicantus.org\/de\/die-chore\/fur-die-kleinsten\/","title":{"rendered":"F\u00fcr die Kleinsten"},"content":{"rendered":"<p>[et_pb_section fb_built=&#8220;1&#8243; fullwidth=&#8220;on&#8220; module_class=&#8220;header_pagine&#8220; _builder_version=&#8220;3.22&#8243; background_image=&#8220;https:\/\/www.corocalicantus.org\/wp-content\/uploads\/per_i_piu_piccoli.jpg&#8220; parallax=&#8220;on&#8220; parallax_method=&#8220;off&#8220; fb_built=&#8220;1&#8243; _i=&#8220;0&#8243; _address=&#8220;0&#8243;][et_pb_fullwidth_post_title meta=&#8220;off&#8220; featured_image=&#8220;off&#8220; text_color=&#8220;light&#8220; _builder_version=&#8220;3.0.74&#8243; title_font_size=&#8220;62px&#8220; _i=&#8220;0&#8243; _address=&#8220;0.0&#8243;][\/et_pb_fullwidth_post_title][et_pb_fullwidth_menu menu_id=&#8220;12&#8243; submenu_direction=&#8220;downwards&#8220; fullwidth_menu=&#8220;off&#8220; active_link_color=&#8220;#edef81&#8243; _builder_version=&#8220;3.0.61&#8243; menu_font=&#8220;|on||on|&#8220; background_color=&#8220;#f96c39&#8243; background_layout=&#8220;dark&#8220; _i=&#8220;1&#8243; _address=&#8220;0.1&#8243;][\/et_pb_fullwidth_menu][\/et_pb_section][et_pb_section fb_built=&#8220;1&#8243; inner_shadow=&#8220;on&#8220; admin_label=&#8220;section&#8220; _builder_version=&#8220;3.22&#8243; background_color=&#8220;#f7f7f7&#8243; fb_built=&#8220;1&#8243; _i=&#8220;1&#8243; _address=&#8220;1&#8243;][et_pb_row column_structure=&#8220;1_2,1_4,1_4&#8243; admin_label=&#8220;row&#8220; _builder_version=&#8220;3.25&#8243; background_size=&#8220;initial&#8220; background_position=&#8220;top_left&#8220; background_repeat=&#8220;repeat&#8220; _i=&#8220;0&#8243; _address=&#8220;1.0&#8243;][et_pb_column type=&#8220;1_2&#8243; _builder_version=&#8220;3.25&#8243; custom_padding=&#8220;|||&#8220; _i=&#8220;0&#8243; _address=&#8220;1.0.0&#8243; custom_padding__hover=&#8220;|||&#8220;][et_pb_text admin_label=&#8220;Presentazione&#8220; _builder_version=&#8220;3.27.4&#8243; _i=&#8220;0&#8243; _address=&#8220;1.0.0.0&#8243;]<\/p>\n<h2>Begegnungen Eltern-Kind<\/h2>\n<p><em>Musikspiele entdecken<\/em><\/p>\n<p>Die \u201cBegegnungen Eltern-Kind\u201d bieten die M\u00f6glichkeit, durch Klangerlebnisse die Beziehung zwischen Mutter oder Vater und Kind zu f\u00f6rdern.<\/p>\n<p>\u00a0Angeleitet durch eine P\u00e4dagogin und eine Kinderg\u00e4rtnerin <strong>bieten die Begegnungen verschiedene Spiele, kurze gemimte Melodien und Momente des Anh\u00f6rens von Musik.<\/strong><\/p>\n<p>\u00a0Eines der Ziele dabei ist, einfache Aktivit\u00e4ten vorzuschlagen, die zu Hause durchgef\u00fchrt werden k\u00f6nnen, um verschiedene Momente des Tages mit Musik zu bereichern, vom Aufwachen bis zu den Mahlzeiten und zum Einschlafen.<\/p>\n<p>[\/et_pb_text][\/et_pb_column][et_pb_column type=&#8220;1_4&#8243; _builder_version=&#8220;3.25&#8243; custom_padding=&#8220;|||&#8220; _i=&#8220;1&#8243; _address=&#8220;1.0.1&#8243; custom_padding__hover=&#8220;|||&#8220;][et_pb_text admin_label=&#8220;Info pratiche&#8220; module_class=&#8220;ombra&#8220; _builder_version=&#8220;3.27.4&#8243; header_font=&#8220;|||on|&#8220; module_alignment=&#8220;left&#8220; _i=&#8220;0&#8243; _address=&#8220;1.0.1.0&#8243;]<\/p>\n<h3 style=\"text-align: center;\">Wer, wann, wo und mit wem<\/h3>\n<ul>\n<li><strong>Kinder von 2-3 Jahren<\/strong> in Begleitung eines Erwachsenen<\/li>\n<li>Ein w\u00f6chentliches Treffen von 45 Minuten \u2013 Daten werden aufgrund der Anmeldungen festgelegt<\/li>\n<li><span style=\"font-size: 16px;\">am Sitz <\/span><a href=\"https:\/\/www.corocalicantus.org\/de\/was-ist-calicantus\/wo-sie-uns-finden\/\" style=\"font-size: 16px;\">des Chores Calicantus<\/a><\/li>\n<li>Maura Kuratli, Elisa Covelli<\/li>\n<\/ul>\n<p>[\/et_pb_text][\/et_pb_column][et_pb_column type=&#8220;1_4&#8243; _builder_version=&#8220;3.25&#8243; custom_padding=&#8220;|||&#8220; _i=&#8220;2&#8243; _address=&#8220;1.0.2&#8243; custom_padding__hover=&#8220;|||&#8220;][et_pb_image src=&#8220;https:\/\/www.corocalicantus.org\/wp-content\/uploads\/genitore_bambino-1.jpg&#8220; align_tablet=&#8220;center&#8220; align_last_edited=&#8220;on|desktop&#8220; _builder_version=&#8220;3.23&#8243; animation_style=&#8220;slide&#8220; animation_direction=&#8220;left&#8220; animation_duration=&#8220;500ms&#8220; animation_intensity_slide=&#8220;10%&#8220; _i=&#8220;0&#8243; _address=&#8220;1.0.2.0&#8243;][\/et_pb_image][\/et_pb_column][\/et_pb_row][\/et_pb_section][et_pb_section fb_built=&#8220;1&#8243; inner_shadow=&#8220;on&#8220; admin_label=&#8220;section&#8220; module_id=&#8220;iniziazione&#8220; module_class=&#8220;bordo_superiore&#8220; _builder_version=&#8220;3.22&#8243; background_color=&#8220;#f7f7f7&#8243; fb_built=&#8220;1&#8243; _i=&#8220;2&#8243; _address=&#8220;2&#8243;][et_pb_row column_structure=&#8220;1_2,1_4,1_4&#8243; admin_label=&#8220;row&#8220; _builder_version=&#8220;3.25&#8243; background_size=&#8220;initial&#8220; background_position=&#8220;top_left&#8220; background_repeat=&#8220;repeat&#8220; _i=&#8220;0&#8243; _address=&#8220;2.0&#8243;][et_pb_column type=&#8220;1_2&#8243; _builder_version=&#8220;3.25&#8243; custom_padding=&#8220;|||&#8220; _i=&#8220;0&#8243; _address=&#8220;2.0.0&#8243; custom_padding__hover=&#8220;|||&#8220;][et_pb_text admin_label=&#8220;Presentazione&#8220; _builder_version=&#8220;3.27.4&#8243; _i=&#8220;0&#8243; _address=&#8220;2.0.0.0&#8243;]<\/p>\n<h2>Einf\u00fchrungskurs Stimme und Rhythmik<\/h2>\n<p>Der Einf\u00fchrungskurs in die Musik bietet eine Gelegenheit, <strong>sich der Welt der Musik in einem liebevollen Rahmen zu n\u00e4hern, indem man sich gemeinsam mit anderen Kindern spielerisch <\/strong>mit Rhythmus und sch\u00f6nen Melodien besch\u00e4ftigt.<\/p>\n<p>Der Maestro <span><a href=\"http:\/\/coca.2bee.ch\/de\/was-ist-calicantus\/der-maestro\/\">Mario Fontana<\/a><\/span> hat sich auf Kinderstimmbildung spezialisiert. Zusammen mit einer Kinderg\u00e4rtnerin, einer Musiktherapeutin und einer Vorschullehrerin vermittelt er in diesem Kurs f\u00fcr die Kleinsten ausdrucksvolle Inhalte, die von ihren Familien sehr gesch\u00e4tzt werden.<\/p>\n<p><span style=\"font-size: 16px;\">Spiele zum H\u00f6ren lernen, Bewegungsspiele, mimische Darstellungen, Lieder und vieles mehr sind die wesentlichen Zutaten, um die Neugierde f\u00fcr die Welt der Kl\u00e4nge zu wecken, die den Kindern in ihrer Entwicklung hilft.<\/span><\/p>\n<p>Tiere und Fantasiefiguren, allerlei T\u00f6ne, Improvisationen mit Instrumenten, Fabeln und Ringelt\u00e4nze tragen dazu bei, dass Ihre Kinder grossen Spass dabei haben.<\/p>\n<p>[\/et_pb_text][\/et_pb_column][et_pb_column type=&#8220;1_4&#8243; _builder_version=&#8220;3.25&#8243; custom_padding=&#8220;|||&#8220; _i=&#8220;1&#8243; _address=&#8220;2.0.1&#8243; custom_padding__hover=&#8220;|||&#8220;][et_pb_text admin_label=&#8220;Info pratiche&#8220; module_class=&#8220;ombra&#8220; _builder_version=&#8220;3.27.4&#8243; header_font=&#8220;|||on|&#8220; _i=&#8220;0&#8243; _address=&#8220;2.0.1.0&#8243;]<\/p>\n<h3 style=\"text-align: center;\">Wer, wann,wo und mit wem<\/h3>\n<ul>\n<li><strong>Kinder von 4-6 Jahren<\/strong><\/li>\n<li>Donnerstags von 16.15 bis 17.00 Uhr, ab dem dritten Donnerstag im September<\/li>\n<li><span style=\"font-size: 16px;\">am <\/span><a href=\"https:\/\/www.corocalicantus.org\/de\/was-ist-calicantus\/wo-sie-uns-finden\/\" style=\"font-size: 16px;\">Sitz des Chores Calicantus<\/a><\/li>\n<li>Mario Fontana, Maura Kuratli, Elisa Covelli<\/li>\n<\/ul>\n<p>[\/et_pb_text][et_pb_cta title=&#8220;Sing mit uns&#8220; button_url=&#8220;\/de\/sing-mit-uns\/&#8220; button_text=&#8220;Kostenlose Probelektionen&#8220; admin_label=&#8220;Unisciti al Coro&#8220; module_class=&#8220;ombra&#8220; _builder_version=&#8220;3.0.69&#8243; header_font=&#8220;|||on|&#8220; header_font_size=&#8220;22px&#8220; background_size=&#8220;initial&#8220; background_position=&#8220;top_left&#8220; background_repeat=&#8220;repeat&#8220; custom_button=&#8220;on&#8220; button_text_size=&#8220;14px&#8220; button_border_width=&#8220;2px&#8220; button_border_color=&#8220;rgba(255,255,255,0.5)&#8220; global_module=&#8220;293&#8243; saved_tabs=&#8220;all&#8220; button_text_size__hover_enabled=&#8220;off&#8220; button_one_text_size__hover_enabled=&#8220;off&#8220; button_two_text_size__hover_enabled=&#8220;off&#8220; button_text_color__hover_enabled=&#8220;off&#8220; button_one_text_color__hover_enabled=&#8220;off&#8220; button_two_text_color__hover_enabled=&#8220;off&#8220; button_border_width__hover_enabled=&#8220;off&#8220; button_one_border_width__hover_enabled=&#8220;off&#8220; button_two_border_width__hover_enabled=&#8220;off&#8220; button_border_color__hover_enabled=&#8220;off&#8220; button_one_border_color__hover_enabled=&#8220;off&#8220; button_two_border_color__hover_enabled=&#8220;off&#8220; button_border_radius__hover_enabled=&#8220;off&#8220; button_one_border_radius__hover_enabled=&#8220;off&#8220; button_two_border_radius__hover_enabled=&#8220;off&#8220; button_letter_spacing__hover_enabled=&#8220;off&#8220; button_one_letter_spacing__hover_enabled=&#8220;off&#8220; button_two_letter_spacing__hover_enabled=&#8220;off&#8220; button_bg_color__hover_enabled=&#8220;off&#8220; button_one_bg_color__hover_enabled=&#8220;off&#8220; button_two_bg_color__hover_enabled=&#8220;off&#8220; _i=&#8220;1&#8243; _address=&#8220;2.0.1.1&#8243;][\/et_pb_cta][\/et_pb_column][et_pb_column type=&#8220;1_4&#8243; _builder_version=&#8220;3.25&#8243; custom_padding=&#8220;|||&#8220; _i=&#8220;2&#8243; _address=&#8220;2.0.2&#8243; custom_padding__hover=&#8220;|||&#8220;][et_pb_image src=&#8220;https:\/\/www.corocalicantus.org\/wp-content\/uploads\/corso_preparatorio-1.jpg&#8220; align_tablet=&#8220;center&#8220; align_last_edited=&#8220;on|desktop&#8220; _builder_version=&#8220;3.23&#8243; animation_style=&#8220;slide&#8220; animation_direction=&#8220;left&#8220; animation_duration=&#8220;500ms&#8220; animation_intensity_slide=&#8220;10%&#8220; _i=&#8220;0&#8243; _address=&#8220;2.0.2.0&#8243;][\/et_pb_image][\/et_pb_column][\/et_pb_row][\/et_pb_section][et_pb_section fb_built=&#8220;1&#8243; _builder_version=&#8220;3.22&#8243; background_color=&#8220;#f96c39&#8243; parallax=&#8220;on&#8220; fb_built=&#8220;1&#8243; _i=&#8220;3&#8243; _address=&#8220;3&#8243;][et_pb_row use_custom_gutter=&#8220;on&#8220; gutter_width=&#8220;1&#8243; module_class=&#8220; et_pb_row_fullwidth&#8220; _builder_version=&#8220;3.25&#8243; background_size=&#8220;initial&#8220; background_position=&#8220;top_left&#8220; background_repeat=&#8220;repeat&#8220; width=&#8220;100%&#8220; width_tablet=&#8220;100%&#8220; width_last_edited=&#8220;on|desktop&#8220; max_width=&#8220;100%&#8220; max_width_tablet=&#8220;100%&#8220; max_width_last_edited=&#8220;on|desktop&#8220; custom_margin=&#8220;0px||0px|&#8220; custom_padding=&#8220;0px||0px|&#8220; make_fullwidth=&#8220;on&#8220; _i=&#8220;0&#8243; _address=&#8220;3.0&#8243;][et_pb_column type=&#8220;4_4&#8243; _builder_version=&#8220;3.25&#8243; custom_padding=&#8220;0px||0px|&#8220; padding_bottom=&#8220;0px&#8220; padding_top=&#8220;0px&#8220; _i=&#8220;0&#8243; _address=&#8220;3.0.0&#8243; custom_padding__hover=&#8220;|||&#8220;][et_pb_gallery gallery_ids=&#8220;1117,1120,1123,1126,1129,1132&#8243; posts_number=&#8220;6&#8243; show_title_and_caption=&#8220;off&#8220; show_pagination=&#8220;off&#8220; zoom_icon_color=&#8220;#f96c39&#8243; hover_icon=&#8220;%%12%%&#8220; _builder_version=&#8220;3.0.87&#8243; pagination_font_size_tablet=&#8220;51&#8243; pagination_line_height_tablet=&#8220;2&#8243; custom_css_gallery_item=&#8220;margin: 0 !important;||clear: none !important;||width: 16.66% !important;||&#8220; border_style=&#8220;solid&#8220; _i=&#8220;0&#8243; _address=&#8220;3.0.0.0&#8243;][\/et_pb_gallery][\/et_pb_column][\/et_pb_row][\/et_pb_section]<\/p>\n","protected":false},"excerpt":{"rendered":"<p>Begegnungen Eltern-Kind Musikspiele entdecken Die \u201cBegegnungen Eltern-Kind\u201d bieten die M\u00f6glichkeit, durch Klangerlebnisse die Beziehung zwischen Mutter oder Vater und Kind zu f\u00f6rdern. \u00a0Angeleitet durch eine P\u00e4dagogin und eine Kinderg\u00e4rtnerin bieten die Begegnungen verschiedene Spiele, kurze gemimte Melodien und Momente des Anh\u00f6rens von Musik. \u00a0Eines der Ziele dabei ist, einfache Aktivit\u00e4ten vorzuschlagen, die zu Hause durchgef\u00fchrt [&hellip;]<\/p>\n","protected":false},"author":1,"featured_media":0,"parent":2353,"menu_order":0,"comment_status":"closed","ping_status":"closed","template":"","meta":{"_et_pb_use_builder":"on","_et_pb_old_content":"","_et_gb_content_width":"","footnotes":""},"class_list":["post-2311","page","type-page","status-publish","hentry"],"yoast_head":"<!-- This site is optimized with the Yoast SEO plugin v24.6 - https:\/\/yoast.com\/wordpress\/plugins\/seo\/ -->\n<title>F\u00fcr die Kleinsten | Coro Calicantus<\/title>\n<meta name=\"robots\" content=\"index, follow, max-snippet:-1, max-image-preview:large, max-video-preview:-1\" \/>\n<link rel=\"canonical\" href=\"https:\/\/www.corocalicantus.org\/i-cori\/per-i-piu-piccoli\/\" \/>\n<meta property=\"og:locale\" content=\"de_DE\" \/>\n<meta property=\"og:type\" content=\"article\" \/>\n<meta property=\"og:title\" content=\"F\u00fcr die Kleinsten | Coro Calicantus\" \/>\n<meta property=\"og:description\" content=\"Begegnungen Eltern-Kind Musikspiele entdecken Die \u201cBegegnungen Eltern-Kind\u201d bieten die M\u00f6glichkeit, durch Klangerlebnisse die Beziehung zwischen Mutter oder Vater und Kind zu f\u00f6rdern. \u00a0Angeleitet durch eine P\u00e4dagogin und eine Kinderg\u00e4rtnerin bieten die Begegnungen verschiedene Spiele, kurze gemimte Melodien und Momente des Anh\u00f6rens von Musik. \u00a0Eines der Ziele dabei ist, einfache Aktivit\u00e4ten vorzuschlagen, die zu Hause durchgef\u00fchrt [&hellip;]\" \/>\n<meta property=\"og:url\" content=\"https:\/\/www.corocalicantus.org\/i-cori\/per-i-piu-piccoli\/\" \/>\n<meta property=\"og:site_name\" content=\"Coro Calicantus\" \/>\n<meta property=\"article:publisher\" content=\"https:\/\/www.facebook.com\/corocalicantuslocarnoticino\/\" \/>\n<meta property=\"article:modified_time\" content=\"2022-06-07T09:50:32+00:00\" \/>\n<meta name=\"twitter:card\" content=\"summary_large_image\" \/>\n<meta name=\"twitter:label1\" content=\"Gesch\u00e4tzte Lesezeit\" \/>\n\t<meta name=\"twitter:data1\" content=\"6\u00a0Minuten\" \/>\n<script type=\"application\/ld+json\" class=\"yoast-schema-graph\">{\"@context\":\"https:\/\/schema.org\",\"@graph\":[{\"@type\":\"WebPage\",\"@id\":\"https:\/\/www.corocalicantus.org\/i-cori\/per-i-piu-piccoli\/\",\"url\":\"https:\/\/www.corocalicantus.org\/i-cori\/per-i-piu-piccoli\/\",\"name\":\"F\u00fcr die Kleinsten | Coro Calicantus\",\"isPartOf\":{\"@id\":\"https:\/\/www.corocalicantus.org\/#website\"},\"datePublished\":\"2017-06-18T11:32:14+00:00\",\"dateModified\":\"2022-06-07T09:50:32+00:00\",\"breadcrumb\":{\"@id\":\"https:\/\/www.corocalicantus.org\/i-cori\/per-i-piu-piccoli\/#breadcrumb\"},\"inLanguage\":\"de\",\"potentialAction\":[{\"@type\":\"ReadAction\",\"target\":[\"https:\/\/www.corocalicantus.org\/i-cori\/per-i-piu-piccoli\/\"]}]},{\"@type\":\"BreadcrumbList\",\"@id\":\"https:\/\/www.corocalicantus.org\/i-cori\/per-i-piu-piccoli\/#breadcrumb\",\"itemListElement\":[{\"@type\":\"ListItem\",\"position\":1,\"name\":\"Home\",\"item\":\"https:\/\/www.corocalicantus.org\/de\/\"},{\"@type\":\"ListItem\",\"position\":2,\"name\":\"Die Ch\u00f6re\",\"item\":\"https:\/\/www.corocalicantus.org\/de\/die-chore\/\"},{\"@type\":\"ListItem\",\"position\":3,\"name\":\"F\u00fcr die Kleinsten\"}]},{\"@type\":\"WebSite\",\"@id\":\"https:\/\/www.corocalicantus.org\/#website\",\"url\":\"https:\/\/www.corocalicantus.org\/\",\"name\":\"Coro Calicantus\",\"description\":\"Scopri la magia della musica\",\"potentialAction\":[{\"@type\":\"SearchAction\",\"target\":{\"@type\":\"EntryPoint\",\"urlTemplate\":\"https:\/\/www.corocalicantus.org\/?s={search_term_string}\"},\"query-input\":{\"@type\":\"PropertyValueSpecification\",\"valueRequired\":true,\"valueName\":\"search_term_string\"}}],\"inLanguage\":\"de\"}]}<\/script>\n<!-- \/ Yoast SEO plugin. -->","yoast_head_json":{"title":"F\u00fcr die Kleinsten | Coro Calicantus","robots":{"index":"index","follow":"follow","max-snippet":"max-snippet:-1","max-image-preview":"max-image-preview:large","max-video-preview":"max-video-preview:-1"},"canonical":"https:\/\/www.corocalicantus.org\/i-cori\/per-i-piu-piccoli\/","og_locale":"de_DE","og_type":"article","og_title":"F\u00fcr die Kleinsten | Coro Calicantus","og_description":"Begegnungen Eltern-Kind Musikspiele entdecken Die \u201cBegegnungen Eltern-Kind\u201d bieten die M\u00f6glichkeit, durch Klangerlebnisse die Beziehung zwischen Mutter oder Vater und Kind zu f\u00f6rdern. \u00a0Angeleitet durch eine P\u00e4dagogin und eine Kinderg\u00e4rtnerin bieten die Begegnungen verschiedene Spiele, kurze gemimte Melodien und Momente des Anh\u00f6rens von Musik. \u00a0Eines der Ziele dabei ist, einfache Aktivit\u00e4ten vorzuschlagen, die zu Hause durchgef\u00fchrt [&hellip;]","og_url":"https:\/\/www.corocalicantus.org\/i-cori\/per-i-piu-piccoli\/","og_site_name":"Coro Calicantus","article_publisher":"https:\/\/www.facebook.com\/corocalicantuslocarnoticino\/","article_modified_time":"2022-06-07T09:50:32+00:00","twitter_card":"summary_large_image","twitter_misc":{"Gesch\u00e4tzte Lesezeit":"6\u00a0Minuten"},"schema":{"@context":"https:\/\/schema.org","@graph":[{"@type":"WebPage","@id":"https:\/\/www.corocalicantus.org\/i-cori\/per-i-piu-piccoli\/","url":"https:\/\/www.corocalicantus.org\/i-cori\/per-i-piu-piccoli\/","name":"F\u00fcr die Kleinsten | Coro Calicantus","isPartOf":{"@id":"https:\/\/www.corocalicantus.org\/#website"},"datePublished":"2017-06-18T11:32:14+00:00","dateModified":"2022-06-07T09:50:32+00:00","breadcrumb":{"@id":"https:\/\/www.corocalicantus.org\/i-cori\/per-i-piu-piccoli\/#breadcrumb"},"inLanguage":"de","potentialAction":[{"@type":"ReadAction","target":["https:\/\/www.corocalicantus.org\/i-cori\/per-i-piu-piccoli\/"]}]},{"@type":"BreadcrumbList","@id":"https:\/\/www.corocalicantus.org\/i-cori\/per-i-piu-piccoli\/#breadcrumb","itemListElement":[{"@type":"ListItem","position":1,"name":"Home","item":"https:\/\/www.corocalicantus.org\/de\/"},{"@type":"ListItem","position":2,"name":"Die Ch\u00f6re","item":"https:\/\/www.corocalicantus.org\/de\/die-chore\/"},{"@type":"ListItem","position":3,"name":"F\u00fcr die Kleinsten"}]},{"@type":"WebSite","@id":"https:\/\/www.corocalicantus.org\/#website","url":"https:\/\/www.corocalicantus.org\/","name":"Coro Calicantus","description":"Scopri la magia della musica","potentialAction":[{"@type":"SearchAction","target":{"@type":"EntryPoint","urlTemplate":"https:\/\/www.corocalicantus.org\/?s={search_term_string}"},"query-input":{"@type":"PropertyValueSpecification","valueRequired":true,"valueName":"search_term_string"}}],"inLanguage":"de"}]}},"_links":{"self":[{"href":"https:\/\/www.corocalicantus.org\/de\/wp-json\/wp\/v2\/pages\/2311","targetHints":{"allow":["GET"]}}],"collection":[{"href":"https:\/\/www.corocalicantus.org\/de\/wp-json\/wp\/v2\/pages"}],"about":[{"href":"https:\/\/www.corocalicantus.org\/de\/wp-json\/wp\/v2\/types\/page"}],"author":[{"embeddable":true,"href":"https:\/\/www.corocalicantus.org\/de\/wp-json\/wp\/v2\/users\/1"}],"replies":[{"embeddable":true,"href":"https:\/\/www.corocalicantus.org\/de\/wp-json\/wp\/v2\/comments?post=2311"}],"version-history":[{"count":51,"href":"https:\/\/www.corocalicantus.org\/de\/wp-json\/wp\/v2\/pages\/2311\/revisions"}],"predecessor-version":[{"id":5467,"href":"https:\/\/www.corocalicantus.org\/de\/wp-json\/wp\/v2\/pages\/2311\/revisions\/5467"}],"up":[{"embeddable":true,"href":"https:\/\/www.corocalicantus.org\/de\/wp-json\/wp\/v2\/pages\/2353"}],"wp:attachment":[{"href":"https:\/\/www.corocalicantus.org\/de\/wp-json\/wp\/v2\/media?parent=2311"}],"curies":[{"name":"wp","href":"https:\/\/api.w.org\/{rel}","templated":true}]}}