{"id":2328,"date":"2017-06-18T09:06:41","date_gmt":"2017-06-18T08:06:41","guid":{"rendered":"https:\/\/www.corocalicantus.org\/\/was-ist-calicantus\/"},"modified":"2020-10-17T00:41:51","modified_gmt":"2020-10-16T23:41:51","slug":"was-ist-calicantus","status":"publish","type":"page","link":"https:\/\/www.corocalicantus.org\/de\/was-ist-calicantus\/","title":{"rendered":"Was ist Calicantus?"},"content":{"rendered":"<p>[et_pb_section fb_built=&#8220;1&#8243; fullwidth=&#8220;on&#8220; module_class=&#8220;header_pagine&#8220; _builder_version=&#8220;3.29.3&#8243; background_image=&#8220;https:\/\/www.corocalicantus.org\/wp-content\/uploads\/2020\/08\/famiglia-min.jpg&#8220; parallax=&#8220;on&#8220; parallax_method=&#8220;off&#8220; hover_enabled=&#8220;0&#8243; fb_built=&#8220;1&#8243; _i=&#8220;0&#8243; _address=&#8220;0&#8243;][et_pb_fullwidth_post_title meta=&#8220;off&#8220; featured_image=&#8220;off&#8220; text_color=&#8220;light&#8220; _builder_version=&#8220;3.0.74&#8243; title_font_size=&#8220;62px&#8220; _i=&#8220;0&#8243; _address=&#8220;0.0&#8243;][\/et_pb_fullwidth_post_title][et_pb_fullwidth_menu menu_id=&#8220;10&#8243; submenu_direction=&#8220;upwards&#8220; fullwidth_menu=&#8220;off&#8220; active_link_color=&#8220;#edef81&#8243; dropdown_menu_line_color=&#8220;#ffffff&#8220; _builder_version=&#8220;3.0.66&#8243; menu_font=&#8220;|on||on|&#8220; background_color=&#8220;#f96c39&#8243; background_layout=&#8220;dark&#8220; saved_tabs=&#8220;all&#8220; _i=&#8220;1&#8243; _address=&#8220;0.1&#8243;][\/et_pb_fullwidth_menu][\/et_pb_section][et_pb_section fb_built=&#8220;1&#8243; inner_shadow=&#8220;on&#8220; admin_label=&#8220;section&#8220; _builder_version=&#8220;3.22&#8243; background_color=&#8220;#f7f7f7&#8243; fb_built=&#8220;1&#8243; _i=&#8220;1&#8243; _address=&#8220;1&#8243;][et_pb_row admin_label=&#8220;row&#8220; _builder_version=&#8220;3.25&#8243; background_size=&#8220;initial&#8220; background_position=&#8220;top_left&#8220; background_repeat=&#8220;repeat&#8220; _i=&#8220;0&#8243; _address=&#8220;1.0&#8243; column_structure=&#8220;1_2,1_2&#8243;][et_pb_column type=&#8220;1_2&#8243; _builder_version=&#8220;3.25&#8243; custom_padding=&#8220;|||&#8220; _i=&#8220;0&#8243; _address=&#8220;1.0.0&#8243; custom_padding__hover=&#8220;|||&#8220;][et_pb_text admin_label=&#8220;Cos&#8217;\u00e8 Calicantus?&#8220; _builder_version=&#8220;3.27.4&#8243; module_alignment=&#8220;left&#8220; _i=&#8220;0&#8243; _address=&#8220;1.0.0.0&#8243;]<\/p>\n<h2>Eine grosse Familie<\/h2>\n<p>Calicantus ist eine <strong>grosse Familie.<\/strong><br \/>\nCalicantus ist Fantasie, Freundschaft und Hoffnung.<br \/>\nCalicantus ist Erziehung und k\u00fcnstlerische Verwirklichung.<\/p>\n<p>Singen ist gesund, es f\u00f6rdert die Entwicklung der Kinder, schafft Wohlbefinden und vermittelt eine positive Lebenshaltung.<\/p>\n<p>Miteinander teilen, zusammen etwas erarbeiten und sich dar\u00fcber freuen sind Aspekte im Leben eines Kindes, die gef\u00f6rdert und gew\u00e4hrleistet werden m\u00fcssen.<\/p>\n<p>&nbsp;<\/p>\n<p>Der Chor nimmt alle Kinder auf, er wird zu einer wertvollen Hilfe auch f\u00fcr Kinder mit einer leichten Behinderung oder aus schwierigen Situationen.<\/p>\n<p><strong>Calicantus schafft Gruppengeist und Zugeh\u00f6rigkeitsgef\u00fchl.<\/strong><br \/>\n[\/et_pb_text][\/et_pb_column][et_pb_column type=&#8220;1_2&#8243; _builder_version=&#8220;3.25&#8243; custom_padding=&#8220;|||&#8220; _i=&#8220;1&#8243; _address=&#8220;1.0.1&#8243; custom_padding__hover=&#8220;|||&#8220;][et_pb_image src=&#8220;https:\/\/www.corocalicantus.org\/wp-content\/uploads\/grande_famiglia-1.jpg&#8220; align_tablet=&#8220;center&#8220; align_last_edited=&#8220;on|desktop&#8220; _builder_version=&#8220;3.23&#8243; animation_style=&#8220;slide&#8220; animation_direction=&#8220;left&#8220; animation_duration=&#8220;500ms&#8220; animation_intensity_slide=&#8220;10%&#8220; _i=&#8220;0&#8243; _address=&#8220;1.0.1.0&#8243;][\/et_pb_image][\/et_pb_column][\/et_pb_row][\/et_pb_section][et_pb_section fb_built=&#8220;1&#8243; inner_shadow=&#8220;on&#8220; admin_label=&#8220;section&#8220; module_class=&#8220;bordo_superiore&#8220; _builder_version=&#8220;3.22&#8243; background_color=&#8220;#f7f7f7&#8243; fb_built=&#8220;1&#8243; _i=&#8220;2&#8243; _address=&#8220;2&#8243;][et_pb_row admin_label=&#8220;row&#8220; _builder_version=&#8220;3.25&#8243; background_size=&#8220;initial&#8220; background_position=&#8220;top_left&#8220; background_repeat=&#8220;repeat&#8220; _i=&#8220;0&#8243; _address=&#8220;2.0&#8243; column_structure=&#8220;1_2,1_2&#8243;][et_pb_column type=&#8220;1_2&#8243; _builder_version=&#8220;3.25&#8243; custom_padding=&#8220;|||&#8220; _i=&#8220;0&#8243; _address=&#8220;2.0.0&#8243; custom_padding__hover=&#8220;|||&#8220;][et_pb_image src=&#8220;https:\/\/www.corocalicantus.org\/wp-content\/uploads\/Primo-premio-Concorso-svizzero-Glarona-2005.jpg&#8220; show_in_lightbox=&#8220;on&#8220; align_tablet=&#8220;center&#8220; align_last_edited=&#8220;on|desktop&#8220; _builder_version=&#8220;3.23&#8243; animation_style=&#8220;slide&#8220; animation_direction=&#8220;left&#8220; animation_duration=&#8220;500ms&#8220; animation_intensity_slide=&#8220;10%&#8220; border_style=&#8220;solid&#8220; _i=&#8220;0&#8243; _address=&#8220;2.0.0.0&#8243;][\/et_pb_image][et_pb_text admin_label=&#8220;Primo premio Concorso svizzero Glarona 2005&#8243; _builder_version=&#8220;3.27.4&#8243; module_alignment=&#8220;left&#8220; border_style=&#8220;solid&#8220; _i=&#8220;1&#8243; _address=&#8220;2.0.0.1&#8243;]<\/p>\n<h4 class=\"et_pb_gallery_title\">Erster Preis beim Schweizerischen Chorwettbewerb in Glarus 2005<\/h4>\n<p>[\/et_pb_text][et_pb_gallery gallery_ids=&#8220;1159,1153,1162,1156&#8243; show_pagination=&#8220;off&#8220; zoom_icon_color=&#8220;#f96c39&#8243; hover_icon=&#8220;%%12%%&#8220; _builder_version=&#8220;3.0.93&#8243; text_orientation=&#8220;center&#8220; pagination_font_size_tablet=&#8220;51&#8243; pagination_line_height_tablet=&#8220;2&#8243; _i=&#8220;2&#8243; _address=&#8220;2.0.0.2&#8243;][\/et_pb_gallery][\/et_pb_column][et_pb_column type=&#8220;1_2&#8243; _builder_version=&#8220;3.25&#8243; custom_padding=&#8220;|||&#8220; _i=&#8220;1&#8243; _address=&#8220;2.0.1&#8243; custom_padding__hover=&#8220;|||&#8220;][et_pb_text admin_label=&#8220;Storia della scuola Calicantus&#8220; _builder_version=&#8220;3.27.4&#8243; module_alignment=&#8220;left&#8220; _i=&#8220;0&#8243; _address=&#8220;2.0.1.0&#8243;]<\/p>\n<h2>Geschichte der Calicantus-Singschule<\/h2>\n<p>Die Singschule Calicantus wurde <strong>1993 vom Maestro <a href=\"http:\/\/coca.2bee.ch\/de\/was-ist-calicantus\/der-maestro\/\">Mario Fontana<\/a><\/strong> gegr\u00fcndet. Sie wird von 150 Sch\u00fclerinnen und Sch\u00fcler im Alter von 4-18 Jahren besucht und ist in <strong><a href=\"http:\/\/coca.2bee.ch\/de\/die-chore\/\">vier Lernstufen <\/a><\/strong>\u00a0\u2013 3 Vorbereitungsch\u00f6re und ein Konzertchor \u2013 aufgeteilt. Calicantus wird vom Departement f\u00fcr Erziehung, Kultur und Sport (DECS) des Kantons Tessin als Musikschule anerkannt.<\/p>\n<p><a href=\"http:\/\/coca.2bee.ch\/de\/fur-die-kleinsten\/\"><strong>F\u00fcr die Kleinsten bietet der Chor spielerische Aktivit\u00e4ten und viele Arten von Liedern, <\/strong><\/a>\u00a0von Walt Disney bis zum Zecchino d\u2019oro (internationales Kinder-Songfestival), von Jazz zu Blues \u00fcber Liedgut aus der ganzen Welt, die den Kindern erm\u00f6glichen, ihre Freude an der Musik und am Gesang zu pflegen und dabei neue Freunde zu entdecken.<\/p>\n<p>Die Singschule Calicantus nimmt alle Kinder auf, die singen m\u00f6chten, und bietet Gratiskurse f\u00fcr die Kinder der 1. Primarschulklasse. Es wird keine musikalische oder stimmliche Begabung vorausgesetzt und es gibt kein Auswahlverfahren.<\/p>\n<p>Der \u00ab<a href=\"http:\/\/coca.2bee.ch\/de\/hauptchor\/\"><strong>Coro Calicantus<\/strong><\/a>\u00bb ist das Konzertensemble der Schule. Sein Repertoire umfasst Musikst\u00fccke aus Renaissance und Barock bis hin zu den Gegenwartskompositionen und Ges\u00e4ngen der internationalen Folklore, die meistens in der Originalsprache gesungen werden.<\/p>\n<p>Calicantus wird regelm\u00e4ssig eingeladen, Welterstauff\u00fchrungen zu realisieren und arbeitet mit Maestros und Ch\u00f6ren von internationalem Ruf zusammen.<\/p>\n<p>Calicantus vertrat die Schweiz 2001 in Kanada am Festival \u201cWorld of Children\u2019s Choirs\u201d und auch auf etwa hundert Tourneen in ganz Europa.<\/p>\n<p><strong>Calicantus hat mehrere <a href=\"http:\/\/coca.2bee.ch\/de\/kunstlerische-auszeichnungen\/\">Auszeichnungen<\/a> erhalten.<\/strong><\/p>\n<p>Der Chor arbeitet regelm\u00e4ssig mit dem Tessiner Komponisten <a href=\"http:\/\/www.ivoantognini.com\/\">Ivo Antognini<\/a> und mit dem Schweizer Radio zusammen.<\/p>\n<p>Er hat das Werk von di F.J. Gossec &#8222;Le triomphe de la R\u00e9publique&#8220; aufgenommen und das &#8222;Oratorio de No\u00ebl&#8220; von C. Saint-Sa\u00ebns und das &#8222;Magnificat&#8220; von J. Rutter mit dem Orchester der italienischsprachigen Schweiz unter der Leitung von Diego Fasolis aufgef\u00fchrt.<\/p>\n<p>Die Zusammenarbeit findet auch mit anderen Musikschulen wie <a href=\"http:\/\/www.locarno.ch\/it\/scuola-popolare-di-musica\">Scuola Popolare di Musica di Locarno<\/a> il <a href=\"http:\/\/www.conservatorio.ch\/\">Conservatorio della Svizzera Italiana<\/a> statt.<\/p>\n<p>Neben der k\u00fcnstlerischen und kulturellen Entwicklung der Jugendlichen sieht der Chor Calicantus seit seinem Entstehen seine <strong>Mission<\/strong> auch darin, in Zusammenarbeit mit verschiedenen Institutionen wie Terre des Hommes, Unicef oder \u00c4rzte ohne Grenzen (Friedensnobelpreistr\u00e4ger 1999) zahlreiche wohlt\u00e4tige Initiativen zum Schutz von Kindern zu unterst\u00fctzen.<\/p>\n<p>Composer in residence<br \/>\nIvo Antognini <a href=\"http:\/\/www.ivoantognini.com\/\" data-saferedirecturl=\"https:\/\/www.google.com\/url?hl=en&amp;q=http:\/\/www.ivoantognini.com\/&amp;source=gmail&amp;ust=1507035245014000&amp;usg=AFQjCNHiESQiKvqGHJuqJnaoQ8ZRYX3etQ\"><strong>http:\/\/www.ivoantognini.com<\/strong><\/a><br \/>\n[\/et_pb_text][\/et_pb_column][\/et_pb_row][\/et_pb_section][et_pb_section fb_built=&#8220;1&#8243; admin_label=&#8220;section&#8220; _builder_version=&#8220;3.22&#8243; background_color=&#8220;#f96c39&#8243; global_module=&#8220;208&#8243; fb_built=&#8220;1&#8243; _i=&#8220;0&#8243; _address=&#8220;3&#8243;][et_pb_row _builder_version=&#8220;3.25&#8243; background_size=&#8220;initial&#8220; background_position=&#8220;top_left&#8220; background_repeat=&#8220;repeat&#8220; custom_padding=&#8220;0%||0px|&#8220; _i=&#8220;0&#8243; _address=&#8220;3.0&#8243;][et_pb_column type=&#8220;4_4&#8243; _builder_version=&#8220;3.25&#8243; custom_padding=&#8220;|||&#8220; _i=&#8220;0&#8243; _address=&#8220;3.0.0&#8243; custom_padding__hover=&#8220;|||&#8220;][et_pb_text _builder_version=&#8220;3.27.4&#8243; text_font=&#8220;|||on|&#8220; text_letter_spacing=&#8220;1px&#8220; background_layout=&#8220;dark&#8220; custom_margin=&#8220;||1%|&#8220; custom_css_main_element=&#8220;border-bottom:2px dotted #fff;&#8220; _i=&#8220;0&#8243; _address=&#8220;3.0.0.0&#8243;]<\/p>\n<h1 style=\"text-align: center;\">\nEntdecke unsere Ch\u00f6re<br \/>\n<\/h1>\n<p>[\/et_pb_text][\/et_pb_column][\/et_pb_row][et_pb_row column_structure=&#8220;1_3,1_3,1_3&#8243; use_custom_gutter=&#8220;on&#8220; make_equal=&#8220;on&#8220; admin_label=&#8220;row&#8220; _builder_version=&#8220;3.25&#8243; background_size=&#8220;initial&#8220; background_position=&#8220;top_left&#8220; background_repeat=&#8220;repeat&#8220; custom_padding=&#8220;1%||1%|&#8220; _i=&#8220;1&#8243; _address=&#8220;3.1&#8243;][et_pb_column type=&#8220;1_3&#8243; _builder_version=&#8220;3.25&#8243; background_position=&#8220;top_left&#8220; custom_padding=&#8220;|||&#8220; _i=&#8220;0&#8243; _address=&#8220;3.1.0&#8243; custom_padding__hover=&#8220;|||&#8220;][et_pb_text _builder_version=&#8220;3.27.4&#8243; text_font=&#8220;|on|||&#8220; text_orientation=&#8220;center&#8220; background_layout=&#8220;dark&#8220; _i=&#8220;0&#8243; _address=&#8220;3.1.0.0&#8243;]<\/p>\n<p>\nvon 2 bis 6 Jahren\n<\/p>\n<p>[\/et_pb_text][et_pb_image src=&#8220;https:\/\/www.corocalicantus.org\/wp-content\/uploads\/per_i_piu_piccoli.jpg&#8220; align=&#8220;center&#8220; align_tablet=&#8220;center&#8220; align_last_edited=&#8220;on|desktop&#8220; _builder_version=&#8220;3.27.3&#8243; animation_style=&#8220;fade&#8220; border_style=&#8220;solid&#8220; _i=&#8220;1&#8243; _address=&#8220;3.1.0.1&#8243;][\/et_pb_image][et_pb_text _builder_version=&#8220;3.27.4&#8243; text_font=&#8220;|on|||&#8220; text_orientation=&#8220;center&#8220; background_layout=&#8220;dark&#8220; animation_style=&#8220;fade&#8220; _i=&#8220;2&#8243; _address=&#8220;3.1.0.2&#8243;]<\/p>\n<h2>F\u00fcr die Kleinsten<\/h2>\n<ul>\n<li><a style=\"color: #ffffff;\" href=\"https:\/\/www.corocalicantus.org\/de\/die-chore\/fur-die-kleinsten\/\">Begegnungen Eltern-Kind<\/a><\/li>\n<li><a style=\"color: #ffffff;\" href=\"https:\/\/www.corocalicantus.org\/de\/die-chore\/fur-die-kleinsten\/#iniziazione\">Stimmliche und rhythmische Einf\u00fchrung<\/a><\/li>\n<\/ul>\n<p>[\/et_pb_text][\/et_pb_column][et_pb_column type=&#8220;1_3&#8243; _builder_version=&#8220;3.25&#8243; background_position=&#8220;top_left&#8220; custom_padding=&#8220;|||&#8220; _i=&#8220;1&#8243; _address=&#8220;3.1.1&#8243; custom_padding__hover=&#8220;|||&#8220;][et_pb_text _builder_version=&#8220;3.27.4&#8243; text_font=&#8220;|on|||&#8220; text_orientation=&#8220;center&#8220; background_layout=&#8220;dark&#8220; _i=&#8220;0&#8243; _address=&#8220;3.1.1.0&#8243;]<\/p>\n<p>\nvon 7 bis 11 Jahren\n<\/p>\n<p>[\/et_pb_text][et_pb_image src=&#8220;https:\/\/www.corocalicantus.org\/wp-content\/uploads\/coro_preparatorio_1.jpg&#8220; align=&#8220;center&#8220; align_tablet=&#8220;center&#8220; align_last_edited=&#8220;on|desktop&#8220; _builder_version=&#8220;3.23&#8243; animation_style=&#8220;fade&#8220; border_style=&#8220;solid&#8220; _i=&#8220;1&#8243; _address=&#8220;3.1.1.1&#8243;][\/et_pb_image][et_pb_text _builder_version=&#8220;3.27.4&#8243; text_font=&#8220;|on|||&#8220; text_orientation=&#8220;center&#8220; background_layout=&#8220;dark&#8220; animation_style=&#8220;fade&#8220; _i=&#8220;2&#8243; _address=&#8220;3.1.1.2&#8243;]<\/p>\n<h2>Vorbereitungschor<\/h2>\n<ul>\n<li><a style=\"color: #ffffff;\" href=\"https:\/\/www.corocalicantus.org\/de\/die-chore\/vorbereitungschor-1\/\">Gemme del Calicantus<\/a><\/li>\n<li><a style=\"color: #ffffff;\" href=\"https:\/\/www.corocalicantus.org\/de\/die-chore\/vorbereitungschor-2\/\">Boccioli del Calicantus<\/a><\/li>\n<li>Fiori del Calicantus<\/li>\n<\/ul>\n<p>[\/et_pb_text][\/et_pb_column][et_pb_column type=&#8220;1_3&#8243; _builder_version=&#8220;3.25&#8243; background_position=&#8220;top_left&#8220; custom_padding=&#8220;|||&#8220; _i=&#8220;2&#8243; _address=&#8220;3.1.2&#8243; custom_padding__hover=&#8220;|||&#8220;][et_pb_text _builder_version=&#8220;3.27.4&#8243; text_font=&#8220;|on|||&#8220; text_orientation=&#8220;center&#8220; background_layout=&#8220;dark&#8220; _i=&#8220;0&#8243; _address=&#8220;3.1.2.0&#8243;]<\/p>\n<p>\nvon 10 bis 18 Jahren\n<\/p>\n<p>[\/et_pb_text][et_pb_image src=&#8220;https:\/\/www.corocalicantus.org\/wp-content\/uploads\/coro_principale.jpg&#8220; align=&#8220;center&#8220; align_tablet=&#8220;center&#8220; align_last_edited=&#8220;on|desktop&#8220; _builder_version=&#8220;3.23&#8243; animation_style=&#8220;fade&#8220; border_style=&#8220;solid&#8220; _i=&#8220;1&#8243; _address=&#8220;3.1.2.1&#8243;][\/et_pb_image][et_pb_text _builder_version=&#8220;3.27.4&#8243; text_font=&#8220;|on|||&#8220; text_orientation=&#8220;center&#8220; background_layout=&#8220;dark&#8220; animation_style=&#8220;fade&#8220; _i=&#8220;2&#8243; _address=&#8220;3.1.2.2&#8243;]<\/p>\n<h2>Hauptchor<\/h2>\n<ul>\n<li><a style=\"color: #ffffff;\" href=\"https:\/\/www.corocalicantus.org\/de\/die-chore\/hauptchor\/\">Entdecke den Chor<\/a><\/li>\n<\/ul>\n<p>[\/et_pb_text][\/et_pb_column][\/et_pb_row][\/et_pb_section]<\/p>\n","protected":false},"excerpt":{"rendered":"<p>Eine grosse Familie Calicantus ist eine grosse Familie. Calicantus ist Fantasie, Freundschaft und Hoffnung. Calicantus ist Erziehung und k\u00fcnstlerische Verwirklichung. Singen ist gesund, es f\u00f6rdert die Entwicklung der Kinder, schafft Wohlbefinden und vermittelt eine positive Lebenshaltung. Miteinander teilen, zusammen etwas erarbeiten und sich dar\u00fcber freuen sind Aspekte im Leben eines Kindes, die gef\u00f6rdert und gew\u00e4hrleistet [&hellip;]<\/p>\n","protected":false},"author":1,"featured_media":0,"parent":0,"menu_order":0,"comment_status":"closed","ping_status":"closed","template":"","meta":{"_et_pb_use_builder":"on","_et_pb_old_content":"","_et_gb_content_width":"","footnotes":""},"class_list":["post-2328","page","type-page","status-publish","hentry"],"yoast_head":"<!-- This site is optimized with the Yoast SEO plugin v24.6 - https:\/\/yoast.com\/wordpress\/plugins\/seo\/ -->\n<title>Was ist Calicantus? | Coro Calicantus<\/title>\n<meta name=\"robots\" content=\"index, follow, max-snippet:-1, max-image-preview:large, max-video-preview:-1\" \/>\n<link rel=\"canonical\" href=\"https:\/\/www.corocalicantus.org\/de\/was-ist-calicantus\/\" \/>\n<meta property=\"og:locale\" content=\"de_DE\" \/>\n<meta property=\"og:type\" content=\"article\" \/>\n<meta property=\"og:title\" content=\"Was ist Calicantus? | Coro Calicantus\" \/>\n<meta property=\"og:description\" content=\"Eine grosse Familie Calicantus ist eine grosse Familie. Calicantus ist Fantasie, Freundschaft und Hoffnung. Calicantus ist Erziehung und k\u00fcnstlerische Verwirklichung. Singen ist gesund, es f\u00f6rdert die Entwicklung der Kinder, schafft Wohlbefinden und vermittelt eine positive Lebenshaltung. Miteinander teilen, zusammen etwas erarbeiten und sich dar\u00fcber freuen sind Aspekte im Leben eines Kindes, die gef\u00f6rdert und gew\u00e4hrleistet [&hellip;]\" \/>\n<meta property=\"og:url\" content=\"https:\/\/www.corocalicantus.org\/de\/was-ist-calicantus\/\" \/>\n<meta property=\"og:site_name\" content=\"Coro Calicantus\" \/>\n<meta property=\"article:publisher\" content=\"https:\/\/www.facebook.com\/corocalicantuslocarnoticino\/\" \/>\n<meta property=\"article:modified_time\" content=\"2020-10-16T23:41:51+00:00\" \/>\n<meta name=\"twitter:card\" content=\"summary_large_image\" \/>\n<meta name=\"twitter:label1\" content=\"Gesch\u00e4tzte Lesezeit\" \/>\n\t<meta name=\"twitter:data1\" content=\"7\u00a0Minuten\" \/>\n<script type=\"application\/ld+json\" class=\"yoast-schema-graph\">{\"@context\":\"https:\/\/schema.org\",\"@graph\":[{\"@type\":\"WebPage\",\"@id\":\"https:\/\/www.corocalicantus.org\/de\/was-ist-calicantus\/\",\"url\":\"https:\/\/www.corocalicantus.org\/de\/was-ist-calicantus\/\",\"name\":\"Was ist Calicantus? | Coro Calicantus\",\"isPartOf\":{\"@id\":\"https:\/\/www.corocalicantus.org\/#website\"},\"datePublished\":\"2017-06-18T08:06:41+00:00\",\"dateModified\":\"2020-10-16T23:41:51+00:00\",\"breadcrumb\":{\"@id\":\"https:\/\/www.corocalicantus.org\/de\/was-ist-calicantus\/#breadcrumb\"},\"inLanguage\":\"de\",\"potentialAction\":[{\"@type\":\"ReadAction\",\"target\":[\"https:\/\/www.corocalicantus.org\/de\/was-ist-calicantus\/\"]}]},{\"@type\":\"BreadcrumbList\",\"@id\":\"https:\/\/www.corocalicantus.org\/de\/was-ist-calicantus\/#breadcrumb\",\"itemListElement\":[{\"@type\":\"ListItem\",\"position\":1,\"name\":\"Home\",\"item\":\"https:\/\/www.corocalicantus.org\/de\/\"},{\"@type\":\"ListItem\",\"position\":2,\"name\":\"Was ist Calicantus?\"}]},{\"@type\":\"WebSite\",\"@id\":\"https:\/\/www.corocalicantus.org\/#website\",\"url\":\"https:\/\/www.corocalicantus.org\/\",\"name\":\"Coro Calicantus\",\"description\":\"Scopri la magia della musica\",\"potentialAction\":[{\"@type\":\"SearchAction\",\"target\":{\"@type\":\"EntryPoint\",\"urlTemplate\":\"https:\/\/www.corocalicantus.org\/?s={search_term_string}\"},\"query-input\":{\"@type\":\"PropertyValueSpecification\",\"valueRequired\":true,\"valueName\":\"search_term_string\"}}],\"inLanguage\":\"de\"}]}<\/script>\n<!-- \/ Yoast SEO plugin. -->","yoast_head_json":{"title":"Was ist Calicantus? | Coro Calicantus","robots":{"index":"index","follow":"follow","max-snippet":"max-snippet:-1","max-image-preview":"max-image-preview:large","max-video-preview":"max-video-preview:-1"},"canonical":"https:\/\/www.corocalicantus.org\/de\/was-ist-calicantus\/","og_locale":"de_DE","og_type":"article","og_title":"Was ist Calicantus? | Coro Calicantus","og_description":"Eine grosse Familie Calicantus ist eine grosse Familie. Calicantus ist Fantasie, Freundschaft und Hoffnung. Calicantus ist Erziehung und k\u00fcnstlerische Verwirklichung. Singen ist gesund, es f\u00f6rdert die Entwicklung der Kinder, schafft Wohlbefinden und vermittelt eine positive Lebenshaltung. Miteinander teilen, zusammen etwas erarbeiten und sich dar\u00fcber freuen sind Aspekte im Leben eines Kindes, die gef\u00f6rdert und gew\u00e4hrleistet [&hellip;]","og_url":"https:\/\/www.corocalicantus.org\/de\/was-ist-calicantus\/","og_site_name":"Coro Calicantus","article_publisher":"https:\/\/www.facebook.com\/corocalicantuslocarnoticino\/","article_modified_time":"2020-10-16T23:41:51+00:00","twitter_card":"summary_large_image","twitter_misc":{"Gesch\u00e4tzte Lesezeit":"7\u00a0Minuten"},"schema":{"@context":"https:\/\/schema.org","@graph":[{"@type":"WebPage","@id":"https:\/\/www.corocalicantus.org\/de\/was-ist-calicantus\/","url":"https:\/\/www.corocalicantus.org\/de\/was-ist-calicantus\/","name":"Was ist Calicantus? | Coro Calicantus","isPartOf":{"@id":"https:\/\/www.corocalicantus.org\/#website"},"datePublished":"2017-06-18T08:06:41+00:00","dateModified":"2020-10-16T23:41:51+00:00","breadcrumb":{"@id":"https:\/\/www.corocalicantus.org\/de\/was-ist-calicantus\/#breadcrumb"},"inLanguage":"de","potentialAction":[{"@type":"ReadAction","target":["https:\/\/www.corocalicantus.org\/de\/was-ist-calicantus\/"]}]},{"@type":"BreadcrumbList","@id":"https:\/\/www.corocalicantus.org\/de\/was-ist-calicantus\/#breadcrumb","itemListElement":[{"@type":"ListItem","position":1,"name":"Home","item":"https:\/\/www.corocalicantus.org\/de\/"},{"@type":"ListItem","position":2,"name":"Was ist Calicantus?"}]},{"@type":"WebSite","@id":"https:\/\/www.corocalicantus.org\/#website","url":"https:\/\/www.corocalicantus.org\/","name":"Coro Calicantus","description":"Scopri la magia della musica","potentialAction":[{"@type":"SearchAction","target":{"@type":"EntryPoint","urlTemplate":"https:\/\/www.corocalicantus.org\/?s={search_term_string}"},"query-input":{"@type":"PropertyValueSpecification","valueRequired":true,"valueName":"search_term_string"}}],"inLanguage":"de"}]}},"_links":{"self":[{"href":"https:\/\/www.corocalicantus.org\/de\/wp-json\/wp\/v2\/pages\/2328","targetHints":{"allow":["GET"]}}],"collection":[{"href":"https:\/\/www.corocalicantus.org\/de\/wp-json\/wp\/v2\/pages"}],"about":[{"href":"https:\/\/www.corocalicantus.org\/de\/wp-json\/wp\/v2\/types\/page"}],"author":[{"embeddable":true,"href":"https:\/\/www.corocalicantus.org\/de\/wp-json\/wp\/v2\/users\/1"}],"replies":[{"embeddable":true,"href":"https:\/\/www.corocalicantus.org\/de\/wp-json\/wp\/v2\/comments?post=2328"}],"version-history":[{"count":65,"href":"https:\/\/www.corocalicantus.org\/de\/wp-json\/wp\/v2\/pages\/2328\/revisions"}],"predecessor-version":[{"id":5180,"href":"https:\/\/www.corocalicantus.org\/de\/wp-json\/wp\/v2\/pages\/2328\/revisions\/5180"}],"wp:attachment":[{"href":"https:\/\/www.corocalicantus.org\/de\/wp-json\/wp\/v2\/media?parent=2328"}],"curies":[{"name":"wp","href":"https:\/\/api.w.org\/{rel}","templated":true}]}}