{"id":3114,"date":"2017-06-18T09:06:41","date_gmt":"2017-06-18T08:06:41","guid":{"rendered":"https:\/\/www.corocalicantus.org\/what-is-calicantus\/"},"modified":"2020-10-17T00:40:22","modified_gmt":"2020-10-16T23:40:22","slug":"about-calicantus","status":"publish","type":"page","link":"https:\/\/www.corocalicantus.org\/en\/about-calicantus\/","title":{"rendered":"About Calicantus"},"content":{"rendered":"<p>[et_pb_section fb_built=&#8221;1&#8243; fullwidth=&#8221;on&#8221; module_class=&#8221;header_pagine&#8221; _builder_version=&#8221;3.29.3&#8243; background_image=&#8221;https:\/\/www.corocalicantus.org\/wp-content\/uploads\/2020\/08\/famiglia-min.jpg&#8221; parallax=&#8221;on&#8221; parallax_method=&#8221;off&#8221; hover_enabled=&#8221;0&#8243; bb_built=&#8221;1&#8243; _i=&#8221;0&#8243; _address=&#8221;0&#8243;][et_pb_fullwidth_post_title meta=&#8221;off&#8221; featured_image=&#8221;off&#8221; text_color=&#8221;light&#8221; _builder_version=&#8221;3.0.74&#8243; title_font_size=&#8221;62px&#8221; _i=&#8221;0&#8243; _address=&#8221;0.0&#8243;][\/et_pb_fullwidth_post_title][et_pb_fullwidth_menu menu_id=&#8221;10&#8243; submenu_direction=&#8221;upwards&#8221; fullwidth_menu=&#8221;off&#8221; active_link_color=&#8221;#edef81&#8243; dropdown_menu_line_color=&#8221;#ffffff&#8221; _builder_version=&#8221;3.0.66&#8243; menu_font=&#8221;|on||on|&#8221; background_color=&#8221;#f96c39&#8243; background_layout=&#8221;dark&#8221; saved_tabs=&#8221;all&#8221; _i=&#8221;1&#8243; _address=&#8221;0.1&#8243;][\/et_pb_fullwidth_menu][\/et_pb_section][et_pb_section fb_built=&#8221;1&#8243; inner_shadow=&#8221;on&#8221; admin_label=&#8221;section&#8221; _builder_version=&#8221;3.22&#8243; background_color=&#8221;#f7f7f7&#8243; bb_built=&#8221;1&#8243; _i=&#8221;1&#8243; _address=&#8221;1&#8243;][et_pb_row admin_label=&#8221;row&#8221; _builder_version=&#8221;3.25&#8243; background_size=&#8221;initial&#8221; background_position=&#8221;top_left&#8221; background_repeat=&#8221;repeat&#8221; _i=&#8221;0&#8243; _address=&#8221;1.0&#8243; column_structure=&#8221;1_2,1_2&#8243;][et_pb_column type=&#8221;1_2&#8243; _builder_version=&#8221;3.25&#8243; custom_padding=&#8221;|||&#8221; _i=&#8221;0&#8243; _address=&#8221;1.0.0&#8243; custom_padding__hover=&#8221;|||&#8221;][et_pb_text admin_label=&#8221;Cos&#8217;\u00e8 Calicantus?&#8221; _builder_version=&#8221;3.27.4&#8243; module_alignment=&#8221;left&#8221; _i=&#8221;0&#8243; _address=&#8221;1.0.0.0&#8243;]<\/p>\n<h2>A great big family<\/h2>\n<p><strong>Calicantus is a big family.<\/strong><br \/>\nIt is fantasy, friendship and <strong>hope<\/strong>.<br \/>\nIt is education and artistic realization.<\/p>\n<p>Singing is a healthy and stimulating activity that fosters growth, creates wellbeing and develops a positive attitude towards life.<\/p>\n<p>Sharing, collaborating and rejoicing together in a constructive way are aspects of our children&#8217;s lives that must be cultivated and maintained.<\/p>\n<p>The choir welcomes all children, it becomes a valid aid also for children with slight handicaps or in difficult situations.<\/p>\n<p><strong>Calicantus is a group spirit and a sense of belonging!<\/strong><br \/>\n[\/et_pb_text][\/et_pb_column][et_pb_column type=&#8221;1_2&#8243; _builder_version=&#8221;3.25&#8243; custom_padding=&#8221;|||&#8221; _i=&#8221;1&#8243; _address=&#8221;1.0.1&#8243; custom_padding__hover=&#8221;|||&#8221;][et_pb_image src=&#8221;https:\/\/www.corocalicantus.org\/wp-content\/uploads\/grande_famiglia-1.jpg&#8221; align_tablet=&#8221;center&#8221; align_last_edited=&#8221;on|desktop&#8221; _builder_version=&#8221;3.23&#8243; animation_style=&#8221;slide&#8221; animation_direction=&#8221;left&#8221; animation_duration=&#8221;500ms&#8221; animation_intensity_slide=&#8221;10%&#8221; _i=&#8221;0&#8243; _address=&#8221;1.0.1.0&#8243;][\/et_pb_image][\/et_pb_column][\/et_pb_row][\/et_pb_section][et_pb_section fb_built=&#8221;1&#8243; inner_shadow=&#8221;on&#8221; admin_label=&#8221;section&#8221; module_class=&#8221;bordo_superiore&#8221; _builder_version=&#8221;3.22&#8243; background_color=&#8221;#f7f7f7&#8243; bb_built=&#8221;1&#8243; _i=&#8221;2&#8243; _address=&#8221;2&#8243;][et_pb_row admin_label=&#8221;row&#8221; _builder_version=&#8221;3.25&#8243; background_size=&#8221;initial&#8221; background_position=&#8221;top_left&#8221; background_repeat=&#8221;repeat&#8221; _i=&#8221;0&#8243; _address=&#8221;2.0&#8243; column_structure=&#8221;1_2,1_2&#8243;][et_pb_column type=&#8221;1_2&#8243; _builder_version=&#8221;3.25&#8243; custom_padding=&#8221;|||&#8221; _i=&#8221;0&#8243; _address=&#8221;2.0.0&#8243; custom_padding__hover=&#8221;|||&#8221;][et_pb_image src=&#8221;https:\/\/www.corocalicantus.org\/wp-content\/uploads\/Primo-premio-Concorso-svizzero-Glarona-2005.jpg&#8221; show_in_lightbox=&#8221;on&#8221; align_tablet=&#8221;center&#8221; align_last_edited=&#8221;on|desktop&#8221; _builder_version=&#8221;3.23&#8243; animation_style=&#8221;slide&#8221; animation_direction=&#8221;left&#8221; animation_duration=&#8221;500ms&#8221; animation_intensity_slide=&#8221;10%&#8221; border_style=&#8221;solid&#8221; always_center_on_mobile=&#8221;on&#8221; _i=&#8221;0&#8243; _address=&#8221;2.0.0.0&#8243;][\/et_pb_image][et_pb_text admin_label=&#8221;Primo premio Concorso svizzero Glarona 2005&#8243; _builder_version=&#8221;3.27.4&#8243; module_alignment=&#8221;left&#8221; border_style=&#8221;solid&#8221; _i=&#8221;1&#8243; _address=&#8221;2.0.0.1&#8243;]<\/p>\n<h4>First prize Swiss competition Glarus 2005<\/h4>\n<p>[\/et_pb_text][et_pb_gallery gallery_ids=&#8221;1158,1152,1161,1155&#8243; show_pagination=&#8221;off&#8221; zoom_icon_color=&#8221;#f96c39&#8243; hover_icon=&#8221;%%12%%&#8221; _builder_version=&#8221;3.0.105&#8243; text_orientation=&#8221;center&#8221; pagination_font_size_tablet=&#8221;51&#8243; pagination_line_height_tablet=&#8221;2&#8243; _i=&#8221;2&#8243; _address=&#8221;2.0.0.2&#8243;][\/et_pb_gallery][\/et_pb_column][et_pb_column type=&#8221;1_2&#8243; _builder_version=&#8221;3.25&#8243; custom_padding=&#8221;|||&#8221; _i=&#8221;1&#8243; _address=&#8221;2.0.1&#8243; custom_padding__hover=&#8221;|||&#8221;][et_pb_text admin_label=&#8221;Storia della scuola Calicantus&#8221; _builder_version=&#8221;3.27.4&#8243; module_alignment=&#8221;left&#8221; _i=&#8221;0&#8243; _address=&#8221;2.0.1.0&#8243;]<\/p>\n<h2>History of the Calicantus school<\/h2>\n<p>The Calicantus singing school, f<strong>ounded in Locarno in 1993 by maestro <a href=\"https:\/\/www.corocalicantus.org\/en\/about-calicantus\/il-maestro\/\">Mario Fontana<\/a><\/strong>, is attended by 150 students from 4 to 18 years old, organized in four study levels &#8211; 3 preparatory choirs, a concert choir &#8211; and trains children and young people to sing and perform music of all times. Calicantus is recognized as a music school by the DECS, Department of Education, Culture and Sport of the Canton of Ticino.<\/p>\n<p><a href=\"https:\/\/www.corocalicantus.org\/en\/our-choirs\/for-pre-school-children\/\"><strong>For the youngest children, the choir offers playful activities and various songs<\/strong><\/a>, from Walt Disney to Zecchino d&#8217; oro, from jazz to blues to songs from all over the world, allowing children to cultivate their taste for music and by singing together, they discover new friends.<\/p>\n<p>The Calicantus school welcomes all children who wish to sing and offers free courses for primary school children. No previous musical or vocal skills are required and no audtitions are made.<br \/>\nThe <a href=\"https:\/\/www.corocalicantus.org\/en\/our-choirs\/coro-principale\/\">&#8220;<strong>Calicantus Choir<\/strong>&#8220;<\/a> is the concert ensemble of the School. Its repertoire includes pieces from the Renaissance and Baroque up to contemporary compositions and songs of international folklore performed mostly in the original language.<\/p>\n<p>Calicantus is regularly called upon to perform world premieres and collaborates with internationally renowned maestros and choirs.<\/p>\n<p>Calicantus represented Switzerland in Canada at the World of Children&#8217;s Choirs Festival in 2001 as well as on over a hundred tours across Europe.<\/p>\n<p><strong>It has received <\/strong><a href=\"https:\/\/www.corocalicantus.org\/en\/about-calicantus\/artistic-distinctions\/\"><strong>various awards.<\/strong><\/a><\/p>\n<p>The choir regularly collaborates with the Ticino composer <a href=\"http:\/\/www.ivoantognini.com\/\">Ivo Antognini<\/a> and with Radio Svizzera.<\/p>\n<p>It has recorded the work of F. J. Gossec &#8220;Le triomphe de la R\u00e9publique&#8221; and performed the &#8220;Oratorio de No\u00ebl&#8221; by C. Saint-Sa\u00ebns and the &#8220;Magnificat&#8221; by J. Rutter with the Orchestra della Svizzera Italiana under the direction of Diego Fasolis.<\/p>\n<p>The collaboration also extends to other music schools such as the <a href=\"http:\/\/www.locarno.ch\/it\/scuola-popolare-di-musica\">Locarno Popular School of Music<\/a>, the <a href=\"http:\/\/www.conservatorio.ch\/\">Conservatory of Italian Switzerland<\/a>.<\/p>\n<p>The <a href=\"https:\/\/www.corocalicantus.org\/en\/about-calicantus\/tournes\/\"><strong>mission<\/strong><\/a> that moves the Chorus Calicantus, in addition to the artistic and cultural development of young people has resulted in numerous charity initiatives for the protection of children, in collaboration with various institutions and associations including Terre des Hommes, Unicef, Doctors without Borders.<\/p>\n<p>Composer in residence<br \/>\nIvo Antognini <a href=\"http:\/\/www.ivoantognini.com\">http:\/\/www.ivoantognini.com<\/a><br \/>\n[\/et_pb_text][\/et_pb_column][\/et_pb_row][\/et_pb_section][et_pb_section fb_built=&#8221;1&#8243; admin_label=&#8221;section&#8221; _builder_version=&#8221;3.22&#8243; background_color=&#8221;#f96c39&#8243; global_module=&#8221;208&#8243; bb_built=&#8221;1&#8243; _i=&#8221;0&#8243; _address=&#8221;3&#8243;][et_pb_row _builder_version=&#8221;3.25&#8243; background_size=&#8221;initial&#8221; background_position=&#8221;top_left&#8221; background_repeat=&#8221;repeat&#8221; custom_padding=&#8221;0%||0px|&#8221; _i=&#8221;0&#8243; _address=&#8221;3.0&#8243;][et_pb_column type=&#8221;4_4&#8243; _builder_version=&#8221;3.25&#8243; custom_padding=&#8221;|||&#8221; _i=&#8221;0&#8243; _address=&#8221;3.0.0&#8243; custom_padding__hover=&#8221;|||&#8221;][et_pb_text _builder_version=&#8221;3.27.4&#8243; text_font=&#8221;|||on|&#8221; text_letter_spacing=&#8221;1px&#8221; background_layout=&#8221;dark&#8221; custom_margin=&#8221;||1%|&#8221; custom_css_main_element=&#8221;border-bottom:2px dotted #fff;&#8221; _i=&#8221;0&#8243; _address=&#8221;3.0.0.0&#8243;]<\/p>\n<h1 style=\"text-align: center;\">Discover our choirs<\/h1>\n<p>[\/et_pb_text][\/et_pb_column][\/et_pb_row][et_pb_row column_structure=&#8221;1_3,1_3,1_3&#8243; use_custom_gutter=&#8221;on&#8221; make_equal=&#8221;on&#8221; admin_label=&#8221;row&#8221; _builder_version=&#8221;3.25&#8243; background_size=&#8221;initial&#8221; background_position=&#8221;top_left&#8221; background_repeat=&#8221;repeat&#8221; custom_padding=&#8221;1%||1%|&#8221; _i=&#8221;1&#8243; _address=&#8221;3.1&#8243;][et_pb_column type=&#8221;1_3&#8243; _builder_version=&#8221;3.25&#8243; background_position=&#8221;top_left&#8221; custom_padding=&#8221;|||&#8221; _i=&#8221;0&#8243; _address=&#8221;3.1.0&#8243; custom_padding__hover=&#8221;|||&#8221;][et_pb_text _builder_version=&#8221;3.27.4&#8243; text_font=&#8221;|on|||&#8221; text_orientation=&#8221;center&#8221; background_layout=&#8221;dark&#8221; _i=&#8221;0&#8243; _address=&#8221;3.1.0.0&#8243;]<\/p>\n<p>from 2 to 6 years<\/p>\n<p>[\/et_pb_text][et_pb_image src=&#8221;https:\/\/www.corocalicantus.org\/wp-content\/uploads\/per_i_piu_piccoli.jpg&#8221; align=&#8221;center&#8221; align_tablet=&#8221;center&#8221; align_last_edited=&#8221;on|desktop&#8221; _builder_version=&#8221;3.27.3&#8243; animation_style=&#8221;fade&#8221; border_style=&#8221;solid&#8221; _i=&#8221;1&#8243; _address=&#8221;3.1.0.1&#8243;][\/et_pb_image][et_pb_text _builder_version=&#8221;3.27.4&#8243; text_font=&#8221;|on|||&#8221; text_orientation=&#8221;center&#8221; background_layout=&#8221;dark&#8221; animation_style=&#8221;fade&#8221; _i=&#8221;2&#8243; _address=&#8221;3.1.0.2&#8243;]<\/p>\n<h2>For the little ones<\/h2>\n<ul>\n<li><a style=\"color: #ffffff;\" href=\"https:\/\/www.corocalicantus.org\/en\/our-choirs\/for-pre-school-children\/\">Incontri genitore-bambino<\/a><\/li>\n<li><a style=\"color: #ffffff;\" href=\"https:\/\/www.corocalicantus.org\/en\/our-choirs\/for-pre-school-children\/#iniziazione\">Corso di iniziazione vocale e ritmica<\/a><\/li>\n<\/ul>\n<p>[\/et_pb_text][\/et_pb_column][et_pb_column type=&#8221;1_3&#8243; _builder_version=&#8221;3.25&#8243; background_position=&#8221;top_left&#8221; custom_padding=&#8221;|||&#8221; _i=&#8221;1&#8243; _address=&#8221;3.1.1&#8243; custom_padding__hover=&#8221;|||&#8221;][et_pb_text _builder_version=&#8221;3.27.4&#8243; text_font=&#8221;|on|||&#8221; text_orientation=&#8221;center&#8221; background_layout=&#8221;dark&#8221; _i=&#8221;0&#8243; _address=&#8221;3.1.1.0&#8243;]<\/p>\n<p>From 7 to 11 years<\/p>\n<p>[\/et_pb_text][et_pb_image src=&#8221;https:\/\/www.corocalicantus.org\/wp-content\/uploads\/coro_preparatorio_1.jpg&#8221; align=&#8221;center&#8221; align_tablet=&#8221;center&#8221; align_last_edited=&#8221;on|desktop&#8221; _builder_version=&#8221;3.23&#8243; animation_style=&#8221;fade&#8221; border_style=&#8221;solid&#8221; _i=&#8221;1&#8243; _address=&#8221;3.1.1.1&#8243;][\/et_pb_image][et_pb_text _builder_version=&#8221;3.27.4&#8243; text_font=&#8221;|on|||&#8221; text_orientation=&#8221;center&#8221; background_layout=&#8221;dark&#8221; animation_style=&#8221;fade&#8221; _i=&#8221;2&#8243; _address=&#8221;3.1.1.2&#8243;]<\/p>\n<h2>Preparatory choirs<\/h2>\n<ul>\n<li><a style=\"color: #ffffff;\" href=\"https:\/\/www.corocalicantus.org\/en\/our-choirs\/preparatory-choir-1\/\">Gemme del Calicantus<\/a><\/li>\n<li><a style=\"color: #ffffff;\" href=\"https:\/\/www.corocalicantus.org\/en\/our-choirs\/preparatory-choir-2\/\">Boccioli del Calicantus<\/a><\/li>\n<li>Fiori del Calicantus<\/li>\n<\/ul>\n<p>[\/et_pb_text][\/et_pb_column][et_pb_column type=&#8221;1_3&#8243; _builder_version=&#8221;3.25&#8243; background_position=&#8221;top_left&#8221; custom_padding=&#8221;|||&#8221; _i=&#8221;2&#8243; _address=&#8221;3.1.2&#8243; custom_padding__hover=&#8221;|||&#8221;][et_pb_text _builder_version=&#8221;3.27.4&#8243; text_font=&#8221;|on|||&#8221; text_orientation=&#8221;center&#8221; background_layout=&#8221;dark&#8221; _i=&#8221;0&#8243; _address=&#8221;3.1.2.0&#8243;]<\/p>\n<p>from 10 to 18 years old<\/p>\n<p>[\/et_pb_text][et_pb_image src=&#8221;https:\/\/www.corocalicantus.org\/wp-content\/uploads\/coro_principale.jpg&#8221; align=&#8221;center&#8221; align_tablet=&#8221;center&#8221; align_last_edited=&#8221;on|desktop&#8221; _builder_version=&#8221;3.23&#8243; animation_style=&#8221;fade&#8221; border_style=&#8221;solid&#8221; _i=&#8221;1&#8243; _address=&#8221;3.1.2.1&#8243;][\/et_pb_image][et_pb_text _builder_version=&#8221;3.27.4&#8243; text_font=&#8221;|on|||&#8221; text_orientation=&#8221;center&#8221; background_layout=&#8221;dark&#8221; animation_style=&#8221;fade&#8221; _i=&#8221;2&#8243; _address=&#8221;3.1.2.2&#8243;]<\/p>\n<h2>Main Choir<\/h2>\n<ul>\n<li><a style=\"color: #ffffff;\" href=\"https:\/\/www.corocalicantus.org\/en\/our-choirs\/coro-principale\/\">Discover our main choir<\/a><\/li>\n<\/ul>\n<p>[\/et_pb_text][\/et_pb_column][\/et_pb_row][\/et_pb_section]<\/p>\n","protected":false},"excerpt":{"rendered":"<p>A great big family Calicantus is a big family. It is fantasy, friendship and hope. It is education and artistic realization. Singing is a healthy and stimulating activity that fosters growth, creates wellbeing and develops a positive attitude towards life. Sharing, collaborating and rejoicing together in a constructive way are aspects of our children&#8217;s lives [&hellip;]<\/p>\n","protected":false},"author":1,"featured_media":0,"parent":0,"menu_order":0,"comment_status":"closed","ping_status":"closed","template":"","meta":{"_et_pb_use_builder":"on","_et_pb_old_content":"","_et_gb_content_width":"","footnotes":""},"class_list":["post-3114","page","type-page","status-publish","hentry"],"yoast_head":"<!-- This site is optimized with the Yoast SEO plugin v24.6 - https:\/\/yoast.com\/wordpress\/plugins\/seo\/ -->\n<title>About Calicantus | Coro Calicantus<\/title>\n<meta name=\"robots\" content=\"index, follow, max-snippet:-1, max-image-preview:large, max-video-preview:-1\" \/>\n<link rel=\"canonical\" href=\"https:\/\/www.corocalicantus.org\/en\/about-calicantus\/\" \/>\n<meta property=\"og:locale\" content=\"en_US\" \/>\n<meta property=\"og:type\" content=\"article\" \/>\n<meta property=\"og:title\" content=\"About Calicantus | Coro Calicantus\" \/>\n<meta property=\"og:description\" content=\"A great big family Calicantus is a big family. It is fantasy, friendship and hope. It is education and artistic realization. Singing is a healthy and stimulating activity that fosters growth, creates wellbeing and develops a positive attitude towards life. Sharing, collaborating and rejoicing together in a constructive way are aspects of our children&#039;s lives [&hellip;]\" \/>\n<meta property=\"og:url\" content=\"https:\/\/www.corocalicantus.org\/en\/about-calicantus\/\" \/>\n<meta property=\"og:site_name\" content=\"Coro Calicantus\" \/>\n<meta property=\"article:publisher\" content=\"https:\/\/www.facebook.com\/corocalicantuslocarnoticino\/\" \/>\n<meta property=\"article:modified_time\" content=\"2020-10-16T23:40:22+00:00\" \/>\n<meta name=\"twitter:card\" content=\"summary_large_image\" \/>\n<meta name=\"twitter:label1\" content=\"Est. reading time\" \/>\n\t<meta name=\"twitter:data1\" content=\"7 minutes\" \/>\n<script type=\"application\/ld+json\" class=\"yoast-schema-graph\">{\"@context\":\"https:\/\/schema.org\",\"@graph\":[{\"@type\":\"WebPage\",\"@id\":\"https:\/\/www.corocalicantus.org\/en\/about-calicantus\/\",\"url\":\"https:\/\/www.corocalicantus.org\/en\/about-calicantus\/\",\"name\":\"About Calicantus | Coro Calicantus\",\"isPartOf\":{\"@id\":\"https:\/\/www.corocalicantus.org\/#website\"},\"datePublished\":\"2017-06-18T08:06:41+00:00\",\"dateModified\":\"2020-10-16T23:40:22+00:00\",\"breadcrumb\":{\"@id\":\"https:\/\/www.corocalicantus.org\/en\/about-calicantus\/#breadcrumb\"},\"inLanguage\":\"en-US\",\"potentialAction\":[{\"@type\":\"ReadAction\",\"target\":[\"https:\/\/www.corocalicantus.org\/en\/about-calicantus\/\"]}]},{\"@type\":\"BreadcrumbList\",\"@id\":\"https:\/\/www.corocalicantus.org\/en\/about-calicantus\/#breadcrumb\",\"itemListElement\":[{\"@type\":\"ListItem\",\"position\":1,\"name\":\"Home\",\"item\":\"https:\/\/www.corocalicantus.org\/en\/\"},{\"@type\":\"ListItem\",\"position\":2,\"name\":\"About Calicantus\"}]},{\"@type\":\"WebSite\",\"@id\":\"https:\/\/www.corocalicantus.org\/#website\",\"url\":\"https:\/\/www.corocalicantus.org\/\",\"name\":\"Coro Calicantus\",\"description\":\"Scopri la magia della musica\",\"potentialAction\":[{\"@type\":\"SearchAction\",\"target\":{\"@type\":\"EntryPoint\",\"urlTemplate\":\"https:\/\/www.corocalicantus.org\/?s={search_term_string}\"},\"query-input\":{\"@type\":\"PropertyValueSpecification\",\"valueRequired\":true,\"valueName\":\"search_term_string\"}}],\"inLanguage\":\"en-US\"}]}<\/script>\n<!-- \/ Yoast SEO plugin. -->","yoast_head_json":{"title":"About Calicantus | Coro Calicantus","robots":{"index":"index","follow":"follow","max-snippet":"max-snippet:-1","max-image-preview":"max-image-preview:large","max-video-preview":"max-video-preview:-1"},"canonical":"https:\/\/www.corocalicantus.org\/en\/about-calicantus\/","og_locale":"en_US","og_type":"article","og_title":"About Calicantus | Coro Calicantus","og_description":"A great big family Calicantus is a big family. It is fantasy, friendship and hope. It is education and artistic realization. Singing is a healthy and stimulating activity that fosters growth, creates wellbeing and develops a positive attitude towards life. Sharing, collaborating and rejoicing together in a constructive way are aspects of our children's lives [&hellip;]","og_url":"https:\/\/www.corocalicantus.org\/en\/about-calicantus\/","og_site_name":"Coro Calicantus","article_publisher":"https:\/\/www.facebook.com\/corocalicantuslocarnoticino\/","article_modified_time":"2020-10-16T23:40:22+00:00","twitter_card":"summary_large_image","twitter_misc":{"Est. reading time":"7 minutes"},"schema":{"@context":"https:\/\/schema.org","@graph":[{"@type":"WebPage","@id":"https:\/\/www.corocalicantus.org\/en\/about-calicantus\/","url":"https:\/\/www.corocalicantus.org\/en\/about-calicantus\/","name":"About Calicantus | Coro Calicantus","isPartOf":{"@id":"https:\/\/www.corocalicantus.org\/#website"},"datePublished":"2017-06-18T08:06:41+00:00","dateModified":"2020-10-16T23:40:22+00:00","breadcrumb":{"@id":"https:\/\/www.corocalicantus.org\/en\/about-calicantus\/#breadcrumb"},"inLanguage":"en-US","potentialAction":[{"@type":"ReadAction","target":["https:\/\/www.corocalicantus.org\/en\/about-calicantus\/"]}]},{"@type":"BreadcrumbList","@id":"https:\/\/www.corocalicantus.org\/en\/about-calicantus\/#breadcrumb","itemListElement":[{"@type":"ListItem","position":1,"name":"Home","item":"https:\/\/www.corocalicantus.org\/en\/"},{"@type":"ListItem","position":2,"name":"About Calicantus"}]},{"@type":"WebSite","@id":"https:\/\/www.corocalicantus.org\/#website","url":"https:\/\/www.corocalicantus.org\/","name":"Coro Calicantus","description":"Scopri la magia della musica","potentialAction":[{"@type":"SearchAction","target":{"@type":"EntryPoint","urlTemplate":"https:\/\/www.corocalicantus.org\/?s={search_term_string}"},"query-input":{"@type":"PropertyValueSpecification","valueRequired":true,"valueName":"search_term_string"}}],"inLanguage":"en-US"}]}},"_links":{"self":[{"href":"https:\/\/www.corocalicantus.org\/en\/wp-json\/wp\/v2\/pages\/3114","targetHints":{"allow":["GET"]}}],"collection":[{"href":"https:\/\/www.corocalicantus.org\/en\/wp-json\/wp\/v2\/pages"}],"about":[{"href":"https:\/\/www.corocalicantus.org\/en\/wp-json\/wp\/v2\/types\/page"}],"author":[{"embeddable":true,"href":"https:\/\/www.corocalicantus.org\/en\/wp-json\/wp\/v2\/users\/1"}],"replies":[{"embeddable":true,"href":"https:\/\/www.corocalicantus.org\/en\/wp-json\/wp\/v2\/comments?post=3114"}],"version-history":[{"count":35,"href":"https:\/\/www.corocalicantus.org\/en\/wp-json\/wp\/v2\/pages\/3114\/revisions"}],"predecessor-version":[{"id":5178,"href":"https:\/\/www.corocalicantus.org\/en\/wp-json\/wp\/v2\/pages\/3114\/revisions\/5178"}],"wp:attachment":[{"href":"https:\/\/www.corocalicantus.org\/en\/wp-json\/wp\/v2\/media?parent=3114"}],"curies":[{"name":"wp","href":"https:\/\/api.w.org\/{rel}","templated":true}]}}