{"id":3273,"date":"2017-09-24T14:24:42","date_gmt":"2017-09-24T13:24:42","guid":{"rendered":"https:\/\/www.corocalicantus.org\/what-is-calicantus\/collaborations\/"},"modified":"2022-03-07T04:39:06","modified_gmt":"2022-03-07T03:39:06","slug":"collaborations","status":"publish","type":"page","link":"https:\/\/www.corocalicantus.org\/en\/about-calicantus\/collaborations\/","title":{"rendered":"Collaborations"},"content":{"rendered":"<p>[et_pb_section fb_built=&#8221;1&#8243; fullwidth=&#8221;on&#8221; module_class=&#8221;header_pagine&#8221; _builder_version=&#8221;3.22&#8243; background_image=&#8221;https:\/\/www.corocalicantus.org\/wp-content\/uploads\/scale-1.jpg&#8221; parallax=&#8221;on&#8221; parallax_method=&#8221;off&#8221; custom_padding=&#8221;15%|||&#8221; bb_built=&#8221;1&#8243; _i=&#8221;0&#8243; _address=&#8221;0&#8243;][et_pb_fullwidth_post_title meta=&#8221;off&#8221; featured_image=&#8221;off&#8221; text_color=&#8221;light&#8221; _builder_version=&#8221;3.0.74&#8243; title_font_size=&#8221;62px&#8221; _i=&#8221;0&#8243; _address=&#8221;0.0&#8243;]&nbsp;<br \/>\n[\/et_pb_fullwidth_post_title][et_pb_fullwidth_menu menu_id=&#8221;10&#8243; submenu_direction=&#8221;upwards&#8221; fullwidth_menu=&#8221;off&#8221; active_link_color=&#8221;#edef81&#8243; dropdown_menu_line_color=&#8221;#ffffff&#8221; _builder_version=&#8221;3.0.66&#8243; menu_font=&#8221;|on||on|&#8221; background_color=&#8221;#f96c39&#8243; background_layout=&#8221;dark&#8221; saved_tabs=&#8221;all&#8221; _i=&#8221;1&#8243; _address=&#8221;0.1&#8243;]&nbsp;<br \/>\n[\/et_pb_fullwidth_menu][\/et_pb_section][et_pb_section fb_built=&#8221;1&#8243; inner_shadow=&#8221;on&#8221; admin_label=&#8221;section&#8221; _builder_version=&#8221;3.22&#8243; background_color=&#8221;#f7f7f7&#8243; bb_built=&#8221;1&#8243; _i=&#8221;1&#8243; _address=&#8221;1&#8243;][et_pb_row _builder_version=&#8221;3.25&#8243; background_size=&#8221;initial&#8221; background_position=&#8221;top_left&#8221; background_repeat=&#8221;repeat&#8221; _i=&#8221;0&#8243; _address=&#8221;1.0&#8243;][et_pb_column type=&#8221;4_4&#8243; _builder_version=&#8221;3.25&#8243; custom_padding=&#8221;|||&#8221; _i=&#8221;0&#8243; _address=&#8221;1.0.0&#8243; custom_padding__hover=&#8221;|||&#8221;][et_pb_text admin_label=&#8221;Collaborazioni&#8221; _builder_version=&#8221;3.27.4&#8243; _i=&#8221;0&#8243; _address=&#8221;1.0.0.0&#8243;]<\/p>\n<h2>Some productions in collaboration with the Calicantus Choir<\/h2>\n<p>[\/et_pb_text][\/et_pb_column][\/et_pb_row][et_pb_row admin_label=&#8221;row&#8221; _builder_version=&#8221;3.25&#8243; background_size=&#8221;initial&#8221; background_position=&#8221;top_left&#8221; background_repeat=&#8221;repeat&#8221; _i=&#8221;1&#8243; _address=&#8221;1.1&#8243; column_structure=&#8221;1_2,1_2&#8243;][et_pb_column type=&#8221;1_2&#8243; _builder_version=&#8221;3.25&#8243; custom_padding=&#8221;|||&#8221; _i=&#8221;0&#8243; _address=&#8221;1.1.0&#8243; custom_padding__hover=&#8221;|||&#8221;][et_pb_text admin_label=&#8221;Colonna 1&#8243; _builder_version=&#8221;3.29.3&#8243; hover_enabled=&#8221;0&#8243; _i=&#8221;0&#8243; _address=&#8221;1.1.0.0&#8243;]<\/p>\n<p><img loading=\"lazy\" decoding=\"async\" src=\"https:\/\/www.corocalicantus.org\/wp-content\/uploads\/2022\/03\/Foto-CD-Vent-Negru-Serenada-min-1024x927.jpg\" width=\"92\" height=\"84\" alt=\"\" class=\"wp-image-5374 alignnone size-large\" \/><\/p>\n<p><strong>Vent negru \u201cSerenada\u201d<\/strong><\/p>\n<p>The Ticino band Vent Negru, which has been revaluing the cultural and musical heritage of the southern Alps for 30 years, has produced this new disc with original musical pearls and style research. Calicantus made a small contribution in the track &#8220;Che confusione, eppur siam qui&#8221;.<\/p>\n<hr \/>\n<p><img loading=\"lazy\" decoding=\"async\" class=\"picture\" src=\"\/wp-content\/uploads\/collaborazioni\/cddvd_bandacoro11_1_92.gif\" alt=\"\" width=\"92\" height=\"84\" border=\"0\" \/><\/p>\n<p><strong>Bande e Cuori 2016<\/strong><\/p>\n<p>This album recalls the New Year&#8217;s Eve at the RSI, where the Calicantus Choir, accompanied by the Big Band RSI performed &#8220;Oh happy Day&#8221;.<\/p>\n<hr \/>\n<p><img loading=\"lazy\" decoding=\"async\" class=\"wp-image-1697 alignnone size-full\" src=\"http:\/\/coca.2bee.ch\/wp-content\/uploads\/2017\/09\/Die-Apokalyptische.jpg\" alt=\"\" width=\"92\" height=\"92\" \/><\/p>\n<p><strong>Die Apokalyptische \u2013 3a sinfonia di Thomas Trachsel<\/strong><\/p>\n<p>The OFSI, Swiss Italian Wind Orchestra with the chorus Calicantus, presented two concerts to draw attention to children&#8217;s rights, on the occasion of the 25th anniversary of the signing of the International Convention on the Rights of the Child approved by the United Nations General Assembly on 20 November 1989.<\/p>\n<p>Trachsel&#8217;s 3rd symphony is inspired by concern for future generations; it is a reminder to adults of their responsibility towards children.<\/p>\n<p>This record was recorded live at the concert held in the church of San Francesco in Locarno on November 16,2014.<\/p>\n<p>For more information: <a href=\"mailto:info@ofsi.ch\">info@ofsi.ch<\/a><\/p>\n<hr \/>\n<p><img loading=\"lazy\" decoding=\"async\" class=\"picture\" src=\"\/wp-content\/uploads\/collaborazioni\/colla-cddvd_sacres01_p_92.gif\" alt=\"\" width=\"90\" height=\"90\" border=\"0\" \/><\/p>\n<p><strong>Musiques SACR\u00c9ES<\/strong><\/p>\n<p>Sacred music from around the world.<br \/> The &#8220;Musiques sacr\u00e9es&#8221; box produced by the French publishing house Enbiro in collaboration with the ethnomusicology Ateliers of Geneva.<\/p>\n<hr \/>\n<p><img loading=\"lazy\" decoding=\"async\" class=\"picture\" src=\"\/wp-content\/uploads\/collaborazioni\/colla-cddvd_basel12_p_92.gif\" alt=\"\" width=\"90\" height=\"90\" border=\"0\" \/><\/p>\n<p><strong>Jugendchor Festival Basel 2012<\/strong><\/p>\n<p>&#8220;Europ\u00e4isches Jugendchor Festival Basel 2012&#8221;.<br \/> The eighth European festival &#8220;Europ\u00e4isches Jugendchor Festival Basel 2012&#8221; was attended by the chorus Calicantus as special guests.<\/p>\n<hr \/>\n<p><img loading=\"lazy\" decoding=\"async\" class=\"picture\" src=\"\/wp-content\/uploads\/collaborazioni\/colla-cddvd_chorama08_p_92.gif\" alt=\"\" width=\"90\" height=\"90\" border=\"0\" \/><\/p>\n<p><strong>Chorama 2008<\/strong><\/p>\n<p>A CD made by the Swiss choral union to celebrate 30 years of activity. Calicantus was invited to perform at the official ceremony in Aarau.<\/p>\n<hr \/>\n<p><img loading=\"lazy\" decoding=\"async\" class=\"picture\" src=\"\/wp-content\/uploads\/collaborazioni\/colla-cddvd_surrender06_p_92.gif\" alt=\"\" width=\"90\" height=\"90\" border=\"0\" \/><\/p>\n<p><strong>Surrender 2006<\/strong><\/p>\n<p>Participation in a piece by the prog rock group Zenit.<\/p>\n<p>&nbsp;<\/p>\n<p>[\/et_pb_text][\/et_pb_column][et_pb_column type=&#8221;1_2&#8243; _builder_version=&#8221;3.25&#8243; custom_padding=&#8221;|||&#8221; _i=&#8221;1&#8243; _address=&#8221;1.1.1&#8243; custom_padding__hover=&#8221;|||&#8221;][et_pb_text admin_label=&#8221;Cos&#8217;\u00e8 Calicantus?&#8221; _builder_version=&#8221;3.29.3&#8243; hover_enabled=&#8221;0&#8243; _i=&#8221;0&#8243; _address=&#8221;1.1.1.0&#8243;]<\/p>\n<p><img loading=\"lazy\" decoding=\"async\" class=\"picture\" src=\"\/wp-content\/uploads\/collaborazioni\/colla-cddvd_schweizer05_p_92.gif\" alt=\"\" width=\"90\" height=\"90\" border=\"0\" \/><\/p>\n<p><strong>Schweizer Nationalhymne 2005<\/strong><\/p>\n<p>A production by Radio Svizzera DRS with various versions of the Swiss anthem. Calicantus was selected to record the Italian version of the Swiss Psalm.<\/p>\n<hr \/>\n<p><img loading=\"lazy\" decoding=\"async\" class=\"picture\" src=\"\/wp-content\/uploads\/collaborazioni\/colla-cddvd_triomphe04_p_92.gif\" alt=\"\" width=\"90\" height=\"90\" border=\"0\" \/><\/p>\n<p><strong>Le Triomphe de la R\u00e9publique 2004<\/strong><br \/> Nel 175mo della morte del compositore francese Fran\u00e7ois-Joseph Gossec, appare questo disco inedito &#8220;Le Triomphe de la R\u00e9publique&#8221; opera che dette forma alle idee del nuovo assetto politico in Francia.<\/p>\n<hr \/>\n<p><img loading=\"lazy\" decoding=\"async\" class=\"picture\" src=\"\/wp-content\/uploads\/collaborazioni\/colla-cddvd_chorf02_p_92.gif\" alt=\"\" width=\"90\" height=\"90\" border=\"0\" \/><\/p>\n<p><strong>Chorfoederatio 2002<\/strong><br \/> Il 21 e 22 giugno 2002 si sono incontrati all&#8217;Expo.02 a Yverdon dieci tra i migliori cori amatoriali provenienti dalle quattro regioni linguistiche della Svizzera, di cui tre di voci bianche.<\/p>\n<hr \/>\n<p><img loading=\"lazy\" decoding=\"async\" class=\"picture\" src=\"\/wp-content\/uploads\/collaborazioni\/colla-cddvd_children01_p_92.gif\" alt=\"\" width=\"90\" height=\"90\" border=\"0\" \/><\/p>\n<p><strong>The World of Children&#8217;s Choirs 2001<\/strong><br \/> Questo doppio CD &#8220;Festival Highlights&#8221; raggruppa una ventina fra i migliori cori di bambini invitati al Festival &#8220;World of children&#8217;s choirs 2001&#8221; svoltosi a Vancouver dal 18 al 22 marzo 2001.<\/p>\n<hr \/>\n<p><img loading=\"lazy\" decoding=\"async\" class=\"picture\" src=\"\/wp-content\/uploads\/collaborazioni\/colla-cddvd_basel01_p_92.gif\" alt=\"\" width=\"90\" height=\"90\" border=\"0\" \/><\/p>\n<p><strong>Jugendchor Festival Basel 2001<\/strong><br \/> &#8220;Europ\u00e4isches Jugendchor Festival Basel 01&#8221; \u00e8 un festival europeo che ha luogo ogni tre anni ed \u00e8 anche il titolo del CD registrato nel Basler M\u00fcnster in apertura del Festival.<\/p>\n<hr \/>\n<p><img loading=\"lazy\" decoding=\"async\" class=\"picture\" src=\"\/wp-content\/uploads\/collaborazioni\/colla-cddvd_savigny00_p_92.gif\" alt=\"\" width=\"90\" height=\"90\" border=\"0\" \/><\/p>\n<p><strong>Les Petits loups de Savigny 2000<\/strong><br \/> In questo CD del coro &#8220;Les petits loups de Savigny&#8221; vi sono due brani nei quali canta anche il coro preparatorio 2, registrati dal vivo durante la &#8220;1 Rassegna internazionale di cori di voci bianche.<\/p>\n<hr \/>\n<p><img loading=\"lazy\" decoding=\"async\" class=\"picture\" src=\"\/wp-content\/uploads\/collaborazioni\/colla-cddvd_pangea_p_92.gif\" alt=\"\" width=\"90\" height=\"90\" border=\"0\" \/><\/p>\n<p><strong>Serie di CD del gruppo Gioari<\/strong><br \/> Gioari \u00e8 un gruppo musicale svizzero che unisce strumenti etnici ed elettronici con paesaggi sonori della Natura, in particolare registrati sul nostro territorio ticinese.<\/p>\n<p>[\/et_pb_text][\/et_pb_column][\/et_pb_row][\/et_pb_section][et_pb_section fb_built=&#8221;1&#8243; admin_label=&#8221;section&#8221; _builder_version=&#8221;3.22&#8243; background_color=&#8221;#f96c39&#8243; global_module=&#8221;208&#8243; bb_built=&#8221;1&#8243; _i=&#8221;0&#8243; _address=&#8221;2&#8243;][et_pb_row _builder_version=&#8221;3.25&#8243; background_size=&#8221;initial&#8221; background_position=&#8221;top_left&#8221; background_repeat=&#8221;repeat&#8221; custom_padding=&#8221;0%||0px|&#8221; _i=&#8221;0&#8243; _address=&#8221;2.0&#8243;][et_pb_column type=&#8221;4_4&#8243; _builder_version=&#8221;3.25&#8243; custom_padding=&#8221;|||&#8221; _i=&#8221;0&#8243; _address=&#8221;2.0.0&#8243; custom_padding__hover=&#8221;|||&#8221;][et_pb_text _builder_version=&#8221;3.27.4&#8243; text_font=&#8221;|||on|&#8221; text_letter_spacing=&#8221;1px&#8221; background_layout=&#8221;dark&#8221; custom_margin=&#8221;||1%|&#8221; custom_css_main_element=&#8221;border-bottom:2px dotted #fff;&#8221; _i=&#8221;0&#8243; _address=&#8221;2.0.0.0&#8243;]<\/p>\n<h1 style=\"text-align: center;\">Discover our choirs<\/h1>\n<p>[\/et_pb_text][\/et_pb_column][\/et_pb_row][et_pb_row column_structure=&#8221;1_3,1_3,1_3&#8243; use_custom_gutter=&#8221;on&#8221; make_equal=&#8221;on&#8221; admin_label=&#8221;row&#8221; _builder_version=&#8221;3.25&#8243; background_size=&#8221;initial&#8221; background_position=&#8221;top_left&#8221; background_repeat=&#8221;repeat&#8221; custom_padding=&#8221;1%||1%|&#8221; _i=&#8221;1&#8243; _address=&#8221;2.1&#8243;][et_pb_column type=&#8221;1_3&#8243; _builder_version=&#8221;3.25&#8243; background_position=&#8221;top_left&#8221; custom_padding=&#8221;|||&#8221; _i=&#8221;0&#8243; _address=&#8221;2.1.0&#8243; custom_padding__hover=&#8221;|||&#8221;][et_pb_text _builder_version=&#8221;3.27.4&#8243; text_font=&#8221;|on|||&#8221; text_orientation=&#8221;center&#8221; background_layout=&#8221;dark&#8221; _i=&#8221;0&#8243; _address=&#8221;2.1.0.0&#8243;]<\/p>\n<p>from 2 to 6 years<\/p>\n<p>[\/et_pb_text][et_pb_image src=&#8221;https:\/\/www.corocalicantus.org\/wp-content\/uploads\/per_i_piu_piccoli.jpg&#8221; align=&#8221;center&#8221; align_tablet=&#8221;center&#8221; align_last_edited=&#8221;on|desktop&#8221; _builder_version=&#8221;3.27.3&#8243; animation_style=&#8221;fade&#8221; border_style=&#8221;solid&#8221; _i=&#8221;1&#8243; _address=&#8221;2.1.0.1&#8243;][\/et_pb_image][et_pb_text _builder_version=&#8221;3.27.4&#8243; text_font=&#8221;|on|||&#8221; text_orientation=&#8221;center&#8221; background_layout=&#8221;dark&#8221; animation_style=&#8221;fade&#8221; _i=&#8221;2&#8243; _address=&#8221;2.1.0.2&#8243;]<\/p>\n<h2>For the little ones<\/h2>\n<ul>\n<li><a style=\"color: #ffffff;\" href=\"https:\/\/www.corocalicantus.org\/en\/our-choirs\/for-pre-school-children\/\">Incontri genitore-bambino<\/a><\/li>\n<li><a style=\"color: #ffffff;\" href=\"https:\/\/www.corocalicantus.org\/en\/our-choirs\/for-pre-school-children\/#iniziazione\">Corso di iniziazione vocale e ritmica<\/a><\/li>\n<\/ul>\n<p>[\/et_pb_text][\/et_pb_column][et_pb_column type=&#8221;1_3&#8243; _builder_version=&#8221;3.25&#8243; background_position=&#8221;top_left&#8221; custom_padding=&#8221;|||&#8221; _i=&#8221;1&#8243; _address=&#8221;2.1.1&#8243; custom_padding__hover=&#8221;|||&#8221;][et_pb_text _builder_version=&#8221;3.27.4&#8243; text_font=&#8221;|on|||&#8221; text_orientation=&#8221;center&#8221; background_layout=&#8221;dark&#8221; _i=&#8221;0&#8243; _address=&#8221;2.1.1.0&#8243;]<\/p>\n<p>From 7 to 11 years<\/p>\n<p>[\/et_pb_text][et_pb_image src=&#8221;https:\/\/www.corocalicantus.org\/wp-content\/uploads\/coro_preparatorio_1.jpg&#8221; align=&#8221;center&#8221; align_tablet=&#8221;center&#8221; align_last_edited=&#8221;on|desktop&#8221; _builder_version=&#8221;3.23&#8243; animation_style=&#8221;fade&#8221; border_style=&#8221;solid&#8221; _i=&#8221;1&#8243; _address=&#8221;2.1.1.1&#8243;][\/et_pb_image][et_pb_text _builder_version=&#8221;3.27.4&#8243; text_font=&#8221;|on|||&#8221; text_orientation=&#8221;center&#8221; background_layout=&#8221;dark&#8221; animation_style=&#8221;fade&#8221; _i=&#8221;2&#8243; _address=&#8221;2.1.1.2&#8243;]<\/p>\n<h2>Preparatory choirs<\/h2>\n<ul>\n<li><a style=\"color: #ffffff;\" href=\"https:\/\/www.corocalicantus.org\/en\/our-choirs\/preparatory-choir-1\/\">Gemme del Calicantus<\/a><\/li>\n<li><a style=\"color: #ffffff;\" href=\"https:\/\/www.corocalicantus.org\/en\/our-choirs\/preparatory-choir-2\/\">Boccioli del Calicantus<\/a><\/li>\n<li>Fiori del Calicantus<\/li>\n<\/ul>\n<p>[\/et_pb_text][\/et_pb_column][et_pb_column type=&#8221;1_3&#8243; _builder_version=&#8221;3.25&#8243; background_position=&#8221;top_left&#8221; custom_padding=&#8221;|||&#8221; _i=&#8221;2&#8243; _address=&#8221;2.1.2&#8243; custom_padding__hover=&#8221;|||&#8221;][et_pb_text _builder_version=&#8221;3.27.4&#8243; text_font=&#8221;|on|||&#8221; text_orientation=&#8221;center&#8221; background_layout=&#8221;dark&#8221; _i=&#8221;0&#8243; _address=&#8221;2.1.2.0&#8243;]<\/p>\n<p>from 10 to 18 years old<\/p>\n<p>[\/et_pb_text][et_pb_image src=&#8221;https:\/\/www.corocalicantus.org\/wp-content\/uploads\/coro_principale.jpg&#8221; align=&#8221;center&#8221; align_tablet=&#8221;center&#8221; align_last_edited=&#8221;on|desktop&#8221; _builder_version=&#8221;3.23&#8243; animation_style=&#8221;fade&#8221; border_style=&#8221;solid&#8221; _i=&#8221;1&#8243; _address=&#8221;2.1.2.1&#8243;][\/et_pb_image][et_pb_text _builder_version=&#8221;3.27.4&#8243; text_font=&#8221;|on|||&#8221; text_orientation=&#8221;center&#8221; background_layout=&#8221;dark&#8221; animation_style=&#8221;fade&#8221; _i=&#8221;2&#8243; _address=&#8221;2.1.2.2&#8243;]<\/p>\n<h2>Main Choir<\/h2>\n<ul>\n<li><a style=\"color: #ffffff;\" href=\"https:\/\/www.corocalicantus.org\/en\/our-choirs\/coro-principale\/\">Discover our main choir<\/a><\/li>\n<\/ul>\n<p>[\/et_pb_text][\/et_pb_column][\/et_pb_row][\/et_pb_section]<\/p>\n","protected":false},"excerpt":{"rendered":"<p>&nbsp; &nbsp; Some productions in collaboration with the Calicantus Choir Vent negru \u201cSerenada\u201d The Ticino band Vent Negru, which has been revaluing the cultural and musical heritage of the southern Alps for 30 years, has produced this new disc with original musical pearls and style research. Calicantus made a small contribution in the track &#8220;Che [&hellip;]<\/p>\n","protected":false},"author":1,"featured_media":0,"parent":3114,"menu_order":0,"comment_status":"closed","ping_status":"closed","template":"","meta":{"_et_pb_use_builder":"on","_et_pb_old_content":"","_et_gb_content_width":"","footnotes":""},"class_list":["post-3273","page","type-page","status-publish","hentry"],"yoast_head":"<!-- This site is optimized with the Yoast SEO plugin v24.6 - https:\/\/yoast.com\/wordpress\/plugins\/seo\/ -->\n<title>Collaborations | Coro Calicantus<\/title>\n<meta name=\"robots\" content=\"index, follow, max-snippet:-1, max-image-preview:large, max-video-preview:-1\" \/>\n<link rel=\"canonical\" href=\"https:\/\/www.corocalicantus.org\/en\/about-calicantus\/collaborations\/\" \/>\n<meta property=\"og:locale\" content=\"en_US\" \/>\n<meta property=\"og:type\" content=\"article\" \/>\n<meta property=\"og:title\" content=\"Collaborations | Coro Calicantus\" \/>\n<meta property=\"og:description\" content=\"&nbsp; &nbsp; Some productions in collaboration with the Calicantus Choir Vent negru \u201cSerenada\u201d The Ticino band Vent Negru, which has been revaluing the cultural and musical heritage of the southern Alps for 30 years, has produced this new disc with original musical pearls and style research. Calicantus made a small contribution in the track &quot;Che [&hellip;]\" \/>\n<meta property=\"og:url\" content=\"https:\/\/www.corocalicantus.org\/en\/about-calicantus\/collaborations\/\" \/>\n<meta property=\"og:site_name\" content=\"Coro Calicantus\" \/>\n<meta property=\"article:publisher\" content=\"https:\/\/www.facebook.com\/corocalicantuslocarnoticino\/\" \/>\n<meta property=\"article:modified_time\" content=\"2022-03-07T03:39:06+00:00\" \/>\n<meta property=\"og:image\" content=\"https:\/\/www.corocalicantus.org\/wp-content\/uploads\/2022\/03\/Foto-CD-Vent-Negru-Serenada-min-1024x927.jpg\" \/>\n<meta name=\"twitter:card\" content=\"summary_large_image\" \/>\n<meta name=\"twitter:label1\" content=\"Est. reading time\" \/>\n\t<meta name=\"twitter:data1\" content=\"6 minutes\" \/>\n<script type=\"application\/ld+json\" class=\"yoast-schema-graph\">{\"@context\":\"https:\/\/schema.org\",\"@graph\":[{\"@type\":\"WebPage\",\"@id\":\"https:\/\/www.corocalicantus.org\/en\/about-calicantus\/collaborations\/\",\"url\":\"https:\/\/www.corocalicantus.org\/en\/about-calicantus\/collaborations\/\",\"name\":\"Collaborations | Coro Calicantus\",\"isPartOf\":{\"@id\":\"https:\/\/www.corocalicantus.org\/#website\"},\"primaryImageOfPage\":{\"@id\":\"https:\/\/www.corocalicantus.org\/en\/about-calicantus\/collaborations\/#primaryimage\"},\"image\":{\"@id\":\"https:\/\/www.corocalicantus.org\/en\/about-calicantus\/collaborations\/#primaryimage\"},\"thumbnailUrl\":\"https:\/\/www.corocalicantus.org\/wp-content\/uploads\/2022\/03\/Foto-CD-Vent-Negru-Serenada-min-1024x927.jpg\",\"datePublished\":\"2017-09-24T13:24:42+00:00\",\"dateModified\":\"2022-03-07T03:39:06+00:00\",\"breadcrumb\":{\"@id\":\"https:\/\/www.corocalicantus.org\/en\/about-calicantus\/collaborations\/#breadcrumb\"},\"inLanguage\":\"en-US\",\"potentialAction\":[{\"@type\":\"ReadAction\",\"target\":[\"https:\/\/www.corocalicantus.org\/en\/about-calicantus\/collaborations\/\"]}]},{\"@type\":\"ImageObject\",\"inLanguage\":\"en-US\",\"@id\":\"https:\/\/www.corocalicantus.org\/en\/about-calicantus\/collaborations\/#primaryimage\",\"url\":\"https:\/\/www.corocalicantus.org\/wp-content\/uploads\/2022\/03\/Foto-CD-Vent-Negru-Serenada-min-1024x927.jpg\",\"contentUrl\":\"https:\/\/www.corocalicantus.org\/wp-content\/uploads\/2022\/03\/Foto-CD-Vent-Negru-Serenada-min-1024x927.jpg\"},{\"@type\":\"BreadcrumbList\",\"@id\":\"https:\/\/www.corocalicantus.org\/en\/about-calicantus\/collaborations\/#breadcrumb\",\"itemListElement\":[{\"@type\":\"ListItem\",\"position\":1,\"name\":\"Home\",\"item\":\"https:\/\/www.corocalicantus.org\/en\/\"},{\"@type\":\"ListItem\",\"position\":2,\"name\":\"About Calicantus\",\"item\":\"https:\/\/www.corocalicantus.org\/en\/about-calicantus\/\"},{\"@type\":\"ListItem\",\"position\":3,\"name\":\"Collaborations\"}]},{\"@type\":\"WebSite\",\"@id\":\"https:\/\/www.corocalicantus.org\/#website\",\"url\":\"https:\/\/www.corocalicantus.org\/\",\"name\":\"Coro Calicantus\",\"description\":\"Scopri la magia della musica\",\"potentialAction\":[{\"@type\":\"SearchAction\",\"target\":{\"@type\":\"EntryPoint\",\"urlTemplate\":\"https:\/\/www.corocalicantus.org\/?s={search_term_string}\"},\"query-input\":{\"@type\":\"PropertyValueSpecification\",\"valueRequired\":true,\"valueName\":\"search_term_string\"}}],\"inLanguage\":\"en-US\"}]}<\/script>\n<!-- \/ Yoast SEO plugin. -->","yoast_head_json":{"title":"Collaborations | Coro Calicantus","robots":{"index":"index","follow":"follow","max-snippet":"max-snippet:-1","max-image-preview":"max-image-preview:large","max-video-preview":"max-video-preview:-1"},"canonical":"https:\/\/www.corocalicantus.org\/en\/about-calicantus\/collaborations\/","og_locale":"en_US","og_type":"article","og_title":"Collaborations | Coro Calicantus","og_description":"&nbsp; &nbsp; Some productions in collaboration with the Calicantus Choir Vent negru \u201cSerenada\u201d The Ticino band Vent Negru, which has been revaluing the cultural and musical heritage of the southern Alps for 30 years, has produced this new disc with original musical pearls and style research. Calicantus made a small contribution in the track \"Che [&hellip;]","og_url":"https:\/\/www.corocalicantus.org\/en\/about-calicantus\/collaborations\/","og_site_name":"Coro Calicantus","article_publisher":"https:\/\/www.facebook.com\/corocalicantuslocarnoticino\/","article_modified_time":"2022-03-07T03:39:06+00:00","og_image":[{"url":"https:\/\/www.corocalicantus.org\/wp-content\/uploads\/2022\/03\/Foto-CD-Vent-Negru-Serenada-min-1024x927.jpg","type":"","width":"","height":""}],"twitter_card":"summary_large_image","twitter_misc":{"Est. reading time":"6 minutes"},"schema":{"@context":"https:\/\/schema.org","@graph":[{"@type":"WebPage","@id":"https:\/\/www.corocalicantus.org\/en\/about-calicantus\/collaborations\/","url":"https:\/\/www.corocalicantus.org\/en\/about-calicantus\/collaborations\/","name":"Collaborations | Coro Calicantus","isPartOf":{"@id":"https:\/\/www.corocalicantus.org\/#website"},"primaryImageOfPage":{"@id":"https:\/\/www.corocalicantus.org\/en\/about-calicantus\/collaborations\/#primaryimage"},"image":{"@id":"https:\/\/www.corocalicantus.org\/en\/about-calicantus\/collaborations\/#primaryimage"},"thumbnailUrl":"https:\/\/www.corocalicantus.org\/wp-content\/uploads\/2022\/03\/Foto-CD-Vent-Negru-Serenada-min-1024x927.jpg","datePublished":"2017-09-24T13:24:42+00:00","dateModified":"2022-03-07T03:39:06+00:00","breadcrumb":{"@id":"https:\/\/www.corocalicantus.org\/en\/about-calicantus\/collaborations\/#breadcrumb"},"inLanguage":"en-US","potentialAction":[{"@type":"ReadAction","target":["https:\/\/www.corocalicantus.org\/en\/about-calicantus\/collaborations\/"]}]},{"@type":"ImageObject","inLanguage":"en-US","@id":"https:\/\/www.corocalicantus.org\/en\/about-calicantus\/collaborations\/#primaryimage","url":"https:\/\/www.corocalicantus.org\/wp-content\/uploads\/2022\/03\/Foto-CD-Vent-Negru-Serenada-min-1024x927.jpg","contentUrl":"https:\/\/www.corocalicantus.org\/wp-content\/uploads\/2022\/03\/Foto-CD-Vent-Negru-Serenada-min-1024x927.jpg"},{"@type":"BreadcrumbList","@id":"https:\/\/www.corocalicantus.org\/en\/about-calicantus\/collaborations\/#breadcrumb","itemListElement":[{"@type":"ListItem","position":1,"name":"Home","item":"https:\/\/www.corocalicantus.org\/en\/"},{"@type":"ListItem","position":2,"name":"About Calicantus","item":"https:\/\/www.corocalicantus.org\/en\/about-calicantus\/"},{"@type":"ListItem","position":3,"name":"Collaborations"}]},{"@type":"WebSite","@id":"https:\/\/www.corocalicantus.org\/#website","url":"https:\/\/www.corocalicantus.org\/","name":"Coro Calicantus","description":"Scopri la magia della musica","potentialAction":[{"@type":"SearchAction","target":{"@type":"EntryPoint","urlTemplate":"https:\/\/www.corocalicantus.org\/?s={search_term_string}"},"query-input":{"@type":"PropertyValueSpecification","valueRequired":true,"valueName":"search_term_string"}}],"inLanguage":"en-US"}]}},"_links":{"self":[{"href":"https:\/\/www.corocalicantus.org\/en\/wp-json\/wp\/v2\/pages\/3273","targetHints":{"allow":["GET"]}}],"collection":[{"href":"https:\/\/www.corocalicantus.org\/en\/wp-json\/wp\/v2\/pages"}],"about":[{"href":"https:\/\/www.corocalicantus.org\/en\/wp-json\/wp\/v2\/types\/page"}],"author":[{"embeddable":true,"href":"https:\/\/www.corocalicantus.org\/en\/wp-json\/wp\/v2\/users\/1"}],"replies":[{"embeddable":true,"href":"https:\/\/www.corocalicantus.org\/en\/wp-json\/wp\/v2\/comments?post=3273"}],"version-history":[{"count":10,"href":"https:\/\/www.corocalicantus.org\/en\/wp-json\/wp\/v2\/pages\/3273\/revisions"}],"predecessor-version":[{"id":5383,"href":"https:\/\/www.corocalicantus.org\/en\/wp-json\/wp\/v2\/pages\/3273\/revisions\/5383"}],"up":[{"embeddable":true,"href":"https:\/\/www.corocalicantus.org\/en\/wp-json\/wp\/v2\/pages\/3114"}],"wp:attachment":[{"href":"https:\/\/www.corocalicantus.org\/en\/wp-json\/wp\/v2\/media?parent=3273"}],"curies":[{"name":"wp","href":"https:\/\/api.w.org\/{rel}","templated":true}]}}