{"id":3342,"date":"2017-05-29T14:42:14","date_gmt":"2017-05-29T13:42:14","guid":{"rendered":"https:\/\/www.corocalicantus.org\/what-is-calicantus\/il-maestro\/"},"modified":"2018-03-25T07:23:19","modified_gmt":"2018-03-25T06:23:19","slug":"il-maestro","status":"publish","type":"page","link":"https:\/\/www.corocalicantus.org\/en\/about-calicantus\/il-maestro\/","title":{"rendered":"The director"},"content":{"rendered":"<p>[et_pb_section bb_built=&#8221;1&#8243; fullwidth=&#8221;on&#8221; _builder_version=&#8221;3.0.73&#8243; background_image=&#8221;https:\/\/www.corocalicantus.org\/\/wp-content\/uploads\/il_maestro.jpg&#8221; parallax=&#8221;on&#8221; parallax_method=&#8221;off&#8221; module_class=&#8221;header_pagine&#8221; next_background_color=&#8221;#f7f7f7&#8243;][et_pb_fullwidth_post_title meta=&#8221;off&#8221; featured_image=&#8221;off&#8221; text_color=&#8221;light&#8221; _builder_version=&#8221;3.0.51&#8243; title_font_size=&#8221;62px&#8221; parallax_method=&#8221;on&#8221; \/][et_pb_fullwidth_menu menu_id=&#8221;10&#8243; background_color=&#8221;#f96c39&#8243; background_layout=&#8221;dark&#8221; submenu_direction=&#8221;upwards&#8221; fullwidth_menu=&#8221;off&#8221; active_link_color=&#8221;#edef81&#8243; dropdown_menu_line_color=&#8221;#ffffff&#8221; _builder_version=&#8221;3.0.66&#8243; menu_font=&#8221;|on||on|&#8221; global_module=&#8221;544&#8243; saved_tabs=&#8221;all&#8221; \/][\/et_pb_section][et_pb_section bb_built=&#8221;1&#8243; admin_label=&#8221;section&#8221; background_color=&#8221;#f7f7f7&#8243; inner_shadow=&#8221;on&#8221; _builder_version=&#8221;3.0.47&#8243; prev_background_color=&#8221;#ffffff&#8221; next_background_color=&#8221;#f96c39&#8243;][et_pb_row admin_label=&#8221;row&#8221; _builder_version=&#8221;3.0.47&#8243; background_size=&#8221;initial&#8221; background_position=&#8221;top_left&#8221; background_repeat=&#8221;repeat&#8221;][et_pb_column type=&#8221;1_2&#8243;][et_pb_text admin_label=&#8221;Mario Fontana&#8221; _builder_version=&#8221;3.0.105&#8243; background_layout=&#8221;light&#8221;]<\/p>\n<h2>Mario Fontana<\/h2>\n<p>My father played accordion and percussion in the band of Ascona, where I grew up. My older brothers were listening to vinyl records of Jimi Hendrix, PFM, Genesis and others on the home turntable and their music was the soundtrack of my childhood.<\/p>\n<p>In 1970 a classical guitar showed up at my home! I started learning some rock n&#8217; roll chord progressions. My brothers rehearsed with their bands in the basement, and when someone was missing, they put me on the drums or bass and said: &#8220;put your finger here, then here&#8230;&#8221;.<\/p>\n<p>I was beginning to feel the thrill of making music with others. I was astonished to be immersed in this unexplored world. Fortunately, my primary school teachers attached great importance to music. In fact, singing and playing the recorder was always present in the activities they proposed.<br \/>\nMusic was increasingly becoming a priority for me. I started studying the guitar and piano on my own, then took guitar lessons with Prof. Aldo Martinoni from 1981 to 1987, followed by courses at the music conservatory.<\/p>\n<p>I experimented with various expressive forms such as photography and dance, and founded the theater company &#8220;Comesem.&#8221; My productions were intended to promote the concept of peace through art.<\/p>\n<p>I explored &#8220;world music&#8221; with the group &#8220;Antahkarana,&#8221; a fundamental experience for me! In this area, a collaboration was born with various doctors, resulting in the production of tapes and disks linked to the dissemination of music therapy.<\/p>\n<p>In 1990 I started teaching in primary schools. My passion for singing became increasingly evident. Seeing the achievements and progress of less gifted children has always given me great personal satisfaction and motivation.<\/p>\n<p>In 1992 I received my diploma in musical pedagogy from the Conservatory of Italian-speaking Switzerland.<br \/>\nAfter that, I traveled to the Czech Republic where I studied with extraordinary choral directors such as Milan Uherek, Alois and Tomas Motyl, Dr. Olga Dutkova and Eric Ericson. I attended seminars on voice education with the Roy Hart Theater in London in 1994 and with Pamela Cook in 1999.<\/p>\n<p>I founded the Calicantus Choir in 1993; it was the start of an adventure that has given about 1500 children the opportunity to sing and share human and artistic experiences that I hope will remain in their hearts forever.<\/p>\n<p>I am often invited to participate in juries of choral competitions and to hold workshops and seminars on vocal training.<\/p>\n<p>[\/et_pb_text][et_pb_cta _builder_version=&#8221;3.0.76&#8243; title=&#8221;Mario Fontana curriculum vitae&#8221; url_new_window=&#8221;on&#8221; use_background_color=&#8221;on&#8221; background_layout=&#8221;dark&#8221; border_style=&#8221;solid&#8221; custom_button=&#8221;on&#8221; button_letter_spacing=&#8221;0&#8243; button_icon=&#8221;%%266%%&#8221; button_icon_placement=&#8221;right&#8221; button_letter_spacing_hover=&#8221;0&#8243; animation_style=&#8221;fade&#8221; button_text=&#8221;Download&#8221; button_url=&#8221;\/wp-content\/uploads\/2018\/03\/Curriculum-Mario-Fontana-en.pdf&#8221; \/][\/et_pb_column][et_pb_column type=&#8221;1_2&#8243;][et_pb_image src=&#8221;https:\/\/www.corocalicantus.org\/\/wp-content\/uploads\/mario_fontana.jpg&#8221; _builder_version=&#8221;3.0.76&#8243; animation_style=&#8221;fade&#8221; animation_duration=&#8221;500ms&#8221; animation_intensity_slide=&#8221;10%&#8221; animation_direction=&#8221;left&#8221; show_in_lightbox=&#8221;off&#8221; url_new_window=&#8221;off&#8221; use_overlay=&#8221;off&#8221; sticky=&#8221;off&#8221; align=&#8221;left&#8221; always_center_on_mobile=&#8221;on&#8221; border_style=&#8221;solid&#8221; force_fullwidth=&#8221;off&#8221; show_bottom_space=&#8221;on&#8221; \/][et_pb_image src=&#8221;https:\/\/www.corocalicantus.org\/\/wp-content\/uploads\/MAESTRO.jpg&#8221; _builder_version=&#8221;3.0.51&#8243; animation_style=&#8221;slide&#8221; animation_duration=&#8221;500ms&#8221; animation_intensity_slide=&#8221;10%&#8221; animation_direction=&#8221;left&#8221; show_bottom_space=&#8221;on&#8221; \/][\/et_pb_column][\/et_pb_row][et_pb_row make_equal=&#8221;on&#8221; _builder_version=&#8221;3.0.74&#8243; background_size=&#8221;initial&#8221; background_position=&#8221;top_left&#8221; background_repeat=&#8221;repeat&#8221; background_position_1=&#8221;top_left&#8221; background_repeat_1=&#8221;no-repeat&#8221; background_position_2=&#8221;top_left&#8221; background_repeat_2=&#8221;no-repeat&#8221; background_position_3=&#8221;top_left&#8221; background_repeat_3=&#8221;no-repeat&#8221;][et_pb_column type=&#8221;1_3&#8243;][et_pb_testimonial author=&#8221;Milan Uherek&#8221; job_title=&#8221;Fondatore del coro Sever\u00e1\u010dek di Liberec, Repubblica Ceca&#8221; background_layout=&#8221;light&#8221; text_orientation=&#8221;center&#8221; quote_icon_color=&#8221;#edb059&#8243; _builder_version=&#8221;3.0.51&#8243; body_font=&#8221;||||&#8221; use_border_color=&#8221;on&#8221; border_color=&#8221;#edb059&#8243; border_width=&#8221;2px&#8221; border_style=&#8221;dotted&#8221; custom_css_main_element=&#8221;border-left:0px;||border-right:0px;||border-bottom:0px;&#8221; custom_css_testimonial_author=&#8221;color: #F96C39;&#8221; custom_css_testimonial_meta=&#8221;color: #F96C39;||font-style:italic;&#8221; border_color_all=&#8221;#edb059&#8243; border_width_all=&#8221;2px&#8221; border_style_all=&#8221;dotted&#8221; border_radii_portrait=&#8221;on|90px|90px|90px|90px&#8221;]<\/p>\n<p>\u2026il canto del suo coro \u00e8 delicato, libero da presunzione e dall\u2019impulso di voler affascinare con artifici tecnici e complicazioni\u2026 offre un\u2019esperienza profonda e puro sentimento.<\/p>\n<p>[\/et_pb_testimonial][\/et_pb_column][et_pb_column type=&#8221;1_3&#8243;][et_pb_testimonial author=&#8221;Mar\u00eda Guinand&#8221; job_title=&#8221;Direttrice artistica della Fundaci\u00f3n Schola Cantorum de Venezuela&#8221; background_layout=&#8221;light&#8221; text_orientation=&#8221;center&#8221; quote_icon_color=&#8221;#edb059&#8243; _builder_version=&#8221;3.0.51&#8243; body_font=&#8221;||||&#8221; use_border_color=&#8221;on&#8221; border_color=&#8221;#edb059&#8243; border_width=&#8221;2px&#8221; border_style=&#8221;dotted&#8221; custom_css_main_element=&#8221;border-left:0px;||border-right:0px;||border-bottom:0px;&#8221; custom_css_testimonial_author=&#8221;color: #F96C39;&#8221; custom_css_testimonial_meta=&#8221;color: #F96C39;||font-style:italic;&#8221; border_color_all=&#8221;#edb059&#8243; border_width_all=&#8221;2px&#8221; border_style_all=&#8221;dotted&#8221; border_radii_portrait=&#8221;on|90px|90px|90px|90px&#8221;]<\/p>\n<p>Non c&#8217;\u00e8 dubbio che per questi risultati straordinari ci sia bisogno di un ottimo maestro. Il suo giovane e raffinato direttore, Mario Fontana, sa chiaramente come insegnare e costruire un coro di voci bianche veramente speciale. Le mie congratulazioni pi\u00f9 sincere!<\/p>\n<p>[\/et_pb_testimonial][\/et_pb_column][et_pb_column type=&#8221;1_3&#8243;][et_pb_testimonial author=&#8221;Tom\u00e1\u0161 Mot\u00fdl &#8221; job_title=&#8221;Direttore del coro di bambini Motyli \u0160umperk, Repubblica Ceca&#8221; background_layout=&#8221;light&#8221; text_orientation=&#8221;center&#8221; quote_icon_color=&#8221;#edb059&#8243; _builder_version=&#8221;3.0.51&#8243; body_font=&#8221;||||&#8221; use_border_color=&#8221;on&#8221; border_color=&#8221;#edb059&#8243; border_width=&#8221;2px&#8221; border_style=&#8221;dotted&#8221; custom_css_main_element=&#8221;border-left:0px;||border-right:0px;||border-bottom:0px;&#8221; custom_css_testimonial_author=&#8221;color: #F96C39;&#8221; custom_css_testimonial_meta=&#8221;color: #F96C39;||font-style:italic;&#8221; border_color_all=&#8221;#edb059&#8243; border_width_all=&#8221;2px&#8221; border_style_all=&#8221;dotted&#8221; border_radii_portrait=&#8221;on|90px|90px|90px|90px&#8221;]<\/p>\n<p>\u00c8 una gioia constatare che oggi c\u2019\u00e8 un ensemble canoro che dispone di un\u2019arte dell\u2019interpretazione suprema e di una profonda umanit\u00e0. Mario Fontana col suo coro \u00e8 capace di trasmettere quel fremito sacro nell\u2019animo di chi ascolta\u2026<\/p>\n<p>[\/et_pb_testimonial][\/et_pb_column][\/et_pb_row][\/et_pb_section][et_pb_section bb_built=&#8221;1&#8243; admin_label=&#8221;section&#8221; background_color=&#8221;#f96c39&#8243; _builder_version=&#8221;3.0.66&#8243; prev_background_color=&#8221;#f7f7f7&#8243; global_module=&#8221;208&#8243;][et_pb_row global_parent=&#8221;208&#8243; custom_padding=&#8221;0%||0px|&#8221; _builder_version=&#8221;3.0.61&#8243; background_size=&#8221;initial&#8221; background_position=&#8221;top_left&#8221; background_repeat=&#8221;repeat&#8221;][et_pb_column type=&#8221;4_4&#8243;][et_pb_text global_parent=&#8221;208&#8243; background_layout=&#8221;dark&#8221; _builder_version=&#8221;3.0.66&#8243; text_font=&#8221;|||on|&#8221; custom_margin=&#8221;||1%|&#8221; text_letter_spacing=&#8221;1px&#8221; custom_css_main_element=&#8221;border-bottom:2px dotted #fff;&#8221;]<\/p>\n<h1 style=\"text-align: center;\">Scopri i nostri cori<\/h1>\n<p>[\/et_pb_text][\/et_pb_column][\/et_pb_row][et_pb_row admin_label=&#8221;row&#8221; global_parent=&#8221;208&#8243; gutter_width=&#8221;2&#8243; custom_padding=&#8221;1%||1%|&#8221; make_equal=&#8221;on&#8221; background_position_1=&#8221;top_left&#8221; background_position_2=&#8221;top_left&#8221; background_position_3=&#8221;top_left&#8221; background_repeat_1=&#8221;no-repeat&#8221; background_repeat_2=&#8221;no-repeat&#8221; background_repeat_3=&#8221;no-repeat&#8221; _builder_version=&#8221;3.0.66&#8243; background_size=&#8221;initial&#8221; background_position=&#8221;top_left&#8221; background_repeat=&#8221;repeat&#8221; use_custom_gutter=&#8221;on&#8221;][et_pb_column type=&#8221;1_4&#8243;][et_pb_text global_parent=&#8221;208&#8243; _builder_version=&#8221;3.0.76&#8243; background_layout=&#8221;dark&#8221; border_style=&#8221;solid&#8221; text_font=&#8221;|on|||&#8221; text_orientation=&#8221;center&#8221;]<\/p>\n<p>da 2 a 6 anni<\/p>\n<p>[\/et_pb_text][et_pb_image global_parent=&#8221;208&#8243; _builder_version=&#8221;3.0.76&#8243; src=&#8221;https:\/\/www.corocalicantus.org\/\/wp-content\/uploads\/per_i_piu_piccoli.jpg&#8221; show_in_lightbox=&#8221;off&#8221; url_new_window=&#8221;off&#8221; use_overlay=&#8221;off&#8221; always_center_on_mobile=&#8221;on&#8221; border_style=&#8221;solid&#8221; force_fullwidth=&#8221;off&#8221; show_bottom_space=&#8221;on&#8221; align=&#8221;center&#8221; animation_style=&#8221;fade&#8221; \/][et_pb_text global_parent=&#8221;208&#8243; _builder_version=&#8221;3.0.76&#8243; background_layout=&#8221;dark&#8221; border_style=&#8221;solid&#8221; text_font=&#8221;|on|||&#8221; text_orientation=&#8221;center&#8221; animation_style=&#8221;fade&#8221;]<\/p>\n<h2>Per i pi\u00f9 piccoli<\/h2>\n<ul>\n<li><a style=\"color: #ffffff;\" href=\"https:\/\/www.corocalicantus.org\/i-cori\/per-i-piu-piccoli\/\">Incontri genitore- bambino<\/a><\/li>\n<li><a style=\"color: #ffffff;\" href=\"https:\/\/www.corocalicantus.org\/i-cori\/per-i-piu-piccoli\/#iniziazione\">Iniziazione vocale e ritmica<\/a><\/li>\n<\/ul>\n<p>[\/et_pb_text][\/et_pb_column][et_pb_column type=&#8221;1_4&#8243;][et_pb_text global_parent=&#8221;208&#8243; _builder_version=&#8221;3.0.76&#8243; background_layout=&#8221;dark&#8221; border_style=&#8221;solid&#8221; text_font=&#8221;|on|||&#8221; text_orientation=&#8221;center&#8221;]<\/p>\n<p>bambini di 6 anni<\/p>\n<p>[\/et_pb_text][et_pb_image global_parent=&#8221;208&#8243; _builder_version=&#8221;3.0.77&#8243; src=&#8221;https:\/\/www.corocalicantus.org\/\/wp-content\/uploads\/2017\/07\/prima_elementare.jpg&#8221; show_in_lightbox=&#8221;off&#8221; url_new_window=&#8221;off&#8221; use_overlay=&#8221;off&#8221; always_center_on_mobile=&#8221;on&#8221; border_style=&#8221;solid&#8221; force_fullwidth=&#8221;off&#8221; show_bottom_space=&#8221;on&#8221; align=&#8221;center&#8221; animation_style=&#8221;fade&#8221; \/][et_pb_text global_parent=&#8221;208&#8243; _builder_version=&#8221;3.0.76&#8243; background_layout=&#8221;dark&#8221; border_style=&#8221;solid&#8221; text_font=&#8221;|on|||&#8221; text_orientation=&#8221;center&#8221; animation_style=&#8221;fade&#8221;]<\/p>\n<h2>Coro della 1a elementare<\/h2>\n<ul>\n<li><a style=\"color: #ffffff;\" href=\"https:\/\/www.corocalicantus.org\/i-cori\/coro-1a-elementare\/\">Scopri il coro<\/a><\/li>\n<\/ul>\n<p>[\/et_pb_text][\/et_pb_column][et_pb_column type=&#8221;1_4&#8243;][et_pb_text global_parent=&#8221;208&#8243; _builder_version=&#8221;3.0.76&#8243; background_layout=&#8221;dark&#8221; border_style=&#8221;solid&#8221; text_font=&#8221;|on|||&#8221; text_orientation=&#8221;center&#8221;]<\/p>\n<p>da 7 a 11 anni<\/p>\n<p>[\/et_pb_text][et_pb_image global_parent=&#8221;208&#8243; _builder_version=&#8221;3.0.76&#8243; src=&#8221;https:\/\/www.corocalicantus.org\/\/wp-content\/uploads\/coro_preparatorio_1.jpg&#8221; show_in_lightbox=&#8221;off&#8221; url_new_window=&#8221;off&#8221; use_overlay=&#8221;off&#8221; always_center_on_mobile=&#8221;on&#8221; border_style=&#8221;solid&#8221; force_fullwidth=&#8221;off&#8221; show_bottom_space=&#8221;on&#8221; align=&#8221;center&#8221; animation_style=&#8221;fade&#8221; \/][et_pb_text global_parent=&#8221;208&#8243; _builder_version=&#8221;3.0.76&#8243; background_layout=&#8221;dark&#8221; border_style=&#8221;solid&#8221; text_font=&#8221;|on|||&#8221; text_orientation=&#8221;center&#8221; animation_style=&#8221;fade&#8221;]<\/p>\n<h2>Cori preparatori<\/h2>\n<ul>\n<li><a style=\"color: #ffffff;\" href=\"https:\/\/www.corocalicantus.org\/i-cori\/coro-preparatorio-1\/\">Coro preparatorio 1<\/a><\/li>\n<li><a style=\"color: #ffffff;\" href=\"https:\/\/www.corocalicantus.org\/i-cori\/coro-preparatorio-2\/\">Coro preparatorio 2<\/a><\/li>\n<\/ul>\n<p>[\/et_pb_text][\/et_pb_column][et_pb_column type=&#8221;1_4&#8243;][et_pb_text global_parent=&#8221;208&#8243; _builder_version=&#8221;3.0.76&#8243; background_layout=&#8221;dark&#8221; border_style=&#8221;solid&#8221; text_font=&#8221;|on|||&#8221; text_orientation=&#8221;center&#8221;]<\/p>\n<p>da 10 a 18 anni<\/p>\n<p>[\/et_pb_text][et_pb_image global_parent=&#8221;208&#8243; _builder_version=&#8221;3.0.76&#8243; src=&#8221;https:\/\/www.corocalicantus.org\/\/wp-content\/uploads\/CORO_Principale.jpg&#8221; show_in_lightbox=&#8221;off&#8221; url_new_window=&#8221;off&#8221; use_overlay=&#8221;off&#8221; always_center_on_mobile=&#8221;on&#8221; border_style=&#8221;solid&#8221; force_fullwidth=&#8221;off&#8221; show_bottom_space=&#8221;on&#8221; align=&#8221;center&#8221; animation_style=&#8221;fade&#8221; \/][et_pb_text global_parent=&#8221;208&#8243; _builder_version=&#8221;3.0.76&#8243; background_layout=&#8221;dark&#8221; border_style=&#8221;solid&#8221; text_font=&#8221;|on|||&#8221; text_orientation=&#8221;center&#8221; animation_style=&#8221;fade&#8221;]<\/p>\n<h2>Coro principale<\/h2>\n<ul>\n<li><a style=\"color: #ffffff;\" href=\"https:\/\/www.corocalicantus.org\/i-cori\/coro-principale\/\">Scopri il coro<\/a><\/li>\n<\/ul>\n<p>[\/et_pb_text][\/et_pb_column][\/et_pb_row][\/et_pb_section]<\/p>\n","protected":false},"excerpt":{"rendered":"<p>Mario Fontana My father played accordion and percussion in the band of Ascona, where I grew up. My older brothers were listening to vinyl records of Jimi Hendrix, PFM, Genesis and others on the home turntable and their music was the soundtrack of my childhood. In 1970 a classical guitar showed up at my home! [&hellip;]<\/p>\n","protected":false},"author":1,"featured_media":0,"parent":3114,"menu_order":0,"comment_status":"closed","ping_status":"closed","template":"","meta":{"_et_pb_use_builder":"on","_et_pb_old_content":"","_et_gb_content_width":"","footnotes":""},"class_list":["post-3342","page","type-page","status-publish","hentry"],"yoast_head":"<!-- This site is optimized with the Yoast SEO plugin v24.6 - https:\/\/yoast.com\/wordpress\/plugins\/seo\/ -->\n<title>The director | Coro Calicantus<\/title>\n<meta name=\"robots\" content=\"index, follow, max-snippet:-1, max-image-preview:large, max-video-preview:-1\" \/>\n<link rel=\"canonical\" href=\"https:\/\/www.corocalicantus.org\/en\/about-calicantus\/il-maestro\/\" \/>\n<meta property=\"og:locale\" content=\"en_US\" \/>\n<meta property=\"og:type\" content=\"article\" \/>\n<meta property=\"og:title\" content=\"The director | Coro Calicantus\" \/>\n<meta property=\"og:description\" content=\"Mario Fontana My father played accordion and percussion in the band of Ascona, where I grew up. My older brothers were listening to vinyl records of Jimi Hendrix, PFM, Genesis and others on the home turntable and their music was the soundtrack of my childhood. In 1970 a classical guitar showed up at my home! [&hellip;]\" \/>\n<meta property=\"og:url\" content=\"https:\/\/www.corocalicantus.org\/en\/about-calicantus\/il-maestro\/\" \/>\n<meta property=\"og:site_name\" content=\"Coro Calicantus\" \/>\n<meta property=\"article:publisher\" content=\"https:\/\/www.facebook.com\/corocalicantuslocarnoticino\/\" \/>\n<meta property=\"article:modified_time\" content=\"2018-03-25T06:23:19+00:00\" \/>\n<meta name=\"twitter:card\" content=\"summary_large_image\" \/>\n<meta name=\"twitter:label1\" content=\"Est. reading time\" \/>\n\t<meta name=\"twitter:data1\" content=\"9 minutes\" \/>\n<script type=\"application\/ld+json\" class=\"yoast-schema-graph\">{\"@context\":\"https:\/\/schema.org\",\"@graph\":[{\"@type\":\"WebPage\",\"@id\":\"https:\/\/www.corocalicantus.org\/en\/about-calicantus\/il-maestro\/\",\"url\":\"https:\/\/www.corocalicantus.org\/en\/about-calicantus\/il-maestro\/\",\"name\":\"The director | Coro Calicantus\",\"isPartOf\":{\"@id\":\"https:\/\/www.corocalicantus.org\/#website\"},\"datePublished\":\"2017-05-29T13:42:14+00:00\",\"dateModified\":\"2018-03-25T06:23:19+00:00\",\"breadcrumb\":{\"@id\":\"https:\/\/www.corocalicantus.org\/en\/about-calicantus\/il-maestro\/#breadcrumb\"},\"inLanguage\":\"en-US\",\"potentialAction\":[{\"@type\":\"ReadAction\",\"target\":[\"https:\/\/www.corocalicantus.org\/en\/about-calicantus\/il-maestro\/\"]}]},{\"@type\":\"BreadcrumbList\",\"@id\":\"https:\/\/www.corocalicantus.org\/en\/about-calicantus\/il-maestro\/#breadcrumb\",\"itemListElement\":[{\"@type\":\"ListItem\",\"position\":1,\"name\":\"Home\",\"item\":\"https:\/\/www.corocalicantus.org\/en\/\"},{\"@type\":\"ListItem\",\"position\":2,\"name\":\"About Calicantus\",\"item\":\"https:\/\/www.corocalicantus.org\/en\/about-calicantus\/\"},{\"@type\":\"ListItem\",\"position\":3,\"name\":\"The director\"}]},{\"@type\":\"WebSite\",\"@id\":\"https:\/\/www.corocalicantus.org\/#website\",\"url\":\"https:\/\/www.corocalicantus.org\/\",\"name\":\"Coro Calicantus\",\"description\":\"Scopri la magia della musica\",\"potentialAction\":[{\"@type\":\"SearchAction\",\"target\":{\"@type\":\"EntryPoint\",\"urlTemplate\":\"https:\/\/www.corocalicantus.org\/?s={search_term_string}\"},\"query-input\":{\"@type\":\"PropertyValueSpecification\",\"valueRequired\":true,\"valueName\":\"search_term_string\"}}],\"inLanguage\":\"en-US\"}]}<\/script>\n<!-- \/ Yoast SEO plugin. -->","yoast_head_json":{"title":"The director | Coro Calicantus","robots":{"index":"index","follow":"follow","max-snippet":"max-snippet:-1","max-image-preview":"max-image-preview:large","max-video-preview":"max-video-preview:-1"},"canonical":"https:\/\/www.corocalicantus.org\/en\/about-calicantus\/il-maestro\/","og_locale":"en_US","og_type":"article","og_title":"The director | Coro Calicantus","og_description":"Mario Fontana My father played accordion and percussion in the band of Ascona, where I grew up. My older brothers were listening to vinyl records of Jimi Hendrix, PFM, Genesis and others on the home turntable and their music was the soundtrack of my childhood. In 1970 a classical guitar showed up at my home! [&hellip;]","og_url":"https:\/\/www.corocalicantus.org\/en\/about-calicantus\/il-maestro\/","og_site_name":"Coro Calicantus","article_publisher":"https:\/\/www.facebook.com\/corocalicantuslocarnoticino\/","article_modified_time":"2018-03-25T06:23:19+00:00","twitter_card":"summary_large_image","twitter_misc":{"Est. reading time":"9 minutes"},"schema":{"@context":"https:\/\/schema.org","@graph":[{"@type":"WebPage","@id":"https:\/\/www.corocalicantus.org\/en\/about-calicantus\/il-maestro\/","url":"https:\/\/www.corocalicantus.org\/en\/about-calicantus\/il-maestro\/","name":"The director | Coro Calicantus","isPartOf":{"@id":"https:\/\/www.corocalicantus.org\/#website"},"datePublished":"2017-05-29T13:42:14+00:00","dateModified":"2018-03-25T06:23:19+00:00","breadcrumb":{"@id":"https:\/\/www.corocalicantus.org\/en\/about-calicantus\/il-maestro\/#breadcrumb"},"inLanguage":"en-US","potentialAction":[{"@type":"ReadAction","target":["https:\/\/www.corocalicantus.org\/en\/about-calicantus\/il-maestro\/"]}]},{"@type":"BreadcrumbList","@id":"https:\/\/www.corocalicantus.org\/en\/about-calicantus\/il-maestro\/#breadcrumb","itemListElement":[{"@type":"ListItem","position":1,"name":"Home","item":"https:\/\/www.corocalicantus.org\/en\/"},{"@type":"ListItem","position":2,"name":"About Calicantus","item":"https:\/\/www.corocalicantus.org\/en\/about-calicantus\/"},{"@type":"ListItem","position":3,"name":"The director"}]},{"@type":"WebSite","@id":"https:\/\/www.corocalicantus.org\/#website","url":"https:\/\/www.corocalicantus.org\/","name":"Coro Calicantus","description":"Scopri la magia della musica","potentialAction":[{"@type":"SearchAction","target":{"@type":"EntryPoint","urlTemplate":"https:\/\/www.corocalicantus.org\/?s={search_term_string}"},"query-input":{"@type":"PropertyValueSpecification","valueRequired":true,"valueName":"search_term_string"}}],"inLanguage":"en-US"}]}},"_links":{"self":[{"href":"https:\/\/www.corocalicantus.org\/en\/wp-json\/wp\/v2\/pages\/3342","targetHints":{"allow":["GET"]}}],"collection":[{"href":"https:\/\/www.corocalicantus.org\/en\/wp-json\/wp\/v2\/pages"}],"about":[{"href":"https:\/\/www.corocalicantus.org\/en\/wp-json\/wp\/v2\/types\/page"}],"author":[{"embeddable":true,"href":"https:\/\/www.corocalicantus.org\/en\/wp-json\/wp\/v2\/users\/1"}],"replies":[{"embeddable":true,"href":"https:\/\/www.corocalicantus.org\/en\/wp-json\/wp\/v2\/comments?post=3342"}],"version-history":[{"count":9,"href":"https:\/\/www.corocalicantus.org\/en\/wp-json\/wp\/v2\/pages\/3342\/revisions"}],"predecessor-version":[{"id":4216,"href":"https:\/\/www.corocalicantus.org\/en\/wp-json\/wp\/v2\/pages\/3342\/revisions\/4216"}],"up":[{"embeddable":true,"href":"https:\/\/www.corocalicantus.org\/en\/wp-json\/wp\/v2\/pages\/3114"}],"wp:attachment":[{"href":"https:\/\/www.corocalicantus.org\/en\/wp-json\/wp\/v2\/media?parent=3342"}],"curies":[{"name":"wp","href":"https:\/\/api.w.org\/{rel}","templated":true}]}}