{"id":3352,"date":"2017-05-29T14:40:07","date_gmt":"2017-05-29T13:40:07","guid":{"rendered":"https:\/\/www.corocalicantus.org\/what-is-calicantus\/le-lezioni\/"},"modified":"2018-02-21T21:24:13","modified_gmt":"2018-02-21T20:24:13","slug":"singing-lessons","status":"publish","type":"page","link":"https:\/\/www.corocalicantus.org\/en\/about-calicantus\/singing-lessons\/","title":{"rendered":"Singing lessons"},"content":{"rendered":"<p>[et_pb_section bb_built=&#8221;1&#8243; fullwidth=&#8221;on&#8221; _builder_version=&#8221;3.0.76&#8243; background_image=&#8221;https:\/\/www.corocalicantus.org\/\/wp-content\/uploads\/2017\/05\/Le_lezoni.jpg&#8221; parallax=&#8221;on&#8221; parallax_method=&#8221;off&#8221; module_class=&#8221;header_pagine&#8221; next_background_color=&#8221;#f7f7f7&#8243;][et_pb_fullwidth_post_title meta=&#8221;off&#8221; featured_image=&#8221;off&#8221; background_size=&#8221;initial&#8221; background_position=&#8221;top_left&#8221; background_repeat=&#8221;repeat&#8221; text_color=&#8221;light&#8221; _builder_version=&#8221;3.0.51&#8243; title_font_size=&#8221;62px&#8221; parallax_method=&#8221;off&#8221; \/][et_pb_fullwidth_menu menu_id=&#8221;10&#8243; background_color=&#8221;#f96c39&#8243; background_layout=&#8221;dark&#8221; submenu_direction=&#8221;upwards&#8221; fullwidth_menu=&#8221;off&#8221; active_link_color=&#8221;#edef81&#8243; dropdown_menu_line_color=&#8221;#ffffff&#8221; _builder_version=&#8221;3.0.66&#8243; menu_font=&#8221;|on||on|&#8221; global_module=&#8221;544&#8243; saved_tabs=&#8221;all&#8221; \/][\/et_pb_section][et_pb_section bb_built=&#8221;1&#8243; admin_label=&#8221;section&#8221; background_color=&#8221;#f7f7f7&#8243; inner_shadow=&#8221;on&#8221; _builder_version=&#8221;3.0.51&#8243; prev_background_color=&#8221;#ffffff&#8221; next_background_color=&#8221;#f96c39&#8243;][et_pb_row admin_label=&#8221;row&#8221; _builder_version=&#8221;3.0.47&#8243; background_size=&#8221;initial&#8221; background_position=&#8221;top_left&#8221; background_repeat=&#8221;repeat&#8221;][et_pb_column type=&#8221;1_2&#8243;][et_pb_text admin_label=&#8221;Le lezioni di canto della scuola Calicantus&#8221; _builder_version=&#8221;3.0.105&#8243; background_layout=&#8221;light&#8221;]<\/p>\n<h2>Le lezioni di canto della scuola Calicantus<\/h2>\n<p><b>Il canto \u00e8 una funzione dell\u2019essere umano<\/b><\/p>\n<p>Le lezioni di canto si basano sul piacere immediato e sul rispetto della salute vocale dei bambini.<\/p>\n<p>Con un <strong>programma graduale<\/strong> adattato alle varie et\u00e0 i bambini sviluppano la tecnica vocale e il senso collettivo del piacere.<br \/>\nGioco, movimento, educazione dell\u2019orecchio, coscienza uditiva<i>, <\/i>il silenzio, l\u2019attenzione, la concentrazione, la memoria, la disciplina, il rispetto di s\u00e8 e dell&#8217;altro.<\/p>\n<p><b>La tecnica di canto <\/b>\u00e8<b> <\/b>conoscere il proprio corpo, imparare il rispetto della voce, conoscere l\u2019orecchio fisico, l\u2019orecchio musicale, la respirazione, l\u2019articolazione, la risonanza, la dizione.<\/p>\n<p><b>Il canto corale <\/b>\u00e8 magia condivisa, apprendimento e pratica del repertorio, educazione all\u2019ascolto, improvvisazione, interpretazione e impegno per una conquista<b>, <\/b>canoni, brani a 2, 3 e pi\u00f9 voci.<\/p>\n<p><b>Il repertorio <\/b>comprende canzoni tratte dall\u2019immaginario infantile e porta poesia viva, melodia, ritmo.<\/p>\n<p><b>La teoria musicale e il solfeggio <\/b>per chi \u00e8 pi\u00f9 grande d\u00e0 soddisfazione e comprende<b> <\/b>solfeggio parlato e cantato, elementi di armonia, analisi musicale elementare, cenni di storia della musica.<\/p>\n<p>[\/et_pb_text][\/et_pb_column][et_pb_column type=&#8221;1_2&#8243;][et_pb_image src=&#8221;https:\/\/www.corocalicantus.org\/\/wp-content\/uploads\/lezioni_canto.jpg&#8221; _builder_version=&#8221;3.0.59&#8243; animation_style=&#8221;slide&#8221; animation_duration=&#8221;500ms&#8221; animation_intensity_slide=&#8221;10%&#8221; animation_direction=&#8221;left&#8221; show_bottom_space=&#8221;on&#8221; \/][\/et_pb_column][\/et_pb_row][\/et_pb_section][et_pb_section bb_built=&#8221;1&#8243; background_color=&#8221;#f96c39&#8243; _builder_version=&#8221;3.0.74&#8243; parallax=&#8221;on&#8221; custom_margin=&#8221;||2%|&#8221; prev_background_color=&#8221;#f7f7f7&#8243; next_background_color=&#8221;#000000&#8243;][et_pb_row make_fullwidth=&#8221;on&#8221; use_custom_gutter=&#8221;on&#8221; gutter_width=&#8221;1&#8243; custom_padding=&#8221;0px||0px|&#8221; custom_margin=&#8221;0px||0px|&#8221; padding_top_1=&#8221;0px&#8221; padding_bottom_1=&#8221;0px&#8221; _builder_version=&#8221;3.0.61&#8243; background_size=&#8221;initial&#8221; background_position=&#8221;top_left&#8221; background_repeat=&#8221;repeat&#8221;][et_pb_column type=&#8221;4_4&#8243;][et_pb_gallery gallery_ids=&#8221;1144,1141,1138,1135,228&#8243; show_title_and_caption=&#8221;off&#8221; show_pagination=&#8221;off&#8221; zoom_icon_color=&#8221;#f96c39&#8243; hover_icon=&#8221;%%12%%&#8221; _builder_version=&#8221;3.0.74&#8243; fullwidth=&#8221;off&#8221; orientation=&#8221;landscape&#8221; hover_overlay_color=&#8221;rgba(255,255,255,0.9)&#8221; background_layout=&#8221;light&#8221; pagination_font_size_tablet=&#8221;51&#8243; pagination_line_height_tablet=&#8221;2&#8243; border_style=&#8221;solid&#8221; custom_css_gallery_item=&#8221;margin: 0 !important;||clear: none !important;||width: 20% !important;||&#8221; posts_number=&#8221;5&#8243; \/][\/et_pb_column][\/et_pb_row][\/et_pb_section][et_pb_section bb_built=&#8221;1&#8243; admin_label=&#8221;section&#8221; background_color=&#8221;#f96c39&#8243; _builder_version=&#8221;3.0.66&#8243; global_module=&#8221;208&#8243; prev_background_color=&#8221;#000000&#8243;][et_pb_row global_parent=&#8221;208&#8243; custom_padding=&#8221;0%||0px|&#8221; _builder_version=&#8221;3.0.61&#8243; background_size=&#8221;initial&#8221; background_position=&#8221;top_left&#8221; background_repeat=&#8221;repeat&#8221;][et_pb_column type=&#8221;4_4&#8243;][et_pb_text global_parent=&#8221;208&#8243; background_layout=&#8221;dark&#8221; _builder_version=&#8221;3.0.105&#8243; text_font=&#8221;|||on|&#8221; custom_margin=&#8221;||1%|&#8221; text_letter_spacing=&#8221;1px&#8221; custom_css_main_element=&#8221;border-bottom:2px dotted #fff;&#8221;]<\/p>\n<h1 style=\"text-align: center;\">Discover our choirs<\/h1>\n<p>[\/et_pb_text][\/et_pb_column][\/et_pb_row][et_pb_row admin_label=&#8221;row&#8221; global_parent=&#8221;208&#8243; gutter_width=&#8221;2&#8243; custom_padding=&#8221;1%||1%|&#8221; make_equal=&#8221;on&#8221; background_position_1=&#8221;top_left&#8221; background_position_2=&#8221;top_left&#8221; background_position_3=&#8221;top_left&#8221; background_repeat_1=&#8221;no-repeat&#8221; background_repeat_2=&#8221;no-repeat&#8221; background_repeat_3=&#8221;no-repeat&#8221; _builder_version=&#8221;3.0.66&#8243; background_size=&#8221;initial&#8221; background_position=&#8221;top_left&#8221; background_repeat=&#8221;repeat&#8221; use_custom_gutter=&#8221;on&#8221;][et_pb_column type=&#8221;1_4&#8243;][et_pb_text global_parent=&#8221;208&#8243; _builder_version=&#8221;3.0.105&#8243; background_layout=&#8221;dark&#8221; text_font=&#8221;|on|||&#8221; text_orientation=&#8221;center&#8221;]<\/p>\n<p>from 2 to 6 years old<\/p>\n<p>[\/et_pb_text][et_pb_image global_parent=&#8221;208&#8243; _builder_version=&#8221;3.0.105&#8243; src=&#8221;https:\/\/www.corocalicantus.org\/\/wp-content\/uploads\/per_i_piu_piccoli.jpg&#8221; show_in_lightbox=&#8221;off&#8221; url_new_window=&#8221;off&#8221; use_overlay=&#8221;off&#8221; always_center_on_mobile=&#8221;on&#8221; border_style=&#8221;solid&#8221; force_fullwidth=&#8221;off&#8221; show_bottom_space=&#8221;on&#8221; align=&#8221;center&#8221; animation_style=&#8221;fade&#8221; \/][et_pb_text global_parent=&#8221;208&#8243; _builder_version=&#8221;3.0.105&#8243; background_layout=&#8221;dark&#8221; text_font=&#8221;|on|||&#8221; text_orientation=&#8221;center&#8221; animation_style=&#8221;fade&#8221;]<\/p>\n<h2>For pre-school children<\/h2>\n<ul>\n<li><a style=\"color: #ffffff;\" href=\"https:\/\/www.corocalicantus.org\/en\/our-choirs\/for-pre-school-children\/\">parent-children encounters<\/a><\/li>\n<li><a style=\"color: #ffffff;\" href=\"https:\/\/www.corocalicantus.org\/en\/our-choirs\/for-pre-school-children\/#iniziazione\">Introduction to rhythm and vocals<\/a><\/li>\n<\/ul>\n<p>[\/et_pb_text][\/et_pb_column][et_pb_column type=&#8221;1_4&#8243;][et_pb_text global_parent=&#8221;208&#8243; _builder_version=&#8221;3.0.105&#8243; background_layout=&#8221;dark&#8221; text_font=&#8221;|on|||&#8221; text_orientation=&#8221;center&#8221;]<\/p>\n<p>6 year old children<\/p>\n<p>[\/et_pb_text][et_pb_image global_parent=&#8221;208&#8243; _builder_version=&#8221;3.0.77&#8243; src=&#8221;https:\/\/www.corocalicantus.org\/\/wp-content\/uploads\/2017\/07\/prima_elementare.jpg&#8221; show_in_lightbox=&#8221;off&#8221; url_new_window=&#8221;off&#8221; use_overlay=&#8221;off&#8221; always_center_on_mobile=&#8221;on&#8221; border_style=&#8221;solid&#8221; force_fullwidth=&#8221;off&#8221; show_bottom_space=&#8221;on&#8221; align=&#8221;center&#8221; animation_style=&#8221;fade&#8221; \/][et_pb_text global_parent=&#8221;208&#8243; _builder_version=&#8221;3.0.105&#8243; background_layout=&#8221;dark&#8221; text_font=&#8221;|on|||&#8221; text_orientation=&#8221;center&#8221; animation_style=&#8221;fade&#8221;]<\/p>\n<h2>1st grade choir<\/h2>\n<ul>\n<li><a style=\"color: #ffffff;\" href=\"https:\/\/www.corocalicantus.org\/en\/our-choirs\/1st-grade-choir\/\">Discover the chorus<\/a><\/li>\n<\/ul>\n<p>[\/et_pb_text][\/et_pb_column][et_pb_column type=&#8221;1_4&#8243;][et_pb_text global_parent=&#8221;208&#8243; _builder_version=&#8221;3.0.105&#8243; background_layout=&#8221;dark&#8221; text_font=&#8221;|on|||&#8221; text_orientation=&#8221;center&#8221;]<\/p>\n<p>from 7 to 11 years old<\/p>\n<p>[\/et_pb_text][et_pb_image global_parent=&#8221;208&#8243; _builder_version=&#8221;3.0.76&#8243; src=&#8221;https:\/\/www.corocalicantus.org\/\/wp-content\/uploads\/coro_preparatorio_1.jpg&#8221; show_in_lightbox=&#8221;off&#8221; url_new_window=&#8221;off&#8221; use_overlay=&#8221;off&#8221; always_center_on_mobile=&#8221;on&#8221; border_style=&#8221;solid&#8221; force_fullwidth=&#8221;off&#8221; show_bottom_space=&#8221;on&#8221; align=&#8221;center&#8221; animation_style=&#8221;fade&#8221; \/][et_pb_text global_parent=&#8221;208&#8243; _builder_version=&#8221;3.0.105&#8243; background_layout=&#8221;dark&#8221; text_font=&#8221;|on|||&#8221; text_orientation=&#8221;center&#8221; animation_style=&#8221;fade&#8221;]<\/p>\n<h2>Preparatory choirs<\/h2>\n<ul>\n<li><a style=\"color: #ffffff;\" href=\"https:\/\/www.corocalicantus.org\/en\/our-choirs\/preparatory-choir-1\/\">Preparatory choir 1<\/a><\/li>\n<li><a style=\"color: #ffffff;\" href=\"https:\/\/www.corocalicantus.org\/en\/our-choirs\/preparatory-choir-2\/\">Preparatory choir 2<\/a><\/li>\n<\/ul>\n<p>[\/et_pb_text][\/et_pb_column][et_pb_column type=&#8221;1_4&#8243;][et_pb_text global_parent=&#8221;208&#8243; _builder_version=&#8221;3.0.105&#8243; background_layout=&#8221;dark&#8221; text_font=&#8221;|on|||&#8221; text_orientation=&#8221;center&#8221;]<\/p>\n<p>from 10 to 18 years old<\/p>\n<p>[\/et_pb_text][et_pb_image global_parent=&#8221;208&#8243; _builder_version=&#8221;3.0.76&#8243; src=&#8221;https:\/\/www.corocalicantus.org\/\/wp-content\/uploads\/CORO_Principale.jpg&#8221; show_in_lightbox=&#8221;off&#8221; url_new_window=&#8221;off&#8221; use_overlay=&#8221;off&#8221; always_center_on_mobile=&#8221;on&#8221; border_style=&#8221;solid&#8221; force_fullwidth=&#8221;off&#8221; show_bottom_space=&#8221;on&#8221; align=&#8221;center&#8221; animation_style=&#8221;fade&#8221; \/][et_pb_text global_parent=&#8221;208&#8243; _builder_version=&#8221;3.0.105&#8243; background_layout=&#8221;dark&#8221; text_font=&#8221;|on|||&#8221; text_orientation=&#8221;center&#8221; animation_style=&#8221;fade&#8221;]<\/p>\n<h2>Principal Choir<\/h2>\n<ul>\n<li><a style=\"color: #ffffff;\" href=\"https:\/\/www.corocalicantus.org\/en\/our-choirs\/coro-principale\/\">Discover the Choir<\/a><\/li>\n<\/ul>\n<p>[\/et_pb_text][\/et_pb_column][\/et_pb_row][\/et_pb_section]<\/p>\n","protected":false},"excerpt":{"rendered":"<p>Le lezioni di canto della scuola Calicantus Il canto \u00e8 una funzione dell\u2019essere umano Le lezioni di canto si basano sul piacere immediato e sul rispetto della salute vocale dei bambini. Con un programma graduale adattato alle varie et\u00e0 i bambini sviluppano la tecnica vocale e il senso collettivo del piacere. Gioco, movimento, educazione dell\u2019orecchio, [&hellip;]<\/p>\n","protected":false},"author":1,"featured_media":0,"parent":3114,"menu_order":0,"comment_status":"closed","ping_status":"closed","template":"","meta":{"_et_pb_use_builder":"on","_et_pb_old_content":"","_et_gb_content_width":"","footnotes":""},"class_list":["post-3352","page","type-page","status-publish","hentry"],"yoast_head":"<!-- This site is optimized with the Yoast SEO plugin v24.6 - https:\/\/yoast.com\/wordpress\/plugins\/seo\/ -->\n<title>Singing lessons | Coro Calicantus<\/title>\n<meta name=\"robots\" content=\"index, follow, max-snippet:-1, max-image-preview:large, max-video-preview:-1\" \/>\n<link rel=\"canonical\" href=\"https:\/\/www.corocalicantus.org\/chi-siamo\/le-lezioni\/\" \/>\n<meta property=\"og:locale\" content=\"en_US\" \/>\n<meta property=\"og:type\" content=\"article\" \/>\n<meta property=\"og:title\" content=\"Singing lessons | Coro Calicantus\" \/>\n<meta property=\"og:description\" content=\"Le lezioni di canto della scuola Calicantus Il canto \u00e8 una funzione dell\u2019essere umano Le lezioni di canto si basano sul piacere immediato e sul rispetto della salute vocale dei bambini. Con un programma graduale adattato alle varie et\u00e0 i bambini sviluppano la tecnica vocale e il senso collettivo del piacere. Gioco, movimento, educazione dell\u2019orecchio, [&hellip;]\" \/>\n<meta property=\"og:url\" content=\"https:\/\/www.corocalicantus.org\/chi-siamo\/le-lezioni\/\" \/>\n<meta property=\"og:site_name\" content=\"Coro Calicantus\" \/>\n<meta property=\"article:publisher\" content=\"https:\/\/www.facebook.com\/corocalicantuslocarnoticino\/\" \/>\n<meta property=\"article:modified_time\" content=\"2018-02-21T20:24:13+00:00\" \/>\n<meta name=\"twitter:card\" content=\"summary_large_image\" \/>\n<meta name=\"twitter:label1\" content=\"Est. reading time\" \/>\n\t<meta name=\"twitter:data1\" content=\"5 minutes\" \/>\n<script type=\"application\/ld+json\" class=\"yoast-schema-graph\">{\"@context\":\"https:\/\/schema.org\",\"@graph\":[{\"@type\":\"WebPage\",\"@id\":\"https:\/\/www.corocalicantus.org\/chi-siamo\/le-lezioni\/\",\"url\":\"https:\/\/www.corocalicantus.org\/chi-siamo\/le-lezioni\/\",\"name\":\"Singing lessons | Coro Calicantus\",\"isPartOf\":{\"@id\":\"https:\/\/www.corocalicantus.org\/#website\"},\"datePublished\":\"2017-05-29T13:40:07+00:00\",\"dateModified\":\"2018-02-21T20:24:13+00:00\",\"breadcrumb\":{\"@id\":\"https:\/\/www.corocalicantus.org\/chi-siamo\/le-lezioni\/#breadcrumb\"},\"inLanguage\":\"en-US\",\"potentialAction\":[{\"@type\":\"ReadAction\",\"target\":[\"https:\/\/www.corocalicantus.org\/chi-siamo\/le-lezioni\/\"]}]},{\"@type\":\"BreadcrumbList\",\"@id\":\"https:\/\/www.corocalicantus.org\/chi-siamo\/le-lezioni\/#breadcrumb\",\"itemListElement\":[{\"@type\":\"ListItem\",\"position\":1,\"name\":\"Home\",\"item\":\"https:\/\/www.corocalicantus.org\/en\/\"},{\"@type\":\"ListItem\",\"position\":2,\"name\":\"About Calicantus\",\"item\":\"https:\/\/www.corocalicantus.org\/en\/about-calicantus\/\"},{\"@type\":\"ListItem\",\"position\":3,\"name\":\"Singing lessons\"}]},{\"@type\":\"WebSite\",\"@id\":\"https:\/\/www.corocalicantus.org\/#website\",\"url\":\"https:\/\/www.corocalicantus.org\/\",\"name\":\"Coro Calicantus\",\"description\":\"Scopri la magia della musica\",\"potentialAction\":[{\"@type\":\"SearchAction\",\"target\":{\"@type\":\"EntryPoint\",\"urlTemplate\":\"https:\/\/www.corocalicantus.org\/?s={search_term_string}\"},\"query-input\":{\"@type\":\"PropertyValueSpecification\",\"valueRequired\":true,\"valueName\":\"search_term_string\"}}],\"inLanguage\":\"en-US\"}]}<\/script>\n<!-- \/ Yoast SEO plugin. -->","yoast_head_json":{"title":"Singing lessons | Coro Calicantus","robots":{"index":"index","follow":"follow","max-snippet":"max-snippet:-1","max-image-preview":"max-image-preview:large","max-video-preview":"max-video-preview:-1"},"canonical":"https:\/\/www.corocalicantus.org\/chi-siamo\/le-lezioni\/","og_locale":"en_US","og_type":"article","og_title":"Singing lessons | Coro Calicantus","og_description":"Le lezioni di canto della scuola Calicantus Il canto \u00e8 una funzione dell\u2019essere umano Le lezioni di canto si basano sul piacere immediato e sul rispetto della salute vocale dei bambini. Con un programma graduale adattato alle varie et\u00e0 i bambini sviluppano la tecnica vocale e il senso collettivo del piacere. Gioco, movimento, educazione dell\u2019orecchio, [&hellip;]","og_url":"https:\/\/www.corocalicantus.org\/chi-siamo\/le-lezioni\/","og_site_name":"Coro Calicantus","article_publisher":"https:\/\/www.facebook.com\/corocalicantuslocarnoticino\/","article_modified_time":"2018-02-21T20:24:13+00:00","twitter_card":"summary_large_image","twitter_misc":{"Est. reading time":"5 minutes"},"schema":{"@context":"https:\/\/schema.org","@graph":[{"@type":"WebPage","@id":"https:\/\/www.corocalicantus.org\/chi-siamo\/le-lezioni\/","url":"https:\/\/www.corocalicantus.org\/chi-siamo\/le-lezioni\/","name":"Singing lessons | Coro Calicantus","isPartOf":{"@id":"https:\/\/www.corocalicantus.org\/#website"},"datePublished":"2017-05-29T13:40:07+00:00","dateModified":"2018-02-21T20:24:13+00:00","breadcrumb":{"@id":"https:\/\/www.corocalicantus.org\/chi-siamo\/le-lezioni\/#breadcrumb"},"inLanguage":"en-US","potentialAction":[{"@type":"ReadAction","target":["https:\/\/www.corocalicantus.org\/chi-siamo\/le-lezioni\/"]}]},{"@type":"BreadcrumbList","@id":"https:\/\/www.corocalicantus.org\/chi-siamo\/le-lezioni\/#breadcrumb","itemListElement":[{"@type":"ListItem","position":1,"name":"Home","item":"https:\/\/www.corocalicantus.org\/en\/"},{"@type":"ListItem","position":2,"name":"About Calicantus","item":"https:\/\/www.corocalicantus.org\/en\/about-calicantus\/"},{"@type":"ListItem","position":3,"name":"Singing lessons"}]},{"@type":"WebSite","@id":"https:\/\/www.corocalicantus.org\/#website","url":"https:\/\/www.corocalicantus.org\/","name":"Coro Calicantus","description":"Scopri la magia della musica","potentialAction":[{"@type":"SearchAction","target":{"@type":"EntryPoint","urlTemplate":"https:\/\/www.corocalicantus.org\/?s={search_term_string}"},"query-input":{"@type":"PropertyValueSpecification","valueRequired":true,"valueName":"search_term_string"}}],"inLanguage":"en-US"}]}},"_links":{"self":[{"href":"https:\/\/www.corocalicantus.org\/en\/wp-json\/wp\/v2\/pages\/3352","targetHints":{"allow":["GET"]}}],"collection":[{"href":"https:\/\/www.corocalicantus.org\/en\/wp-json\/wp\/v2\/pages"}],"about":[{"href":"https:\/\/www.corocalicantus.org\/en\/wp-json\/wp\/v2\/types\/page"}],"author":[{"embeddable":true,"href":"https:\/\/www.corocalicantus.org\/en\/wp-json\/wp\/v2\/users\/1"}],"replies":[{"embeddable":true,"href":"https:\/\/www.corocalicantus.org\/en\/wp-json\/wp\/v2\/comments?post=3352"}],"version-history":[{"count":8,"href":"https:\/\/www.corocalicantus.org\/en\/wp-json\/wp\/v2\/pages\/3352\/revisions"}],"predecessor-version":[{"id":3715,"href":"https:\/\/www.corocalicantus.org\/en\/wp-json\/wp\/v2\/pages\/3352\/revisions\/3715"}],"up":[{"embeddable":true,"href":"https:\/\/www.corocalicantus.org\/en\/wp-json\/wp\/v2\/pages\/3114"}],"wp:attachment":[{"href":"https:\/\/www.corocalicantus.org\/en\/wp-json\/wp\/v2\/media?parent=3352"}],"curies":[{"name":"wp","href":"https:\/\/api.w.org\/{rel}","templated":true}]}}